{"id":749,"date":"2018-09-06T15:24:56","date_gmt":"2018-09-06T13:24:56","guid":{"rendered":"http:\/\/www.valenciaclimb.com\/?post_type=product&#038;p=749"},"modified":"2026-02-19T17:35:06","modified_gmt":"2026-02-19T15:35:06","slug":"rappel-workshop","status":"publish","type":"product","link":"https:\/\/www.valenciaclimb.com\/es\/actividad\/taller-de-rapel\/","title":{"rendered":"Taller de rapel"},"content":{"rendered":"<p class=\"leader\">Considerada una de las maniobras con m\u00e1s accidentabilidad, <b>el rapel te permite descender por tus propios medios en diferentes situaciones<\/b> en monta\u00f1a. En este curso te\u00f3rico-pr\u00e1ctico aprender\u00e1s las t\u00e9cnicas m\u00e1s seguras de descenso por cuerda.<\/p>\n<p class=\"leader\">En la primera parte de la sesi\u00f3n aprender\u00e1s a <b>utilizar el material b\u00e1sico de rapel, a instalar un sistema seguro y redundante y la t\u00e9cnica correcta de descenso<\/b> con diferentes tipos de cuerdas y dispositivos de descenso. En la segunda parte har\u00e1s la transici\u00f3n a la vertical en una zona de escalada deportiva en el medio natural donde pondr\u00e1s en pr\u00e1ctica todo lo aprendido.<\/p>\n<span class=\"su-lightbox\" data-mfp-src=\"#123\" data-mfp-type=\"inline\" data-mobile=\"yes\"><a href=\"#\"><button><i class=\"fas fa-plus\"><\/i> Objetivos y contenidos del curso<\/button><\/a><\/span><div class=\"su-lightbox-content su-u-trim \" id=\"123\" style=\"display:none;width:auto;min-width:none;max-width:600px;margin-top:40px;margin-bottom:40px;padding:40px;background:#FFFFFF;color:#333333;box-shadow:0px 0px 15px #333333;text-align:left\">\n<h2>Objetivos<\/h2>\n<p>Despu\u00e9s del curso, los participantes ser\u00e1n capaces de:<\/p>\n<ol>\n<li>Practicar el r\u00e1pel de manera aut\u00f3noma y segura en todo momento.<\/li>\n<li>Conocer e identificar los diferentes de nudos de uni\u00f3n de cuerdas y sus caracter\u00edsticas.<\/li>\n<li>Conocer e identificar todo equipo necesario para el r\u00e1pel.<\/li>\n<li>Elegir y usar correctamente el material y las t\u00e9cnicas descenso en r\u00e1pel.<\/li>\n<li>Descender correctamente de una v\u00eda con las t\u00e9cnicas del r\u00e1pel.<\/li>\n<li>Identificar los peligros espec\u00edficos del r\u00e1pel.<\/li>\n<\/ol>\n<h2>Contenidos<\/h2>\n<ol>\n<li>Equipo para el r\u00e1pel<\/li>\n<li>Montaje del r\u00e1pel<\/li>\n<li>Nudos de uni\u00f3n de cuerdas<\/li>\n<li>T\u00e9cnicas de descenso<\/li>\n<li>R\u00e1pel colgado \/ guiado<\/li>\n<li>Recuperar la cuerda<\/li>\n<li>Empalmar r\u00e1peles<\/li>\n<li>Remontar por la cuerda<\/li>\n<li>Seguridad<\/li>\n<li>Peligros espec\u00edficos<\/li>\n<\/ol>\n<\/div>","protected":false},"excerpt":{"rendered":"<p>Aprende las maniobras necesarias para descender por cuerdas con seguridad.<\/p>\n","protected":false},"featured_media":612,"template":"","meta":{"_joinchat":[],"jetpack_publicize_message":"","jetpack_publicize_feature_enabled":true,"jetpack_social_post_already_shared":true,"jetpack_social_options":{"image_generator_settings":{"template":"highway","default_image_id":0,"font":"","enabled":false},"version":2}},"product_brand":[],"product_cat":[45,40,38,33,46,39],"product_tag":[50,52],"class_list":{"0":"post-749","1":"product","2":"type-product","3":"status-publish","4":"has-post-thumbnail","6":"product_cat-activities","7":"product_cat-canyoning","8":"product_cat-climbing","9":"product_cat-courses","10":"product_cat-sports","11":"product_cat-via-ferrata","12":"product_tag-beginner","13":"product_tag-intermediate","15":"first","16":"instock","17":"taxable","18":"shipping-taxable","19":"purchasable","20":"product-type-variable"},"yoast_head":"<!-- This site is optimized with the Yoast SEO plugin v27.3 - https:\/\/yoast.com\/product\/yoast-seo-wordpress\/ -->\n<title>Taller de rapel | Valencia Climb<\/title>\n<meta name=\"robots\" content=\"index, follow, max-snippet:-1, max-image-preview:large, max-video-preview:-1\" \/>\n<link rel=\"canonical\" href=\"https:\/\/www.valenciaclimb.com\/es\/activity\/rappel-workshop\/\" \/>\n<meta property=\"og:locale\" content=\"es_ES\" \/>\n<meta property=\"og:type\" content=\"article\" \/>\n<meta property=\"og:title\" content=\"Taller de rapel | Valencia Climb\" \/>\n<meta property=\"og:description\" content=\"Aprende las maniobras necesarias para descender por cuerdas con seguridad.\" \/>\n<meta property=\"og:url\" content=\"https:\/\/www.valenciaclimb.com\/es\/activity\/rappel-workshop\/\" \/>\n<meta property=\"og:site_name\" content=\"Valencia Climb\" \/>\n<meta property=\"article:publisher\" content=\"https:\/\/www.facebook.com\/ValenciaClimb\" \/>\n<meta property=\"article:modified_time\" content=\"2026-02-19T15:35:06+00:00\" \/>\n<meta property=\"og:image\" content=\"https:\/\/www.valenciaclimb.com\/wp-content\/uploads\/2018\/07\/PBB-20180218_7052.jpg\" \/>\n\t<meta property=\"og:image:width\" content=\"2100\" \/>\n\t<meta property=\"og:image:height\" content=\"1400\" \/>\n\t<meta property=\"og:image:type\" content=\"image\/jpeg\" \/>\n<meta name=\"twitter:card\" content=\"summary_large_image\" \/>\n<meta name=\"twitter:site\" content=\"@ValenciaClimb\" \/>\n<meta name=\"twitter:label1\" content=\"Tiempo de lectura\" \/>\n\t<meta name=\"twitter:data1\" content=\"2 minutos\" \/>\n<script type=\"application\/ld+json\" class=\"yoast-schema-graph\">{\"@context\":\"https:\\\/\\\/schema.org\",\"@graph\":[{\"@type\":\"WebPage\",\"@id\":\"https:\\\/\\\/www.valenciaclimb.com\\\/es\\\/activity\\\/rappel-workshop\\\/\",\"url\":\"https:\\\/\\\/www.valenciaclimb.com\\\/es\\\/activity\\\/rappel-workshop\\\/\",\"name\":\"Taller de rapel | Valencia Climb\",\"isPartOf\":{\"@id\":\"https:\\\/\\\/www.valenciaclimb.com\\\/es\\\/#website\"},\"primaryImageOfPage\":{\"@id\":\"https:\\\/\\\/www.valenciaclimb.com\\\/es\\\/activity\\\/rappel-workshop\\\/#primaryimage\"},\"image\":{\"@id\":\"https:\\\/\\\/www.valenciaclimb.com\\\/activity\\\/rappel-workshop\\\/#primaryimage\"},\"thumbnailUrl\":\"https:\\\/\\\/i0.wp.com\\\/www.valenciaclimb.com\\\/wp-content\\\/uploads\\\/2018\\\/07\\\/PBB-20180218_7052.jpg?fit=2100%2C1400&ssl=1\",\"datePublished\":\"2018-09-06T13:24:56+00:00\",\"dateModified\":\"2026-02-19T15:35:06+00:00\",\"breadcrumb\":{\"@id\":\"https:\\\/\\\/www.valenciaclimb.com\\\/es\\\/activity\\\/rappel-workshop\\\/#breadcrumb\"},\"inLanguage\":\"es\",\"potentialAction\":[{\"@type\":\"ReadAction\",\"target\":[[\"https:\\\/\\\/www.valenciaclimb.com\\\/es\\\/activity\\\/rappel-workshop\\\/\"]]}]},{\"@type\":\"ImageObject\",\"inLanguage\":\"es\",\"@id\":\"https:\\\/\\\/www.valenciaclimb.com\\\/es\\\/activity\\\/rappel-workshop\\\/#primaryimage\",\"url\":\"https:\\\/\\\/i0.wp.com\\\/www.valenciaclimb.com\\\/wp-content\\\/uploads\\\/2018\\\/07\\\/PBB-20180218_7052.jpg?fit=2100%2C1400&ssl=1\",\"contentUrl\":\"https:\\\/\\\/i0.wp.com\\\/www.valenciaclimb.com\\\/wp-content\\\/uploads\\\/2018\\\/07\\\/PBB-20180218_7052.jpg?fit=2100%2C1400&ssl=1\",\"width\":2100,\"height\":1400,\"caption\":\"[:en]Abseiling in Chulilla.[:es]Rapelando en Chulilla.[:]\"},{\"@type\":\"BreadcrumbList\",\"@id\":\"https:\\\/\\\/www.valenciaclimb.com\\\/es\\\/activity\\\/rappel-workshop\\\/#breadcrumb\",\"itemListElement\":[{\"@type\":\"ListItem\",\"position\":1,\"name\":\"Home\",\"item\":\"https:\\\/\\\/www.valenciaclimb.com\\\/es\\\/\"},{\"@type\":\"ListItem\",\"position\":2,\"name\":\"Shop\",\"item\":\"https:\\\/\\\/www.valenciaclimb.com\\\/es\\\/shop\\\/\"},{\"@type\":\"ListItem\",\"position\":3,\"name\":\"Rappel workshop\"}]},{\"@type\":\"WebSite\",\"@id\":\"https:\\\/\\\/www.valenciaclimb.com\\\/es\\\/#website\",\"url\":\"https:\\\/\\\/www.valenciaclimb.com\\\/es\\\/\",\"name\":\"Valencia Climb\",\"description\":\"[:en]Rock climbing guides in Valencia, Spain[:es]Gu\u00edas de escalada en roca en Valencia, Espa\u00f1a[:]\",\"publisher\":{\"@id\":\"https:\\\/\\\/www.valenciaclimb.com\\\/es\\\/#organization\"},\"potentialAction\":[{\"@type\":\"SearchAction\",\"target\":{\"@type\":\"EntryPoint\",\"urlTemplate\":\"https:\\\/\\\/www.valenciaclimb.com\\\/es\\\/?s={search_term_string}\"},\"query-input\":{\"@type\":\"PropertyValueSpecification\",\"valueRequired\":true,\"valueName\":\"search_term_string\"}}],\"inLanguage\":\"es\"},{\"@type\":\"Organization\",\"@id\":\"https:\\\/\\\/www.valenciaclimb.com\\\/es\\\/#organization\",\"name\":\"Valencia Climb\",\"url\":\"https:\\\/\\\/www.valenciaclimb.com\\\/es\\\/\",\"logo\":{\"@type\":\"ImageObject\",\"inLanguage\":\"es\",\"@id\":\"https:\\\/\\\/www.valenciaclimb.com\\\/es\\\/#\\\/schema\\\/logo\\\/image\\\/\",\"url\":\"https:\\\/\\\/i0.wp.com\\\/www.valenciaclimb.com\\\/wp-content\\\/uploads\\\/2024\\\/09\\\/Captura-de-pantalla-2024-09-13-a-las-21.34.24.png?fit=674%2C696&ssl=1\",\"contentUrl\":\"https:\\\/\\\/i0.wp.com\\\/www.valenciaclimb.com\\\/wp-content\\\/uploads\\\/2024\\\/09\\\/Captura-de-pantalla-2024-09-13-a-las-21.34.24.png?fit=674%2C696&ssl=1\",\"width\":674,\"height\":696,\"caption\":\"Valencia Climb\"},\"image\":{\"@id\":\"https:\\\/\\\/www.valenciaclimb.com\\\/es\\\/#\\\/schema\\\/logo\\\/image\\\/\"},\"sameAs\":[\"https:\\\/\\\/www.facebook.com\\\/ValenciaClimb\",\"https:\\\/\\\/x.com\\\/ValenciaClimb\",\"https:\\\/\\\/www.instagram.com\\\/valenciaclimb\\\/\",\"https:\\\/\\\/www.youtube.com\\\/channel\\\/UCHSV6B-lmlpmv4RhMJ7Zv1w\"]}]}<\/script>\n<!-- \/ Yoast SEO plugin. -->","yoast_head_json":{"title":"Taller de rapel | Valencia Climb","robots":{"index":"index","follow":"follow","max-snippet":"max-snippet:-1","max-image-preview":"max-image-preview:large","max-video-preview":"max-video-preview:-1"},"canonical":"https:\/\/www.valenciaclimb.com\/es\/activity\/rappel-workshop\/","og_locale":"es_ES","og_type":"article","og_title":"Taller de rapel | Valencia Climb","og_description":"Aprende las maniobras necesarias para descender por cuerdas con seguridad.","og_url":"https:\/\/www.valenciaclimb.com\/es\/activity\/rappel-workshop\/","og_site_name":"Valencia Climb","article_publisher":"https:\/\/www.facebook.com\/ValenciaClimb","article_modified_time":"2026-02-19T15:35:06+00:00","og_image":[{"width":2100,"height":1400,"url":"https:\/\/www.valenciaclimb.com\/wp-content\/uploads\/2018\/07\/PBB-20180218_7052.jpg","type":"image\/jpeg"}],"twitter_card":"summary_large_image","twitter_site":"@ValenciaClimb","twitter_misc":{"Tiempo de lectura":"2 minutos"},"schema":{"@context":"https:\/\/schema.org","@graph":[{"@type":"WebPage","@id":"https:\/\/www.valenciaclimb.com\/es\/activity\/rappel-workshop\/","url":"https:\/\/www.valenciaclimb.com\/es\/activity\/rappel-workshop\/","name":"Taller de rapel | Valencia Climb","isPartOf":{"@id":"https:\/\/www.valenciaclimb.com\/es\/#website"},"primaryImageOfPage":{"@id":"https:\/\/www.valenciaclimb.com\/es\/activity\/rappel-workshop\/#primaryimage"},"image":{"@id":"https:\/\/www.valenciaclimb.com\/activity\/rappel-workshop\/#primaryimage"},"thumbnailUrl":"https:\/\/i0.wp.com\/www.valenciaclimb.com\/wp-content\/uploads\/2018\/07\/PBB-20180218_7052.jpg?fit=2100%2C1400&ssl=1","datePublished":"2018-09-06T13:24:56+00:00","dateModified":"2026-02-19T15:35:06+00:00","breadcrumb":{"@id":"https:\/\/www.valenciaclimb.com\/es\/activity\/rappel-workshop\/#breadcrumb"},"inLanguage":"es","potentialAction":[{"@type":"ReadAction","target":[["https:\/\/www.valenciaclimb.com\/es\/activity\/rappel-workshop\/"]]}]},{"@type":"ImageObject","inLanguage":"es","@id":"https:\/\/www.valenciaclimb.com\/es\/activity\/rappel-workshop\/#primaryimage","url":"https:\/\/i0.wp.com\/www.valenciaclimb.com\/wp-content\/uploads\/2018\/07\/PBB-20180218_7052.jpg?fit=2100%2C1400&ssl=1","contentUrl":"https:\/\/i0.wp.com\/www.valenciaclimb.com\/wp-content\/uploads\/2018\/07\/PBB-20180218_7052.jpg?fit=2100%2C1400&ssl=1","width":2100,"height":1400,"caption":"[:en]Abseiling in Chulilla.[:es]Rapelando en Chulilla.[:]"},{"@type":"BreadcrumbList","@id":"https:\/\/www.valenciaclimb.com\/es\/activity\/rappel-workshop\/#breadcrumb","itemListElement":[{"@type":"ListItem","position":1,"name":"Home","item":"https:\/\/www.valenciaclimb.com\/es\/"},{"@type":"ListItem","position":2,"name":"Shop","item":"https:\/\/www.valenciaclimb.com\/es\/shop\/"},{"@type":"ListItem","position":3,"name":"Rappel workshop"}]},{"@type":"WebSite","@id":"https:\/\/www.valenciaclimb.com\/es\/#website","url":"https:\/\/www.valenciaclimb.com\/es\/","name":"Valencia Climb","description":"[:en]Rock climbing guides in Valencia, Spain[:es]Gu\u00edas de escalada en roca en Valencia, Espa\u00f1a[:]","publisher":{"@id":"https:\/\/www.valenciaclimb.com\/es\/#organization"},"potentialAction":[{"@type":"SearchAction","target":{"@type":"EntryPoint","urlTemplate":"https:\/\/www.valenciaclimb.com\/es\/?s={search_term_string}"},"query-input":{"@type":"PropertyValueSpecification","valueRequired":true,"valueName":"search_term_string"}}],"inLanguage":"es"},{"@type":"Organization","@id":"https:\/\/www.valenciaclimb.com\/es\/#organization","name":"Valencia Climb","url":"https:\/\/www.valenciaclimb.com\/es\/","logo":{"@type":"ImageObject","inLanguage":"es","@id":"https:\/\/www.valenciaclimb.com\/es\/#\/schema\/logo\/image\/","url":"https:\/\/i0.wp.com\/www.valenciaclimb.com\/wp-content\/uploads\/2024\/09\/Captura-de-pantalla-2024-09-13-a-las-21.34.24.png?fit=674%2C696&ssl=1","contentUrl":"https:\/\/i0.wp.com\/www.valenciaclimb.com\/wp-content\/uploads\/2024\/09\/Captura-de-pantalla-2024-09-13-a-las-21.34.24.png?fit=674%2C696&ssl=1","width":674,"height":696,"caption":"Valencia Climb"},"image":{"@id":"https:\/\/www.valenciaclimb.com\/es\/#\/schema\/logo\/image\/"},"sameAs":["https:\/\/www.facebook.com\/ValenciaClimb","https:\/\/x.com\/ValenciaClimb","https:\/\/www.instagram.com\/valenciaclimb\/","https:\/\/www.youtube.com\/channel\/UCHSV6B-lmlpmv4RhMJ7Zv1w"]}]}},"jetpack_publicize_connections":[],"jetpack_sharing_enabled":true,"_links":{"self":[{"href":"https:\/\/www.valenciaclimb.com\/es\/wp-json\/wp\/v2\/product\/749","targetHints":{"allow":["GET"]}}],"collection":[{"href":"https:\/\/www.valenciaclimb.com\/es\/wp-json\/wp\/v2\/product"}],"about":[{"href":"https:\/\/www.valenciaclimb.com\/es\/wp-json\/wp\/v2\/types\/product"}],"wp:featuredmedia":[{"embeddable":true,"href":"https:\/\/www.valenciaclimb.com\/es\/wp-json\/wp\/v2\/media\/612"}],"wp:attachment":[{"href":"https:\/\/www.valenciaclimb.com\/es\/wp-json\/wp\/v2\/media?parent=749"}],"wp:term":[{"taxonomy":"product_brand","embeddable":true,"href":"https:\/\/www.valenciaclimb.com\/es\/wp-json\/wp\/v2\/product_brand?post=749"},{"taxonomy":"product_cat","embeddable":true,"href":"https:\/\/www.valenciaclimb.com\/es\/wp-json\/wp\/v2\/product_cat?post=749"},{"taxonomy":"product_tag","embeddable":true,"href":"https:\/\/www.valenciaclimb.com\/es\/wp-json\/wp\/v2\/product_tag?post=749"}],"curies":[{"name":"wp","href":"https:\/\/api.w.org\/{rel}","templated":true}]}}