{"id":568,"date":"2018-07-17T00:58:19","date_gmt":"2018-07-16T22:58:19","guid":{"rendered":"http:\/\/valenciaclimb.com\/?post_type=product&#038;p=568"},"modified":"2026-03-02T17:11:06","modified_gmt":"2026-03-02T15:11:06","slug":"multi-pitch-climbing-course","status":"publish","type":"product","link":"https:\/\/www.valenciaclimb.com\/es\/actividad\/curso-de-escalada-de-varios-largos\/","title":{"rendered":"Curso de escalada de varios largos"},"content":{"rendered":"<p class=\"leader\">Aprende las t\u00e9cnicas necesarias para <b>escalar v\u00edas de varios largos de manera aut\u00f3noma y segura<\/b>. En este curso te\u00f3rico-pr\u00e1ctico de dos d\u00edas de formaci\u00f3n aprender\u00e1s las t\u00e9cnicas de progresi\u00f3n y aseguramiento propias de la escalada de varios largos.<\/p>\n<p class=\"leader\">En la primera sesi\u00f3n aprender\u00e1s a <b>utilizar el material espec\u00edfico, a montar reuniones, asegurar correctamente y progresar por v\u00edas de varios largos<\/b>. En la segunda sesi\u00f3n har\u00e1s la transici\u00f3n a la roca en una zona de escalada en el medio natural donde pondr\u00e1s en pr\u00e1ctica todo lo aprendido el primer d\u00eda de manera supervisada.<\/p>\n<p class=\"leader\">Para participar en este curso es un requisito haber realzado previamente un <a href=\"https:\/\/www.valenciaclimb.com\/es\/actividad\/curso-de-escalada-de-primero\/\">curso de escalada de primero<\/a>, o ser totalmente aut\u00f3nomo en la escalada deportiva: <b>conocer a fondo el material y disponer de una adecuada t\u00e9cnica de progresi\u00f3n y de aseguramiento<\/b>.<\/p>\n<span class=\"su-lightbox\" data-mfp-src=\"#123\" data-mfp-type=\"inline\" data-mobile=\"yes\"><a href=\"#\"><button><i class=\"fas fa-plus\"><\/i> Objetivos y contenidos del curso<\/button><\/a><\/span><div class=\"su-lightbox-content su-u-trim \" id=\"123\" style=\"display:none;width:auto;min-width:none;max-width:600px;margin-top:40px;margin-bottom:40px;padding:40px;background:#FFFFFF;color:#333333;box-shadow:0px 0px 15px #333333;text-align:left\">\n<h2>Objetivos<\/h2>\n<p>Despu\u00e9s del curso, los participantes ser\u00e1n capaces de:<\/p>\n<ol>\n<li>Planificar una actividad de escalada de v\u00eda de varios largos correctamente.<\/li>\n<li>Leer una rese\u00f1a e identificar los puntos cr\u00edticos correctamente.<\/li>\n<li>Conocer e identificar todo equipo necesario para la escalada de v\u00edas de varios largos.<\/li>\n<li>Montar una reuni\u00f3n equipada y asegurar desde la reuni\u00f3n correctamente<\/li>\n<li>Elegir y usar correctamente todo material y las t\u00e9cnicas de seguridad de la escalada de v\u00edas de varios largos.<\/li>\n<li>Identificar los peligros espec\u00edficos de la escalada de v\u00edas de varios largos.<\/li>\n<\/ol>\n<h2>Contenido<\/h2>\n<ol>\n<li>Planificaci\u00f3n y log\u00edstica<\/li>\n<li>Material para la escalada de v\u00edas de varios largos<\/li>\n<li>Montaje de reuniones<\/li>\n<li>Protocolo de comunicaci\u00f3n<\/li>\n<li>Ca\u00eddas y abandonos<\/li>\n<li>T\u00e9cnicas b\u00e1sicas de autorescate<\/li>\n<li>Seguridad<\/li>\n<li>Peligros espec\u00edficos<\/li>\n<\/ol>\n<\/div>","protected":false},"excerpt":{"rendered":"<p>Aprende las t\u00e9cnicas necesarias para iniciarte en la aventura de las v\u00edas de varios largos.<\/p>\n","protected":false},"featured_media":70815,"template":"","meta":{"_joinchat":[],"jetpack_publicize_message":"","jetpack_publicize_feature_enabled":true,"jetpack_social_post_already_shared":true,"jetpack_social_options":{"image_generator_settings":{"template":"highway","default_image_id":0,"font":"","enabled":false},"version":2}},"product_brand":[],"product_cat":[45,38,33,46],"product_tag":[52],"class_list":{"0":"post-568","1":"product","2":"type-product","3":"status-publish","4":"has-post-thumbnail","6":"product_cat-activities","7":"product_cat-climbing","8":"product_cat-courses","9":"product_cat-sports","10":"product_tag-intermediate","12":"first","13":"instock","14":"taxable","15":"shipping-taxable","16":"purchasable","17":"product-type-variable"},"yoast_head":"<!-- This site is optimized with the Yoast SEO plugin v27.3 - https:\/\/yoast.com\/product\/yoast-seo-wordpress\/ -->\n<title>Curso de escalada de varios largos | Valencia Climb<\/title>\n<meta name=\"robots\" content=\"index, follow, max-snippet:-1, max-image-preview:large, max-video-preview:-1\" \/>\n<link rel=\"canonical\" href=\"https:\/\/www.valenciaclimb.com\/es\/activity\/multi-pitch-climbing-course\/\" \/>\n<meta property=\"og:locale\" content=\"es_ES\" \/>\n<meta property=\"og:type\" content=\"article\" \/>\n<meta property=\"og:title\" content=\"Curso de escalada de varios largos | Valencia Climb\" \/>\n<meta property=\"og:description\" content=\"Aprende las t\u00e9cnicas necesarias para iniciarte en la aventura de las v\u00edas de varios largos.\" \/>\n<meta property=\"og:url\" content=\"https:\/\/www.valenciaclimb.com\/es\/activity\/multi-pitch-climbing-course\/\" \/>\n<meta property=\"og:site_name\" content=\"Valencia Climb\" \/>\n<meta property=\"article:publisher\" content=\"https:\/\/www.facebook.com\/ValenciaClimb\" \/>\n<meta property=\"article:modified_time\" content=\"2026-03-02T15:11:06+00:00\" \/>\n<meta property=\"og:image\" content=\"https:\/\/www.valenciaclimb.com\/wp-content\/uploads\/2025\/06\/20241201_112446-1-scaled.jpg\" \/>\n\t<meta property=\"og:image:width\" content=\"1920\" \/>\n\t<meta property=\"og:image:height\" content=\"2560\" \/>\n\t<meta property=\"og:image:type\" content=\"image\/jpeg\" \/>\n<meta name=\"twitter:card\" content=\"summary_large_image\" \/>\n<meta name=\"twitter:site\" content=\"@ValenciaClimb\" \/>\n<meta name=\"twitter:label1\" content=\"Tiempo de lectura\" \/>\n\t<meta name=\"twitter:data1\" content=\"2 minutos\" \/>\n<script type=\"application\/ld+json\" class=\"yoast-schema-graph\">{\"@context\":\"https:\\\/\\\/schema.org\",\"@graph\":[{\"@type\":\"WebPage\",\"@id\":\"https:\\\/\\\/www.valenciaclimb.com\\\/es\\\/activity\\\/multi-pitch-climbing-course\\\/\",\"url\":\"https:\\\/\\\/www.valenciaclimb.com\\\/es\\\/activity\\\/multi-pitch-climbing-course\\\/\",\"name\":\"Curso de escalada de varios largos | Valencia Climb\",\"isPartOf\":{\"@id\":\"https:\\\/\\\/www.valenciaclimb.com\\\/es\\\/#website\"},\"primaryImageOfPage\":{\"@id\":\"https:\\\/\\\/www.valenciaclimb.com\\\/es\\\/activity\\\/multi-pitch-climbing-course\\\/#primaryimage\"},\"image\":{\"@id\":\"https:\\\/\\\/www.valenciaclimb.com\\\/activity\\\/multi-pitch-climbing-course\\\/#primaryimage\"},\"thumbnailUrl\":\"https:\\\/\\\/i0.wp.com\\\/www.valenciaclimb.com\\\/wp-content\\\/uploads\\\/2025\\\/06\\\/20241201_112446-1-scaled.jpg?fit=1920%2C2560&ssl=1\",\"datePublished\":\"2018-07-16T22:58:19+00:00\",\"dateModified\":\"2026-03-02T15:11:06+00:00\",\"breadcrumb\":{\"@id\":\"https:\\\/\\\/www.valenciaclimb.com\\\/es\\\/activity\\\/multi-pitch-climbing-course\\\/#breadcrumb\"},\"inLanguage\":\"es\",\"potentialAction\":[{\"@type\":\"ReadAction\",\"target\":[[\"https:\\\/\\\/www.valenciaclimb.com\\\/es\\\/activity\\\/multi-pitch-climbing-course\\\/\"]]}]},{\"@type\":\"ImageObject\",\"inLanguage\":\"es\",\"@id\":\"https:\\\/\\\/www.valenciaclimb.com\\\/es\\\/activity\\\/multi-pitch-climbing-course\\\/#primaryimage\",\"url\":\"https:\\\/\\\/i0.wp.com\\\/www.valenciaclimb.com\\\/wp-content\\\/uploads\\\/2025\\\/06\\\/20241201_112446-1-scaled.jpg?fit=1920%2C2560&ssl=1\",\"contentUrl\":\"https:\\\/\\\/i0.wp.com\\\/www.valenciaclimb.com\\\/wp-content\\\/uploads\\\/2025\\\/06\\\/20241201_112446-1-scaled.jpg?fit=1920%2C2560&ssl=1\",\"width\":1920,\"height\":2560,\"caption\":\"[:en][:es]Eli y Cristina haciendo cordada en el Barranco de la Maimona, en Montanejos (Castell\u00f3n), durante la primera edici\u00f3n del PTE[:]\"},{\"@type\":\"BreadcrumbList\",\"@id\":\"https:\\\/\\\/www.valenciaclimb.com\\\/es\\\/activity\\\/multi-pitch-climbing-course\\\/#breadcrumb\",\"itemListElement\":[{\"@type\":\"ListItem\",\"position\":1,\"name\":\"Home\",\"item\":\"https:\\\/\\\/www.valenciaclimb.com\\\/es\\\/\"},{\"@type\":\"ListItem\",\"position\":2,\"name\":\"Shop\",\"item\":\"https:\\\/\\\/www.valenciaclimb.com\\\/es\\\/shop\\\/\"},{\"@type\":\"ListItem\",\"position\":3,\"name\":\"Multi-pitch climbing course\"}]},{\"@type\":\"WebSite\",\"@id\":\"https:\\\/\\\/www.valenciaclimb.com\\\/es\\\/#website\",\"url\":\"https:\\\/\\\/www.valenciaclimb.com\\\/es\\\/\",\"name\":\"Valencia Climb\",\"description\":\"[:en]Rock climbing guides in Valencia, Spain[:es]Gu\u00edas de escalada en roca en Valencia, Espa\u00f1a[:]\",\"publisher\":{\"@id\":\"https:\\\/\\\/www.valenciaclimb.com\\\/es\\\/#organization\"},\"potentialAction\":[{\"@type\":\"SearchAction\",\"target\":{\"@type\":\"EntryPoint\",\"urlTemplate\":\"https:\\\/\\\/www.valenciaclimb.com\\\/es\\\/?s={search_term_string}\"},\"query-input\":{\"@type\":\"PropertyValueSpecification\",\"valueRequired\":true,\"valueName\":\"search_term_string\"}}],\"inLanguage\":\"es\"},{\"@type\":\"Organization\",\"@id\":\"https:\\\/\\\/www.valenciaclimb.com\\\/es\\\/#organization\",\"name\":\"Valencia Climb\",\"url\":\"https:\\\/\\\/www.valenciaclimb.com\\\/es\\\/\",\"logo\":{\"@type\":\"ImageObject\",\"inLanguage\":\"es\",\"@id\":\"https:\\\/\\\/www.valenciaclimb.com\\\/es\\\/#\\\/schema\\\/logo\\\/image\\\/\",\"url\":\"https:\\\/\\\/i0.wp.com\\\/www.valenciaclimb.com\\\/wp-content\\\/uploads\\\/2024\\\/09\\\/Captura-de-pantalla-2024-09-13-a-las-21.34.24.png?fit=674%2C696&ssl=1\",\"contentUrl\":\"https:\\\/\\\/i0.wp.com\\\/www.valenciaclimb.com\\\/wp-content\\\/uploads\\\/2024\\\/09\\\/Captura-de-pantalla-2024-09-13-a-las-21.34.24.png?fit=674%2C696&ssl=1\",\"width\":674,\"height\":696,\"caption\":\"Valencia Climb\"},\"image\":{\"@id\":\"https:\\\/\\\/www.valenciaclimb.com\\\/es\\\/#\\\/schema\\\/logo\\\/image\\\/\"},\"sameAs\":[\"https:\\\/\\\/www.facebook.com\\\/ValenciaClimb\",\"https:\\\/\\\/x.com\\\/ValenciaClimb\",\"https:\\\/\\\/www.instagram.com\\\/valenciaclimb\\\/\",\"https:\\\/\\\/www.youtube.com\\\/channel\\\/UCHSV6B-lmlpmv4RhMJ7Zv1w\"]}]}<\/script>\n<!-- \/ Yoast SEO plugin. -->","yoast_head_json":{"title":"Curso de escalada de varios largos | Valencia Climb","robots":{"index":"index","follow":"follow","max-snippet":"max-snippet:-1","max-image-preview":"max-image-preview:large","max-video-preview":"max-video-preview:-1"},"canonical":"https:\/\/www.valenciaclimb.com\/es\/activity\/multi-pitch-climbing-course\/","og_locale":"es_ES","og_type":"article","og_title":"Curso de escalada de varios largos | Valencia Climb","og_description":"Aprende las t\u00e9cnicas necesarias para iniciarte en la aventura de las v\u00edas de varios largos.","og_url":"https:\/\/www.valenciaclimb.com\/es\/activity\/multi-pitch-climbing-course\/","og_site_name":"Valencia Climb","article_publisher":"https:\/\/www.facebook.com\/ValenciaClimb","article_modified_time":"2026-03-02T15:11:06+00:00","og_image":[{"width":1920,"height":2560,"url":"https:\/\/www.valenciaclimb.com\/wp-content\/uploads\/2025\/06\/20241201_112446-1-scaled.jpg","type":"image\/jpeg"}],"twitter_card":"summary_large_image","twitter_site":"@ValenciaClimb","twitter_misc":{"Tiempo de lectura":"2 minutos"},"schema":{"@context":"https:\/\/schema.org","@graph":[{"@type":"WebPage","@id":"https:\/\/www.valenciaclimb.com\/es\/activity\/multi-pitch-climbing-course\/","url":"https:\/\/www.valenciaclimb.com\/es\/activity\/multi-pitch-climbing-course\/","name":"Curso de escalada de varios largos | Valencia Climb","isPartOf":{"@id":"https:\/\/www.valenciaclimb.com\/es\/#website"},"primaryImageOfPage":{"@id":"https:\/\/www.valenciaclimb.com\/es\/activity\/multi-pitch-climbing-course\/#primaryimage"},"image":{"@id":"https:\/\/www.valenciaclimb.com\/activity\/multi-pitch-climbing-course\/#primaryimage"},"thumbnailUrl":"https:\/\/i0.wp.com\/www.valenciaclimb.com\/wp-content\/uploads\/2025\/06\/20241201_112446-1-scaled.jpg?fit=1920%2C2560&ssl=1","datePublished":"2018-07-16T22:58:19+00:00","dateModified":"2026-03-02T15:11:06+00:00","breadcrumb":{"@id":"https:\/\/www.valenciaclimb.com\/es\/activity\/multi-pitch-climbing-course\/#breadcrumb"},"inLanguage":"es","potentialAction":[{"@type":"ReadAction","target":[["https:\/\/www.valenciaclimb.com\/es\/activity\/multi-pitch-climbing-course\/"]]}]},{"@type":"ImageObject","inLanguage":"es","@id":"https:\/\/www.valenciaclimb.com\/es\/activity\/multi-pitch-climbing-course\/#primaryimage","url":"https:\/\/i0.wp.com\/www.valenciaclimb.com\/wp-content\/uploads\/2025\/06\/20241201_112446-1-scaled.jpg?fit=1920%2C2560&ssl=1","contentUrl":"https:\/\/i0.wp.com\/www.valenciaclimb.com\/wp-content\/uploads\/2025\/06\/20241201_112446-1-scaled.jpg?fit=1920%2C2560&ssl=1","width":1920,"height":2560,"caption":"[:en][:es]Eli y Cristina haciendo cordada en el Barranco de la Maimona, en Montanejos (Castell\u00f3n), durante la primera edici\u00f3n del PTE[:]"},{"@type":"BreadcrumbList","@id":"https:\/\/www.valenciaclimb.com\/es\/activity\/multi-pitch-climbing-course\/#breadcrumb","itemListElement":[{"@type":"ListItem","position":1,"name":"Home","item":"https:\/\/www.valenciaclimb.com\/es\/"},{"@type":"ListItem","position":2,"name":"Shop","item":"https:\/\/www.valenciaclimb.com\/es\/shop\/"},{"@type":"ListItem","position":3,"name":"Multi-pitch climbing course"}]},{"@type":"WebSite","@id":"https:\/\/www.valenciaclimb.com\/es\/#website","url":"https:\/\/www.valenciaclimb.com\/es\/","name":"Valencia Climb","description":"[:en]Rock climbing guides in Valencia, Spain[:es]Gu\u00edas de escalada en roca en Valencia, Espa\u00f1a[:]","publisher":{"@id":"https:\/\/www.valenciaclimb.com\/es\/#organization"},"potentialAction":[{"@type":"SearchAction","target":{"@type":"EntryPoint","urlTemplate":"https:\/\/www.valenciaclimb.com\/es\/?s={search_term_string}"},"query-input":{"@type":"PropertyValueSpecification","valueRequired":true,"valueName":"search_term_string"}}],"inLanguage":"es"},{"@type":"Organization","@id":"https:\/\/www.valenciaclimb.com\/es\/#organization","name":"Valencia Climb","url":"https:\/\/www.valenciaclimb.com\/es\/","logo":{"@type":"ImageObject","inLanguage":"es","@id":"https:\/\/www.valenciaclimb.com\/es\/#\/schema\/logo\/image\/","url":"https:\/\/i0.wp.com\/www.valenciaclimb.com\/wp-content\/uploads\/2024\/09\/Captura-de-pantalla-2024-09-13-a-las-21.34.24.png?fit=674%2C696&ssl=1","contentUrl":"https:\/\/i0.wp.com\/www.valenciaclimb.com\/wp-content\/uploads\/2024\/09\/Captura-de-pantalla-2024-09-13-a-las-21.34.24.png?fit=674%2C696&ssl=1","width":674,"height":696,"caption":"Valencia Climb"},"image":{"@id":"https:\/\/www.valenciaclimb.com\/es\/#\/schema\/logo\/image\/"},"sameAs":["https:\/\/www.facebook.com\/ValenciaClimb","https:\/\/x.com\/ValenciaClimb","https:\/\/www.instagram.com\/valenciaclimb\/","https:\/\/www.youtube.com\/channel\/UCHSV6B-lmlpmv4RhMJ7Zv1w"]}]}},"jetpack_publicize_connections":[],"jetpack_sharing_enabled":true,"_links":{"self":[{"href":"https:\/\/www.valenciaclimb.com\/es\/wp-json\/wp\/v2\/product\/568","targetHints":{"allow":["GET"]}}],"collection":[{"href":"https:\/\/www.valenciaclimb.com\/es\/wp-json\/wp\/v2\/product"}],"about":[{"href":"https:\/\/www.valenciaclimb.com\/es\/wp-json\/wp\/v2\/types\/product"}],"wp:featuredmedia":[{"embeddable":true,"href":"https:\/\/www.valenciaclimb.com\/es\/wp-json\/wp\/v2\/media\/70815"}],"wp:attachment":[{"href":"https:\/\/www.valenciaclimb.com\/es\/wp-json\/wp\/v2\/media?parent=568"}],"wp:term":[{"taxonomy":"product_brand","embeddable":true,"href":"https:\/\/www.valenciaclimb.com\/es\/wp-json\/wp\/v2\/product_brand?post=568"},{"taxonomy":"product_cat","embeddable":true,"href":"https:\/\/www.valenciaclimb.com\/es\/wp-json\/wp\/v2\/product_cat?post=568"},{"taxonomy":"product_tag","embeddable":true,"href":"https:\/\/www.valenciaclimb.com\/es\/wp-json\/wp\/v2\/product_tag?post=568"}],"curies":[{"name":"wp","href":"https:\/\/api.w.org\/{rel}","templated":true}]}}