{"id":18773,"date":"2023-02-02T22:39:13","date_gmt":"2023-02-02T20:39:13","guid":{"rendered":"https:\/\/www.valenciaclimb.com\/?post_type=product&#038;p=18773"},"modified":"2026-02-10T11:46:24","modified_gmt":"2026-02-10T09:46:24","slug":"costa-blanca-sea-cliffs","status":"publish","type":"product","link":"https:\/\/www.valenciaclimb.com\/es\/actividad\/acantilados-de-la-costa-blanca\/","title":{"rendered":"Acantilados de la Costa Blanca"},"content":{"rendered":"<p class=\"leader\">Los acantilados de la Costa Blanca ofrecen m\u00faltiples v\u00edas de escalada de varios largos de gran calidad con un ambiente \u00fanico y unas preciosas vistas sobre el mar. Realiza una v\u00eda de varios largos con seguridad, de la mano de un gu\u00eda profesional con amplia experiencia. Consigue subir a esa monta\u00f1a que siempre has so\u00f1ado acompa\u00f1ado de un experto.<\/p>\n<p class=\"leader\">La escalada en roca es una forma asombrosa y estimulante de conectar con la naturaleza: caminar por el bosque, respirar aire fresco, tocar las rocas y divertirse con un gu\u00eda local.<\/p>\n<p class=\"leader\">Esta es una buena actividad para un individuo o una pareja. El tama\u00f1o del grupo est\u00e1 limitado a 2 personas por gu\u00eda, por lo que puedes esperar un mont\u00f3n de instrucci\u00f3n personalizada.<\/p>\n<span class=\"su-lightbox\" data-mfp-src=\"#Listofroutes\" data-mfp-type=\"inline\" data-mobile=\"yes\"><a href=\"#\"><button><i class=\"fas fa-list\"><\/i> Listado de v\u00edas<\/button><\/a><\/span>\n<div class=\"su-lightbox-content su-u-trim \" id=\"Listofroutes\" style=\"display:none;width:auto;min-width:none;max-width:600px;margin-top:40px;margin-bottom:40px;padding:40px;background:#FFFFFF;color:#333333;box-shadow:0px 0px 15px #333333;text-align:center\"><h4><b>Acantilados de la Costa Blanca<\/b><\/h4>\n<table width=\"100%\" align=\"center\">\n  <thead>\n    <tr>\n      <th>Zona<\/th>\n      <th>V\u00eda<\/th>\n      <th>Longitud<\/th>\n      <th>Dificultad<\/th>\n    <\/tr>\n  <\/thead>\n  <tbody>\n    <tr>\n      <td>Morro Falqu\u00ed (Benitaxell)<\/td>\n      <td>Sonjannika<\/td>\n      <td>170m<\/td>\n      <td>6a+<\/td>\n    <\/tr>\n    <tr>\n      <td rowspan=\"3\">Sierra de Toix (Calpe)<\/td>\n      <td>Cilber<\/td>\n      <td>175m<\/td>\n      <td>V+<\/td>\n    <\/tr>\n    <tr>\n      <td>Magical Mystery Tour<\/td>\n      <td>175m<\/td>\n      <td>V+<\/td>\n    <\/tr>\n    <tr>\n      <td>Parle<\/td>\n      <td>60m<\/td>\n      <td>6a+<\/td>\n    <\/tr>\n    <tr>\n      <td>Rac\u00f3 del Corb (Calpe)<\/td>\n      <td>El Dorado<\/td>\n      <td>80m<\/td>\n      <td>6a+<\/td>\n    <\/tr>\n    <tr>\n      <td>Serra Gelada (Benidorm)<\/td>\n      <td>Diedro Edwards<\/td>\n      <td>110m<\/td>\n      <td>V+<\/td>\n    <\/tr>\n  <\/tbody>\n<\/table><\/div>","protected":false},"excerpt":{"rendered":"<p>Escalada de varios largos con un ambiente \u00fanico y unas preciosas vistas sobre el mar.<\/p>\n","protected":false},"featured_media":18774,"template":"","meta":{"_joinchat":[],"jetpack_publicize_message":"","jetpack_publicize_feature_enabled":true,"jetpack_social_post_already_shared":true,"jetpack_social_options":{"image_generator_settings":{"template":"highway","default_image_id":0,"font":"","enabled":false},"version":2}},"product_brand":[],"product_cat":[38,34],"product_tag":[52],"class_list":{"0":"post-18773","1":"product","2":"type-product","3":"status-publish","4":"has-post-thumbnail","6":"product_cat-climbing","7":"product_cat-experiences","8":"product_tag-intermediate","10":"first","11":"instock","12":"taxable","13":"shipping-taxable","14":"purchasable","15":"product-type-variable"},"yoast_head":"<!-- This site is optimized with the Yoast SEO plugin v27.3 - https:\/\/yoast.com\/product\/yoast-seo-wordpress\/ -->\n<title>Acantilados de la Costa Blanca | Valencia Climb<\/title>\n<meta name=\"robots\" content=\"index, follow, max-snippet:-1, max-image-preview:large, max-video-preview:-1\" \/>\n<link rel=\"canonical\" href=\"https:\/\/www.valenciaclimb.com\/es\/activity\/costa-blanca-sea-cliffs\/\" \/>\n<meta property=\"og:locale\" content=\"es_ES\" \/>\n<meta property=\"og:type\" content=\"article\" \/>\n<meta property=\"og:title\" content=\"Acantilados de la Costa Blanca | Valencia Climb\" \/>\n<meta property=\"og:description\" content=\"Escalada de varios largos con un ambiente \u00fanico y unas preciosas vistas sobre el mar.\" \/>\n<meta property=\"og:url\" content=\"https:\/\/www.valenciaclimb.com\/es\/activity\/costa-blanca-sea-cliffs\/\" \/>\n<meta property=\"og:site_name\" content=\"Valencia Climb\" \/>\n<meta property=\"article:publisher\" content=\"https:\/\/www.facebook.com\/ValenciaClimb\" \/>\n<meta property=\"article:modified_time\" content=\"2026-02-10T09:46:24+00:00\" \/>\n<meta property=\"og:image\" content=\"https:\/\/www.valenciaclimb.com\/wp-content\/uploads\/2023\/02\/IMG-20191128-WA0031-2-768x1024.jpg\" \/>\n\t<meta property=\"og:image:width\" content=\"768\" \/>\n\t<meta property=\"og:image:height\" content=\"1024\" \/>\n\t<meta property=\"og:image:type\" content=\"image\/jpeg\" \/>\n<meta name=\"twitter:card\" content=\"summary_large_image\" \/>\n<meta name=\"twitter:site\" content=\"@ValenciaClimb\" \/>\n<meta name=\"twitter:label1\" content=\"Tiempo de lectura\" \/>\n\t<meta name=\"twitter:data1\" content=\"1 minuto\" \/>\n<script type=\"application\/ld+json\" class=\"yoast-schema-graph\">{\"@context\":\"https:\\\/\\\/schema.org\",\"@graph\":[{\"@type\":\"WebPage\",\"@id\":\"https:\\\/\\\/www.valenciaclimb.com\\\/es\\\/activity\\\/costa-blanca-sea-cliffs\\\/\",\"url\":\"https:\\\/\\\/www.valenciaclimb.com\\\/es\\\/activity\\\/costa-blanca-sea-cliffs\\\/\",\"name\":\"Acantilados de la Costa Blanca | Valencia Climb\",\"isPartOf\":{\"@id\":\"https:\\\/\\\/www.valenciaclimb.com\\\/es\\\/#website\"},\"primaryImageOfPage\":{\"@id\":\"https:\\\/\\\/www.valenciaclimb.com\\\/es\\\/activity\\\/costa-blanca-sea-cliffs\\\/#primaryimage\"},\"image\":{\"@id\":\"https:\\\/\\\/www.valenciaclimb.com\\\/activity\\\/costa-blanca-sea-cliffs\\\/#primaryimage\"},\"thumbnailUrl\":\"https:\\\/\\\/i0.wp.com\\\/www.valenciaclimb.com\\\/wp-content\\\/uploads\\\/2023\\\/02\\\/IMG-20191128-WA0031-2.jpg?fit=1575%2C2100&ssl=1\",\"datePublished\":\"2023-02-02T20:39:13+00:00\",\"dateModified\":\"2026-02-10T09:46:24+00:00\",\"breadcrumb\":{\"@id\":\"https:\\\/\\\/www.valenciaclimb.com\\\/es\\\/activity\\\/costa-blanca-sea-cliffs\\\/#breadcrumb\"},\"inLanguage\":\"es\",\"potentialAction\":[{\"@type\":\"ReadAction\",\"target\":[[\"https:\\\/\\\/www.valenciaclimb.com\\\/es\\\/activity\\\/costa-blanca-sea-cliffs\\\/\"]]}]},{\"@type\":\"ImageObject\",\"inLanguage\":\"es\",\"@id\":\"https:\\\/\\\/www.valenciaclimb.com\\\/es\\\/activity\\\/costa-blanca-sea-cliffs\\\/#primaryimage\",\"url\":\"https:\\\/\\\/i0.wp.com\\\/www.valenciaclimb.com\\\/wp-content\\\/uploads\\\/2023\\\/02\\\/IMG-20191128-WA0031-2.jpg?fit=1575%2C2100&ssl=1\",\"contentUrl\":\"https:\\\/\\\/i0.wp.com\\\/www.valenciaclimb.com\\\/wp-content\\\/uploads\\\/2023\\\/02\\\/IMG-20191128-WA0031-2.jpg?fit=1575%2C2100&ssl=1\",\"width\":1575,\"height\":2100,\"caption\":\"[:en]Pablo climbing the Sonjannika route (170m, 6a+) in Morro Falqu\u00ed (Benitaxell)[:es]Pablo escalando la v\u00eda Sonjannika (170m, 6a+) en el Morro Falqu\u00ed (Benitaxell)[:]\"},{\"@type\":\"BreadcrumbList\",\"@id\":\"https:\\\/\\\/www.valenciaclimb.com\\\/es\\\/activity\\\/costa-blanca-sea-cliffs\\\/#breadcrumb\",\"itemListElement\":[{\"@type\":\"ListItem\",\"position\":1,\"name\":\"Home\",\"item\":\"https:\\\/\\\/www.valenciaclimb.com\\\/es\\\/\"},{\"@type\":\"ListItem\",\"position\":2,\"name\":\"Shop\",\"item\":\"https:\\\/\\\/www.valenciaclimb.com\\\/es\\\/shop\\\/\"},{\"@type\":\"ListItem\",\"position\":3,\"name\":\"Costa Blanca sea cliffs\"}]},{\"@type\":\"WebSite\",\"@id\":\"https:\\\/\\\/www.valenciaclimb.com\\\/es\\\/#website\",\"url\":\"https:\\\/\\\/www.valenciaclimb.com\\\/es\\\/\",\"name\":\"Valencia Climb\",\"description\":\"[:en]Rock climbing guides in Valencia, Spain[:es]Gu\u00edas de escalada en roca en Valencia, Espa\u00f1a[:]\",\"publisher\":{\"@id\":\"https:\\\/\\\/www.valenciaclimb.com\\\/es\\\/#organization\"},\"potentialAction\":[{\"@type\":\"SearchAction\",\"target\":{\"@type\":\"EntryPoint\",\"urlTemplate\":\"https:\\\/\\\/www.valenciaclimb.com\\\/es\\\/?s={search_term_string}\"},\"query-input\":{\"@type\":\"PropertyValueSpecification\",\"valueRequired\":true,\"valueName\":\"search_term_string\"}}],\"inLanguage\":\"es\"},{\"@type\":\"Organization\",\"@id\":\"https:\\\/\\\/www.valenciaclimb.com\\\/es\\\/#organization\",\"name\":\"Valencia Climb\",\"url\":\"https:\\\/\\\/www.valenciaclimb.com\\\/es\\\/\",\"logo\":{\"@type\":\"ImageObject\",\"inLanguage\":\"es\",\"@id\":\"https:\\\/\\\/www.valenciaclimb.com\\\/es\\\/#\\\/schema\\\/logo\\\/image\\\/\",\"url\":\"https:\\\/\\\/i0.wp.com\\\/www.valenciaclimb.com\\\/wp-content\\\/uploads\\\/2024\\\/09\\\/Captura-de-pantalla-2024-09-13-a-las-21.34.24.png?fit=674%2C696&ssl=1\",\"contentUrl\":\"https:\\\/\\\/i0.wp.com\\\/www.valenciaclimb.com\\\/wp-content\\\/uploads\\\/2024\\\/09\\\/Captura-de-pantalla-2024-09-13-a-las-21.34.24.png?fit=674%2C696&ssl=1\",\"width\":674,\"height\":696,\"caption\":\"Valencia Climb\"},\"image\":{\"@id\":\"https:\\\/\\\/www.valenciaclimb.com\\\/es\\\/#\\\/schema\\\/logo\\\/image\\\/\"},\"sameAs\":[\"https:\\\/\\\/www.facebook.com\\\/ValenciaClimb\",\"https:\\\/\\\/x.com\\\/ValenciaClimb\",\"https:\\\/\\\/www.instagram.com\\\/valenciaclimb\\\/\",\"https:\\\/\\\/www.youtube.com\\\/channel\\\/UCHSV6B-lmlpmv4RhMJ7Zv1w\"]}]}<\/script>\n<!-- \/ Yoast SEO plugin. -->","yoast_head_json":{"title":"Acantilados de la Costa Blanca | Valencia Climb","robots":{"index":"index","follow":"follow","max-snippet":"max-snippet:-1","max-image-preview":"max-image-preview:large","max-video-preview":"max-video-preview:-1"},"canonical":"https:\/\/www.valenciaclimb.com\/es\/activity\/costa-blanca-sea-cliffs\/","og_locale":"es_ES","og_type":"article","og_title":"Acantilados de la Costa Blanca | Valencia Climb","og_description":"Escalada de varios largos con un ambiente \u00fanico y unas preciosas vistas sobre el mar.","og_url":"https:\/\/www.valenciaclimb.com\/es\/activity\/costa-blanca-sea-cliffs\/","og_site_name":"Valencia Climb","article_publisher":"https:\/\/www.facebook.com\/ValenciaClimb","article_modified_time":"2026-02-10T09:46:24+00:00","og_image":[{"width":768,"height":1024,"url":"https:\/\/www.valenciaclimb.com\/wp-content\/uploads\/2023\/02\/IMG-20191128-WA0031-2-768x1024.jpg","type":"image\/jpeg"}],"twitter_card":"summary_large_image","twitter_site":"@ValenciaClimb","twitter_misc":{"Tiempo de lectura":"1 minuto"},"schema":{"@context":"https:\/\/schema.org","@graph":[{"@type":"WebPage","@id":"https:\/\/www.valenciaclimb.com\/es\/activity\/costa-blanca-sea-cliffs\/","url":"https:\/\/www.valenciaclimb.com\/es\/activity\/costa-blanca-sea-cliffs\/","name":"Acantilados de la Costa Blanca | Valencia Climb","isPartOf":{"@id":"https:\/\/www.valenciaclimb.com\/es\/#website"},"primaryImageOfPage":{"@id":"https:\/\/www.valenciaclimb.com\/es\/activity\/costa-blanca-sea-cliffs\/#primaryimage"},"image":{"@id":"https:\/\/www.valenciaclimb.com\/activity\/costa-blanca-sea-cliffs\/#primaryimage"},"thumbnailUrl":"https:\/\/i0.wp.com\/www.valenciaclimb.com\/wp-content\/uploads\/2023\/02\/IMG-20191128-WA0031-2.jpg?fit=1575%2C2100&ssl=1","datePublished":"2023-02-02T20:39:13+00:00","dateModified":"2026-02-10T09:46:24+00:00","breadcrumb":{"@id":"https:\/\/www.valenciaclimb.com\/es\/activity\/costa-blanca-sea-cliffs\/#breadcrumb"},"inLanguage":"es","potentialAction":[{"@type":"ReadAction","target":[["https:\/\/www.valenciaclimb.com\/es\/activity\/costa-blanca-sea-cliffs\/"]]}]},{"@type":"ImageObject","inLanguage":"es","@id":"https:\/\/www.valenciaclimb.com\/es\/activity\/costa-blanca-sea-cliffs\/#primaryimage","url":"https:\/\/i0.wp.com\/www.valenciaclimb.com\/wp-content\/uploads\/2023\/02\/IMG-20191128-WA0031-2.jpg?fit=1575%2C2100&ssl=1","contentUrl":"https:\/\/i0.wp.com\/www.valenciaclimb.com\/wp-content\/uploads\/2023\/02\/IMG-20191128-WA0031-2.jpg?fit=1575%2C2100&ssl=1","width":1575,"height":2100,"caption":"[:en]Pablo climbing the Sonjannika route (170m, 6a+) in Morro Falqu\u00ed (Benitaxell)[:es]Pablo escalando la v\u00eda Sonjannika (170m, 6a+) en el Morro Falqu\u00ed (Benitaxell)[:]"},{"@type":"BreadcrumbList","@id":"https:\/\/www.valenciaclimb.com\/es\/activity\/costa-blanca-sea-cliffs\/#breadcrumb","itemListElement":[{"@type":"ListItem","position":1,"name":"Home","item":"https:\/\/www.valenciaclimb.com\/es\/"},{"@type":"ListItem","position":2,"name":"Shop","item":"https:\/\/www.valenciaclimb.com\/es\/shop\/"},{"@type":"ListItem","position":3,"name":"Costa Blanca sea cliffs"}]},{"@type":"WebSite","@id":"https:\/\/www.valenciaclimb.com\/es\/#website","url":"https:\/\/www.valenciaclimb.com\/es\/","name":"Valencia Climb","description":"[:en]Rock climbing guides in Valencia, Spain[:es]Gu\u00edas de escalada en roca en Valencia, Espa\u00f1a[:]","publisher":{"@id":"https:\/\/www.valenciaclimb.com\/es\/#organization"},"potentialAction":[{"@type":"SearchAction","target":{"@type":"EntryPoint","urlTemplate":"https:\/\/www.valenciaclimb.com\/es\/?s={search_term_string}"},"query-input":{"@type":"PropertyValueSpecification","valueRequired":true,"valueName":"search_term_string"}}],"inLanguage":"es"},{"@type":"Organization","@id":"https:\/\/www.valenciaclimb.com\/es\/#organization","name":"Valencia Climb","url":"https:\/\/www.valenciaclimb.com\/es\/","logo":{"@type":"ImageObject","inLanguage":"es","@id":"https:\/\/www.valenciaclimb.com\/es\/#\/schema\/logo\/image\/","url":"https:\/\/i0.wp.com\/www.valenciaclimb.com\/wp-content\/uploads\/2024\/09\/Captura-de-pantalla-2024-09-13-a-las-21.34.24.png?fit=674%2C696&ssl=1","contentUrl":"https:\/\/i0.wp.com\/www.valenciaclimb.com\/wp-content\/uploads\/2024\/09\/Captura-de-pantalla-2024-09-13-a-las-21.34.24.png?fit=674%2C696&ssl=1","width":674,"height":696,"caption":"Valencia Climb"},"image":{"@id":"https:\/\/www.valenciaclimb.com\/es\/#\/schema\/logo\/image\/"},"sameAs":["https:\/\/www.facebook.com\/ValenciaClimb","https:\/\/x.com\/ValenciaClimb","https:\/\/www.instagram.com\/valenciaclimb\/","https:\/\/www.youtube.com\/channel\/UCHSV6B-lmlpmv4RhMJ7Zv1w"]}]}},"jetpack_publicize_connections":[],"jetpack_sharing_enabled":true,"_links":{"self":[{"href":"https:\/\/www.valenciaclimb.com\/es\/wp-json\/wp\/v2\/product\/18773","targetHints":{"allow":["GET"]}}],"collection":[{"href":"https:\/\/www.valenciaclimb.com\/es\/wp-json\/wp\/v2\/product"}],"about":[{"href":"https:\/\/www.valenciaclimb.com\/es\/wp-json\/wp\/v2\/types\/product"}],"wp:featuredmedia":[{"embeddable":true,"href":"https:\/\/www.valenciaclimb.com\/es\/wp-json\/wp\/v2\/media\/18774"}],"wp:attachment":[{"href":"https:\/\/www.valenciaclimb.com\/es\/wp-json\/wp\/v2\/media?parent=18773"}],"wp:term":[{"taxonomy":"product_brand","embeddable":true,"href":"https:\/\/www.valenciaclimb.com\/es\/wp-json\/wp\/v2\/product_brand?post=18773"},{"taxonomy":"product_cat","embeddable":true,"href":"https:\/\/www.valenciaclimb.com\/es\/wp-json\/wp\/v2\/product_cat?post=18773"},{"taxonomy":"product_tag","embeddable":true,"href":"https:\/\/www.valenciaclimb.com\/es\/wp-json\/wp\/v2\/product_tag?post=18773"}],"curies":[{"name":"wp","href":"https:\/\/api.w.org\/{rel}","templated":true}]}}