{"id":109360,"date":"2025-11-05T19:02:52","date_gmt":"2025-11-05T17:02:52","guid":{"rendered":"https:\/\/www.valenciaclimb.com\/?post_type=product&#038;p=109360"},"modified":"2026-01-07T06:36:11","modified_gmt":"2026-01-07T04:36:11","slug":"xativa","status":"publish","type":"product","link":"https:\/\/www.valenciaclimb.com\/es\/actividad\/xativa\/","title":{"rendered":"X\u00e0tiva"},"content":{"rendered":"<p class=\"leader\">Descubre uno de los mejores rincones donde practicar la escalada deportiva cerca de Valencia. Xativa es una peque\u00f1a ciudad rodeada de grandes zonas de escalada: Bell\u00fas, Montesa, Vallada, Moixent, Genov\u00e9s, Benicadell, &#8230;<\/p>\n<p class=\"leader\">Ven a un viaje espectacular donde conocer\u00e1s diferentes tipos de roca, estilos de escalada y aprender\u00e1s mucho acompa\u00f1ado de un gu\u00eda local.<\/p>","protected":false},"excerpt":{"rendered":"<p>Descubre la magia de la escalada en la zona local de X\u00e0tiva, rodeada de paredes de caliza de gran calidad, historia y paisajes maravillosos.<\/p>\n","protected":false},"featured_media":1542,"template":"","meta":{"_joinchat":[],"jetpack_publicize_message":"","jetpack_publicize_feature_enabled":true,"jetpack_social_post_already_shared":true,"jetpack_social_options":{"image_generator_settings":{"template":"highway","default_image_id":0,"font":"","enabled":false},"version":2}},"product_brand":[],"product_cat":[45,38,54,46],"product_tag":[],"class_list":{"0":"post-109360","1":"product","2":"type-product","3":"status-publish","4":"has-post-thumbnail","6":"product_cat-activities","7":"product_cat-climbing","8":"product_cat-retreats","9":"product_cat-sports","11":"first","12":"instock","13":"virtual","14":"taxable","15":"purchasable","16":"product-type-simple"},"yoast_head":"<!-- This site is optimized with the Yoast SEO plugin v27.3 - https:\/\/yoast.com\/product\/yoast-seo-wordpress\/ -->\n<title>X\u00e0tiva | Valencia Climb<\/title>\n<meta name=\"robots\" content=\"index, follow, max-snippet:-1, max-image-preview:large, max-video-preview:-1\" \/>\n<link rel=\"canonical\" href=\"https:\/\/www.valenciaclimb.com\/es\/activity\/xativa\/\" \/>\n<meta property=\"og:locale\" content=\"es_ES\" \/>\n<meta property=\"og:type\" content=\"article\" \/>\n<meta property=\"og:title\" content=\"X\u00e0tiva | Valencia Climb\" \/>\n<meta property=\"og:description\" content=\"Descubre la magia de la escalada en la zona local de X\u00e0tiva, rodeada de paredes de caliza de gran calidad, historia y paisajes maravillosos.\" \/>\n<meta property=\"og:url\" content=\"https:\/\/www.valenciaclimb.com\/es\/activity\/xativa\/\" \/>\n<meta property=\"og:site_name\" content=\"Valencia Climb\" \/>\n<meta property=\"article:publisher\" content=\"https:\/\/www.facebook.com\/ValenciaClimb\" \/>\n<meta property=\"article:modified_time\" content=\"2026-01-07T04:36:11+00:00\" \/>\n<meta property=\"og:image\" content=\"https:\/\/www.valenciaclimb.com\/wp-content\/uploads\/2019\/01\/activity-ferrata-7.jpg\" \/>\n\t<meta property=\"og:image:width\" content=\"1200\" \/>\n\t<meta property=\"og:image:height\" content=\"800\" \/>\n\t<meta property=\"og:image:type\" content=\"image\/jpeg\" \/>\n<meta name=\"twitter:card\" content=\"summary_large_image\" \/>\n<meta name=\"twitter:site\" content=\"@ValenciaClimb\" \/>\n<meta name=\"twitter:label1\" content=\"Tiempo de lectura\" \/>\n\t<meta name=\"twitter:data1\" content=\"1 minuto\" \/>\n<script type=\"application\/ld+json\" class=\"yoast-schema-graph\">{\"@context\":\"https:\\\/\\\/schema.org\",\"@graph\":[{\"@type\":\"WebPage\",\"@id\":\"https:\\\/\\\/www.valenciaclimb.com\\\/es\\\/activity\\\/xativa\\\/\",\"url\":\"https:\\\/\\\/www.valenciaclimb.com\\\/es\\\/activity\\\/xativa\\\/\",\"name\":\"X\u00e0tiva | Valencia Climb\",\"isPartOf\":{\"@id\":\"https:\\\/\\\/www.valenciaclimb.com\\\/es\\\/#website\"},\"primaryImageOfPage\":{\"@id\":\"https:\\\/\\\/www.valenciaclimb.com\\\/es\\\/activity\\\/xativa\\\/#primaryimage\"},\"image\":{\"@id\":\"https:\\\/\\\/www.valenciaclimb.com\\\/activity\\\/xativa\\\/#primaryimage\"},\"thumbnailUrl\":\"https:\\\/\\\/i0.wp.com\\\/www.valenciaclimb.com\\\/wp-content\\\/uploads\\\/2019\\\/01\\\/activity-ferrata-7.jpg?fit=1200%2C800&ssl=1\",\"datePublished\":\"2025-11-05T17:02:52+00:00\",\"dateModified\":\"2026-01-07T04:36:11+00:00\",\"breadcrumb\":{\"@id\":\"https:\\\/\\\/www.valenciaclimb.com\\\/es\\\/activity\\\/xativa\\\/#breadcrumb\"},\"inLanguage\":\"es\",\"potentialAction\":[{\"@type\":\"ReadAction\",\"target\":[[\"https:\\\/\\\/www.valenciaclimb.com\\\/es\\\/activity\\\/xativa\\\/\"]]}]},{\"@type\":\"ImageObject\",\"inLanguage\":\"es\",\"@id\":\"https:\\\/\\\/www.valenciaclimb.com\\\/es\\\/activity\\\/xativa\\\/#primaryimage\",\"url\":\"https:\\\/\\\/i0.wp.com\\\/www.valenciaclimb.com\\\/wp-content\\\/uploads\\\/2019\\\/01\\\/activity-ferrata-7.jpg?fit=1200%2C800&ssl=1\",\"contentUrl\":\"https:\\\/\\\/i0.wp.com\\\/www.valenciaclimb.com\\\/wp-content\\\/uploads\\\/2019\\\/01\\\/activity-ferrata-7.jpg?fit=1200%2C800&ssl=1\",\"width\":1200,\"height\":800,\"caption\":\"[:en]Pablo at the top of via ferrata Aventador (90m, K3).[:es]Pablo al final de la v\u00eda ferrata del Aventador (90m, K3).[:]\"},{\"@type\":\"BreadcrumbList\",\"@id\":\"https:\\\/\\\/www.valenciaclimb.com\\\/es\\\/activity\\\/xativa\\\/#breadcrumb\",\"itemListElement\":[{\"@type\":\"ListItem\",\"position\":1,\"name\":\"Home\",\"item\":\"https:\\\/\\\/www.valenciaclimb.com\\\/es\\\/\"},{\"@type\":\"ListItem\",\"position\":2,\"name\":\"Shop\",\"item\":\"https:\\\/\\\/www.valenciaclimb.com\\\/es\\\/shop\\\/\"},{\"@type\":\"ListItem\",\"position\":3,\"name\":\"X\u00e0tiva\"}]},{\"@type\":\"WebSite\",\"@id\":\"https:\\\/\\\/www.valenciaclimb.com\\\/es\\\/#website\",\"url\":\"https:\\\/\\\/www.valenciaclimb.com\\\/es\\\/\",\"name\":\"Valencia Climb\",\"description\":\"[:en]Rock climbing guides in Valencia, Spain[:es]Gu\u00edas de escalada en roca en Valencia, Espa\u00f1a[:]\",\"publisher\":{\"@id\":\"https:\\\/\\\/www.valenciaclimb.com\\\/es\\\/#organization\"},\"potentialAction\":[{\"@type\":\"SearchAction\",\"target\":{\"@type\":\"EntryPoint\",\"urlTemplate\":\"https:\\\/\\\/www.valenciaclimb.com\\\/es\\\/?s={search_term_string}\"},\"query-input\":{\"@type\":\"PropertyValueSpecification\",\"valueRequired\":true,\"valueName\":\"search_term_string\"}}],\"inLanguage\":\"es\"},{\"@type\":\"Organization\",\"@id\":\"https:\\\/\\\/www.valenciaclimb.com\\\/es\\\/#organization\",\"name\":\"Valencia Climb\",\"url\":\"https:\\\/\\\/www.valenciaclimb.com\\\/es\\\/\",\"logo\":{\"@type\":\"ImageObject\",\"inLanguage\":\"es\",\"@id\":\"https:\\\/\\\/www.valenciaclimb.com\\\/es\\\/#\\\/schema\\\/logo\\\/image\\\/\",\"url\":\"https:\\\/\\\/i0.wp.com\\\/www.valenciaclimb.com\\\/wp-content\\\/uploads\\\/2024\\\/09\\\/Captura-de-pantalla-2024-09-13-a-las-21.34.24.png?fit=674%2C696&ssl=1\",\"contentUrl\":\"https:\\\/\\\/i0.wp.com\\\/www.valenciaclimb.com\\\/wp-content\\\/uploads\\\/2024\\\/09\\\/Captura-de-pantalla-2024-09-13-a-las-21.34.24.png?fit=674%2C696&ssl=1\",\"width\":674,\"height\":696,\"caption\":\"Valencia Climb\"},\"image\":{\"@id\":\"https:\\\/\\\/www.valenciaclimb.com\\\/es\\\/#\\\/schema\\\/logo\\\/image\\\/\"},\"sameAs\":[\"https:\\\/\\\/www.facebook.com\\\/ValenciaClimb\",\"https:\\\/\\\/x.com\\\/ValenciaClimb\",\"https:\\\/\\\/www.instagram.com\\\/valenciaclimb\\\/\",\"https:\\\/\\\/www.youtube.com\\\/channel\\\/UCHSV6B-lmlpmv4RhMJ7Zv1w\"]}]}<\/script>\n<!-- \/ Yoast SEO plugin. -->","yoast_head_json":{"title":"X\u00e0tiva | Valencia Climb","robots":{"index":"index","follow":"follow","max-snippet":"max-snippet:-1","max-image-preview":"max-image-preview:large","max-video-preview":"max-video-preview:-1"},"canonical":"https:\/\/www.valenciaclimb.com\/es\/activity\/xativa\/","og_locale":"es_ES","og_type":"article","og_title":"X\u00e0tiva | Valencia Climb","og_description":"Descubre la magia de la escalada en la zona local de X\u00e0tiva, rodeada de paredes de caliza de gran calidad, historia y paisajes maravillosos.","og_url":"https:\/\/www.valenciaclimb.com\/es\/activity\/xativa\/","og_site_name":"Valencia Climb","article_publisher":"https:\/\/www.facebook.com\/ValenciaClimb","article_modified_time":"2026-01-07T04:36:11+00:00","og_image":[{"width":1200,"height":800,"url":"https:\/\/www.valenciaclimb.com\/wp-content\/uploads\/2019\/01\/activity-ferrata-7.jpg","type":"image\/jpeg"}],"twitter_card":"summary_large_image","twitter_site":"@ValenciaClimb","twitter_misc":{"Tiempo de lectura":"1 minuto"},"schema":{"@context":"https:\/\/schema.org","@graph":[{"@type":"WebPage","@id":"https:\/\/www.valenciaclimb.com\/es\/activity\/xativa\/","url":"https:\/\/www.valenciaclimb.com\/es\/activity\/xativa\/","name":"X\u00e0tiva | Valencia Climb","isPartOf":{"@id":"https:\/\/www.valenciaclimb.com\/es\/#website"},"primaryImageOfPage":{"@id":"https:\/\/www.valenciaclimb.com\/es\/activity\/xativa\/#primaryimage"},"image":{"@id":"https:\/\/www.valenciaclimb.com\/activity\/xativa\/#primaryimage"},"thumbnailUrl":"https:\/\/i0.wp.com\/www.valenciaclimb.com\/wp-content\/uploads\/2019\/01\/activity-ferrata-7.jpg?fit=1200%2C800&ssl=1","datePublished":"2025-11-05T17:02:52+00:00","dateModified":"2026-01-07T04:36:11+00:00","breadcrumb":{"@id":"https:\/\/www.valenciaclimb.com\/es\/activity\/xativa\/#breadcrumb"},"inLanguage":"es","potentialAction":[{"@type":"ReadAction","target":[["https:\/\/www.valenciaclimb.com\/es\/activity\/xativa\/"]]}]},{"@type":"ImageObject","inLanguage":"es","@id":"https:\/\/www.valenciaclimb.com\/es\/activity\/xativa\/#primaryimage","url":"https:\/\/i0.wp.com\/www.valenciaclimb.com\/wp-content\/uploads\/2019\/01\/activity-ferrata-7.jpg?fit=1200%2C800&ssl=1","contentUrl":"https:\/\/i0.wp.com\/www.valenciaclimb.com\/wp-content\/uploads\/2019\/01\/activity-ferrata-7.jpg?fit=1200%2C800&ssl=1","width":1200,"height":800,"caption":"[:en]Pablo at the top of via ferrata Aventador (90m, K3).[:es]Pablo al final de la v\u00eda ferrata del Aventador (90m, K3).[:]"},{"@type":"BreadcrumbList","@id":"https:\/\/www.valenciaclimb.com\/es\/activity\/xativa\/#breadcrumb","itemListElement":[{"@type":"ListItem","position":1,"name":"Home","item":"https:\/\/www.valenciaclimb.com\/es\/"},{"@type":"ListItem","position":2,"name":"Shop","item":"https:\/\/www.valenciaclimb.com\/es\/shop\/"},{"@type":"ListItem","position":3,"name":"X\u00e0tiva"}]},{"@type":"WebSite","@id":"https:\/\/www.valenciaclimb.com\/es\/#website","url":"https:\/\/www.valenciaclimb.com\/es\/","name":"Valencia Climb","description":"[:en]Rock climbing guides in Valencia, Spain[:es]Gu\u00edas de escalada en roca en Valencia, Espa\u00f1a[:]","publisher":{"@id":"https:\/\/www.valenciaclimb.com\/es\/#organization"},"potentialAction":[{"@type":"SearchAction","target":{"@type":"EntryPoint","urlTemplate":"https:\/\/www.valenciaclimb.com\/es\/?s={search_term_string}"},"query-input":{"@type":"PropertyValueSpecification","valueRequired":true,"valueName":"search_term_string"}}],"inLanguage":"es"},{"@type":"Organization","@id":"https:\/\/www.valenciaclimb.com\/es\/#organization","name":"Valencia Climb","url":"https:\/\/www.valenciaclimb.com\/es\/","logo":{"@type":"ImageObject","inLanguage":"es","@id":"https:\/\/www.valenciaclimb.com\/es\/#\/schema\/logo\/image\/","url":"https:\/\/i0.wp.com\/www.valenciaclimb.com\/wp-content\/uploads\/2024\/09\/Captura-de-pantalla-2024-09-13-a-las-21.34.24.png?fit=674%2C696&ssl=1","contentUrl":"https:\/\/i0.wp.com\/www.valenciaclimb.com\/wp-content\/uploads\/2024\/09\/Captura-de-pantalla-2024-09-13-a-las-21.34.24.png?fit=674%2C696&ssl=1","width":674,"height":696,"caption":"Valencia Climb"},"image":{"@id":"https:\/\/www.valenciaclimb.com\/es\/#\/schema\/logo\/image\/"},"sameAs":["https:\/\/www.facebook.com\/ValenciaClimb","https:\/\/x.com\/ValenciaClimb","https:\/\/www.instagram.com\/valenciaclimb\/","https:\/\/www.youtube.com\/channel\/UCHSV6B-lmlpmv4RhMJ7Zv1w"]}]}},"jetpack_publicize_connections":[],"jetpack_sharing_enabled":true,"_links":{"self":[{"href":"https:\/\/www.valenciaclimb.com\/es\/wp-json\/wp\/v2\/product\/109360","targetHints":{"allow":["GET"]}}],"collection":[{"href":"https:\/\/www.valenciaclimb.com\/es\/wp-json\/wp\/v2\/product"}],"about":[{"href":"https:\/\/www.valenciaclimb.com\/es\/wp-json\/wp\/v2\/types\/product"}],"wp:featuredmedia":[{"embeddable":true,"href":"https:\/\/www.valenciaclimb.com\/es\/wp-json\/wp\/v2\/media\/1542"}],"wp:attachment":[{"href":"https:\/\/www.valenciaclimb.com\/es\/wp-json\/wp\/v2\/media?parent=109360"}],"wp:term":[{"taxonomy":"product_brand","embeddable":true,"href":"https:\/\/www.valenciaclimb.com\/es\/wp-json\/wp\/v2\/product_brand?post=109360"},{"taxonomy":"product_cat","embeddable":true,"href":"https:\/\/www.valenciaclimb.com\/es\/wp-json\/wp\/v2\/product_cat?post=109360"},{"taxonomy":"product_tag","embeddable":true,"href":"https:\/\/www.valenciaclimb.com\/es\/wp-json\/wp\/v2\/product_tag?post=109360"}],"curies":[{"name":"wp","href":"https:\/\/api.w.org\/{rel}","templated":true}]}}