{"id":101507,"date":"2025-10-21T20:59:28","date_gmt":"2025-10-21T18:59:28","guid":{"rendered":"https:\/\/www.valenciaclimb.com\/?post_type=product&#038;p=101507"},"modified":"2026-01-06T16:42:25","modified_gmt":"2026-01-06T14:42:25","slug":"fuente-del-chorrico","status":"publish","type":"product","link":"https:\/\/www.valenciaclimb.com\/es\/actividad\/fuente-del-chorrico\/","title":{"rendered":"Fuente del Chorrico (K1)"},"content":{"rendered":"<p class=\"leader\">La v\u00eda ferrata Fuente del Chorico, ubicada en el embalse de Tous y catalogada de una dificultad K1 (principiante), es una actividad ideal para toda la familia. Se trata de un recorrido sencillo y muy entretenido que te proporcionar\u00e1 una primera experiencia en el mundo de las v\u00edas ferratas. Tanto durante la caminata de aproximaci\u00f3n como a lo largo de sus 60 metros verticales, se disfrutan de unas fant\u00e1sticas vistas del embalse y sus alrededores.<\/p>\n<p class=\"leader\">El descenso se puede bien realizar rapelando por el barranco seco de El Castellet para aquellos que busquen m\u00e1s aventura o a trav\u00e9s de una agradable caminata por este precioso paraje natural.<\/p>","protected":false},"excerpt":{"rendered":"<p>Descubre las v\u00edas ferratas con este bonito recorrido.<\/p>\n","protected":false},"featured_media":101508,"template":"","meta":{"_joinchat":[],"jetpack_publicize_message":"","jetpack_publicize_feature_enabled":true,"jetpack_social_post_already_shared":true,"jetpack_social_options":{"image_generator_settings":{"template":"highway","default_image_id":0,"font":"","enabled":false},"version":2}},"product_brand":[],"product_cat":[45,34,46,39],"product_tag":[50],"class_list":{"0":"post-101507","1":"product","2":"type-product","3":"status-publish","4":"has-post-thumbnail","6":"product_cat-activities","7":"product_cat-experiences","8":"product_cat-sports","9":"product_cat-via-ferrata","10":"product_tag-beginner","12":"first","13":"instock","14":"taxable","15":"shipping-taxable","16":"purchasable","17":"product-type-variable"},"yoast_head":"<!-- This site is optimized with the Yoast SEO plugin v27.3 - https:\/\/yoast.com\/product\/yoast-seo-wordpress\/ -->\n<title>Fuente del Chorrico (K1) | Valencia Climb<\/title>\n<meta name=\"robots\" content=\"index, follow, max-snippet:-1, max-image-preview:large, max-video-preview:-1\" \/>\n<link rel=\"canonical\" href=\"https:\/\/www.valenciaclimb.com\/es\/activity\/fuente-del-chorrico\/\" \/>\n<meta property=\"og:locale\" content=\"es_ES\" \/>\n<meta property=\"og:type\" content=\"article\" \/>\n<meta property=\"og:title\" content=\"Fuente del Chorrico (K1) | Valencia Climb\" \/>\n<meta property=\"og:description\" content=\"Descubre las v\u00edas ferratas con este bonito recorrido.\" \/>\n<meta property=\"og:url\" content=\"https:\/\/www.valenciaclimb.com\/es\/activity\/fuente-del-chorrico\/\" \/>\n<meta property=\"og:site_name\" content=\"Valencia Climb\" \/>\n<meta property=\"article:publisher\" content=\"https:\/\/www.facebook.com\/ValenciaClimb\" \/>\n<meta property=\"article:modified_time\" content=\"2026-01-06T14:42:25+00:00\" \/>\n<meta property=\"og:image\" content=\"https:\/\/www.valenciaclimb.com\/wp-content\/uploads\/2025\/10\/PBB-20190526_9620.jpg\" \/>\n\t<meta property=\"og:image:width\" content=\"2100\" \/>\n\t<meta property=\"og:image:height\" content=\"1400\" \/>\n\t<meta property=\"og:image:type\" content=\"image\/jpeg\" \/>\n<meta name=\"twitter:card\" content=\"summary_large_image\" \/>\n<meta name=\"twitter:site\" content=\"@ValenciaClimb\" \/>\n<meta name=\"twitter:label1\" content=\"Tiempo de lectura\" \/>\n\t<meta name=\"twitter:data1\" content=\"1 minuto\" \/>\n<script type=\"application\/ld+json\" class=\"yoast-schema-graph\">{\"@context\":\"https:\\\/\\\/schema.org\",\"@graph\":[{\"@type\":\"WebPage\",\"@id\":\"https:\\\/\\\/www.valenciaclimb.com\\\/es\\\/activity\\\/fuente-del-chorrico\\\/\",\"url\":\"https:\\\/\\\/www.valenciaclimb.com\\\/es\\\/activity\\\/fuente-del-chorrico\\\/\",\"name\":\"Fuente del Chorrico (K1) | Valencia Climb\",\"isPartOf\":{\"@id\":\"https:\\\/\\\/www.valenciaclimb.com\\\/es\\\/#website\"},\"primaryImageOfPage\":{\"@id\":\"https:\\\/\\\/www.valenciaclimb.com\\\/es\\\/activity\\\/fuente-del-chorrico\\\/#primaryimage\"},\"image\":{\"@id\":\"https:\\\/\\\/www.valenciaclimb.com\\\/activity\\\/fuente-del-chorrico\\\/#primaryimage\"},\"thumbnailUrl\":\"https:\\\/\\\/i0.wp.com\\\/www.valenciaclimb.com\\\/wp-content\\\/uploads\\\/2025\\\/10\\\/PBB-20190526_9620.jpg?fit=2100%2C1400&ssl=1\",\"datePublished\":\"2025-10-21T18:59:28+00:00\",\"dateModified\":\"2026-01-06T14:42:25+00:00\",\"breadcrumb\":{\"@id\":\"https:\\\/\\\/www.valenciaclimb.com\\\/es\\\/activity\\\/fuente-del-chorrico\\\/#breadcrumb\"},\"inLanguage\":\"es\",\"potentialAction\":[{\"@type\":\"ReadAction\",\"target\":[[\"https:\\\/\\\/www.valenciaclimb.com\\\/es\\\/activity\\\/fuente-del-chorrico\\\/\"]]}]},{\"@type\":\"ImageObject\",\"inLanguage\":\"es\",\"@id\":\"https:\\\/\\\/www.valenciaclimb.com\\\/es\\\/activity\\\/fuente-del-chorrico\\\/#primaryimage\",\"url\":\"https:\\\/\\\/i0.wp.com\\\/www.valenciaclimb.com\\\/wp-content\\\/uploads\\\/2025\\\/10\\\/PBB-20190526_9620.jpg?fit=2100%2C1400&ssl=1\",\"contentUrl\":\"https:\\\/\\\/i0.wp.com\\\/www.valenciaclimb.com\\\/wp-content\\\/uploads\\\/2025\\\/10\\\/PBB-20190526_9620.jpg?fit=2100%2C1400&ssl=1\",\"width\":2100,\"height\":1400},{\"@type\":\"BreadcrumbList\",\"@id\":\"https:\\\/\\\/www.valenciaclimb.com\\\/es\\\/activity\\\/fuente-del-chorrico\\\/#breadcrumb\",\"itemListElement\":[{\"@type\":\"ListItem\",\"position\":1,\"name\":\"Home\",\"item\":\"https:\\\/\\\/www.valenciaclimb.com\\\/es\\\/\"},{\"@type\":\"ListItem\",\"position\":2,\"name\":\"Shop\",\"item\":\"https:\\\/\\\/www.valenciaclimb.com\\\/es\\\/shop\\\/\"},{\"@type\":\"ListItem\",\"position\":3,\"name\":\"Fuente del Chorrico (K1)\"}]},{\"@type\":\"WebSite\",\"@id\":\"https:\\\/\\\/www.valenciaclimb.com\\\/es\\\/#website\",\"url\":\"https:\\\/\\\/www.valenciaclimb.com\\\/es\\\/\",\"name\":\"Valencia Climb\",\"description\":\"[:en]Rock climbing guides in Valencia, Spain[:es]Gu\u00edas de escalada en roca en Valencia, Espa\u00f1a[:]\",\"publisher\":{\"@id\":\"https:\\\/\\\/www.valenciaclimb.com\\\/es\\\/#organization\"},\"potentialAction\":[{\"@type\":\"SearchAction\",\"target\":{\"@type\":\"EntryPoint\",\"urlTemplate\":\"https:\\\/\\\/www.valenciaclimb.com\\\/es\\\/?s={search_term_string}\"},\"query-input\":{\"@type\":\"PropertyValueSpecification\",\"valueRequired\":true,\"valueName\":\"search_term_string\"}}],\"inLanguage\":\"es\"},{\"@type\":\"Organization\",\"@id\":\"https:\\\/\\\/www.valenciaclimb.com\\\/es\\\/#organization\",\"name\":\"Valencia Climb\",\"url\":\"https:\\\/\\\/www.valenciaclimb.com\\\/es\\\/\",\"logo\":{\"@type\":\"ImageObject\",\"inLanguage\":\"es\",\"@id\":\"https:\\\/\\\/www.valenciaclimb.com\\\/es\\\/#\\\/schema\\\/logo\\\/image\\\/\",\"url\":\"https:\\\/\\\/i0.wp.com\\\/www.valenciaclimb.com\\\/wp-content\\\/uploads\\\/2024\\\/09\\\/Captura-de-pantalla-2024-09-13-a-las-21.34.24.png?fit=674%2C696&ssl=1\",\"contentUrl\":\"https:\\\/\\\/i0.wp.com\\\/www.valenciaclimb.com\\\/wp-content\\\/uploads\\\/2024\\\/09\\\/Captura-de-pantalla-2024-09-13-a-las-21.34.24.png?fit=674%2C696&ssl=1\",\"width\":674,\"height\":696,\"caption\":\"Valencia Climb\"},\"image\":{\"@id\":\"https:\\\/\\\/www.valenciaclimb.com\\\/es\\\/#\\\/schema\\\/logo\\\/image\\\/\"},\"sameAs\":[\"https:\\\/\\\/www.facebook.com\\\/ValenciaClimb\",\"https:\\\/\\\/x.com\\\/ValenciaClimb\",\"https:\\\/\\\/www.instagram.com\\\/valenciaclimb\\\/\",\"https:\\\/\\\/www.youtube.com\\\/channel\\\/UCHSV6B-lmlpmv4RhMJ7Zv1w\"]}]}<\/script>\n<!-- \/ Yoast SEO plugin. -->","yoast_head_json":{"title":"Fuente del Chorrico (K1) | Valencia Climb","robots":{"index":"index","follow":"follow","max-snippet":"max-snippet:-1","max-image-preview":"max-image-preview:large","max-video-preview":"max-video-preview:-1"},"canonical":"https:\/\/www.valenciaclimb.com\/es\/activity\/fuente-del-chorrico\/","og_locale":"es_ES","og_type":"article","og_title":"Fuente del Chorrico (K1) | Valencia Climb","og_description":"Descubre las v\u00edas ferratas con este bonito recorrido.","og_url":"https:\/\/www.valenciaclimb.com\/es\/activity\/fuente-del-chorrico\/","og_site_name":"Valencia Climb","article_publisher":"https:\/\/www.facebook.com\/ValenciaClimb","article_modified_time":"2026-01-06T14:42:25+00:00","og_image":[{"width":2100,"height":1400,"url":"https:\/\/www.valenciaclimb.com\/wp-content\/uploads\/2025\/10\/PBB-20190526_9620.jpg","type":"image\/jpeg"}],"twitter_card":"summary_large_image","twitter_site":"@ValenciaClimb","twitter_misc":{"Tiempo de lectura":"1 minuto"},"schema":{"@context":"https:\/\/schema.org","@graph":[{"@type":"WebPage","@id":"https:\/\/www.valenciaclimb.com\/es\/activity\/fuente-del-chorrico\/","url":"https:\/\/www.valenciaclimb.com\/es\/activity\/fuente-del-chorrico\/","name":"Fuente del Chorrico (K1) | Valencia Climb","isPartOf":{"@id":"https:\/\/www.valenciaclimb.com\/es\/#website"},"primaryImageOfPage":{"@id":"https:\/\/www.valenciaclimb.com\/es\/activity\/fuente-del-chorrico\/#primaryimage"},"image":{"@id":"https:\/\/www.valenciaclimb.com\/activity\/fuente-del-chorrico\/#primaryimage"},"thumbnailUrl":"https:\/\/i0.wp.com\/www.valenciaclimb.com\/wp-content\/uploads\/2025\/10\/PBB-20190526_9620.jpg?fit=2100%2C1400&ssl=1","datePublished":"2025-10-21T18:59:28+00:00","dateModified":"2026-01-06T14:42:25+00:00","breadcrumb":{"@id":"https:\/\/www.valenciaclimb.com\/es\/activity\/fuente-del-chorrico\/#breadcrumb"},"inLanguage":"es","potentialAction":[{"@type":"ReadAction","target":[["https:\/\/www.valenciaclimb.com\/es\/activity\/fuente-del-chorrico\/"]]}]},{"@type":"ImageObject","inLanguage":"es","@id":"https:\/\/www.valenciaclimb.com\/es\/activity\/fuente-del-chorrico\/#primaryimage","url":"https:\/\/i0.wp.com\/www.valenciaclimb.com\/wp-content\/uploads\/2025\/10\/PBB-20190526_9620.jpg?fit=2100%2C1400&ssl=1","contentUrl":"https:\/\/i0.wp.com\/www.valenciaclimb.com\/wp-content\/uploads\/2025\/10\/PBB-20190526_9620.jpg?fit=2100%2C1400&ssl=1","width":2100,"height":1400},{"@type":"BreadcrumbList","@id":"https:\/\/www.valenciaclimb.com\/es\/activity\/fuente-del-chorrico\/#breadcrumb","itemListElement":[{"@type":"ListItem","position":1,"name":"Home","item":"https:\/\/www.valenciaclimb.com\/es\/"},{"@type":"ListItem","position":2,"name":"Shop","item":"https:\/\/www.valenciaclimb.com\/es\/shop\/"},{"@type":"ListItem","position":3,"name":"Fuente del Chorrico (K1)"}]},{"@type":"WebSite","@id":"https:\/\/www.valenciaclimb.com\/es\/#website","url":"https:\/\/www.valenciaclimb.com\/es\/","name":"Valencia Climb","description":"[:en]Rock climbing guides in Valencia, Spain[:es]Gu\u00edas de escalada en roca en Valencia, Espa\u00f1a[:]","publisher":{"@id":"https:\/\/www.valenciaclimb.com\/es\/#organization"},"potentialAction":[{"@type":"SearchAction","target":{"@type":"EntryPoint","urlTemplate":"https:\/\/www.valenciaclimb.com\/es\/?s={search_term_string}"},"query-input":{"@type":"PropertyValueSpecification","valueRequired":true,"valueName":"search_term_string"}}],"inLanguage":"es"},{"@type":"Organization","@id":"https:\/\/www.valenciaclimb.com\/es\/#organization","name":"Valencia Climb","url":"https:\/\/www.valenciaclimb.com\/es\/","logo":{"@type":"ImageObject","inLanguage":"es","@id":"https:\/\/www.valenciaclimb.com\/es\/#\/schema\/logo\/image\/","url":"https:\/\/i0.wp.com\/www.valenciaclimb.com\/wp-content\/uploads\/2024\/09\/Captura-de-pantalla-2024-09-13-a-las-21.34.24.png?fit=674%2C696&ssl=1","contentUrl":"https:\/\/i0.wp.com\/www.valenciaclimb.com\/wp-content\/uploads\/2024\/09\/Captura-de-pantalla-2024-09-13-a-las-21.34.24.png?fit=674%2C696&ssl=1","width":674,"height":696,"caption":"Valencia Climb"},"image":{"@id":"https:\/\/www.valenciaclimb.com\/es\/#\/schema\/logo\/image\/"},"sameAs":["https:\/\/www.facebook.com\/ValenciaClimb","https:\/\/x.com\/ValenciaClimb","https:\/\/www.instagram.com\/valenciaclimb\/","https:\/\/www.youtube.com\/channel\/UCHSV6B-lmlpmv4RhMJ7Zv1w"]}]}},"jetpack_publicize_connections":[],"jetpack_sharing_enabled":true,"_links":{"self":[{"href":"https:\/\/www.valenciaclimb.com\/es\/wp-json\/wp\/v2\/product\/101507","targetHints":{"allow":["GET"]}}],"collection":[{"href":"https:\/\/www.valenciaclimb.com\/es\/wp-json\/wp\/v2\/product"}],"about":[{"href":"https:\/\/www.valenciaclimb.com\/es\/wp-json\/wp\/v2\/types\/product"}],"wp:featuredmedia":[{"embeddable":true,"href":"https:\/\/www.valenciaclimb.com\/es\/wp-json\/wp\/v2\/media\/101508"}],"wp:attachment":[{"href":"https:\/\/www.valenciaclimb.com\/es\/wp-json\/wp\/v2\/media?parent=101507"}],"wp:term":[{"taxonomy":"product_brand","embeddable":true,"href":"https:\/\/www.valenciaclimb.com\/es\/wp-json\/wp\/v2\/product_brand?post=101507"},{"taxonomy":"product_cat","embeddable":true,"href":"https:\/\/www.valenciaclimb.com\/es\/wp-json\/wp\/v2\/product_cat?post=101507"},{"taxonomy":"product_tag","embeddable":true,"href":"https:\/\/www.valenciaclimb.com\/es\/wp-json\/wp\/v2\/product_tag?post=101507"}],"curies":[{"name":"wp","href":"https:\/\/api.w.org\/{rel}","templated":true}]}}