{"id":101028,"date":"2025-09-23T16:16:41","date_gmt":"2025-09-23T14:16:41","guid":{"rendered":"https:\/\/www.valenciaclimb.com\/?post_type=product&#038;p=101028"},"modified":"2026-02-04T21:45:57","modified_gmt":"2026-02-04T19:45:57","slug":"multi-pitch-climbing-in-montanejos","status":"publish","type":"product","link":"https:\/\/www.valenciaclimb.com\/es\/actividad\/las-grandes-paredes-de-montanejos\/","title":{"rendered":"Escalada guiada en las grandes paredes de Montanejos"},"content":{"rendered":"<p class=\"leader\">Realiza una v\u00eda de varios largos con seguridad, de la mano de un gu\u00eda profesional con amplia experiencia. Consigue subir a esa monta\u00f1a que siempre has so\u00f1ado acompa\u00f1ado de un experto.<\/p>\n<p class=\"leader\">La escalada en roca es una forma asombrosa y estimulante de conectar con la naturaleza: caminar por el bosque, respirar aire fresco, tocar las rocas y divertirse con un gu\u00eda local.<\/p>\n<p class=\"leader\">Esta es una buena actividad para un individuo o una pareja. El tama\u00f1o del grupo est\u00e1 limitado a 2 personas por gu\u00eda, por lo que puedes esperar un mont\u00f3n de instrucci\u00f3n personalizada.<\/p>\n<span class=\"su-lightbox\" data-mfp-src=\"#Listofroutes\" data-mfp-type=\"inline\" data-mobile=\"yes\"><a href=\"#\"><button><i class=\"fas fa-list\"><\/i> Listado de v\u00edas<\/button><\/a><\/span>\n<div class=\"su-lightbox-content su-u-trim \" id=\"Listofroutes\" style=\"display:none;width:auto;min-width:none;max-width:600px;margin-top:40px;margin-bottom:40px;padding:40px;background:#FFFFFF;color:#333333;box-shadow:0px 0px 15px #333333;text-align:center\"><h4><b>V\u00edas de varios largos en Montanejos<\/b><\/h4>\n<table width=\"100%\" align=\"center\">\n  <thead>\n    <tr>\n      <th>Zona<\/th>\n      <th>V\u00eda<\/th>\n      <th>Longitud<\/th>\n      <th>Dificultad<\/th>\n    <\/tr>\n  <\/thead>\n  <tbody>\n    <tr>\n      <td rowspan=\"3\">Maimona<\/td>\n      <td>La magia de tu melena<\/td>\n      <td>120m<\/td>\n      <td>5+<\/td>\n    <\/tr>\n    <tr>\n      <td>Parados al sol<\/td>\n      <td>130m<\/td>\n      <td>6a<\/td>\n    <\/tr>\n    <tr>\n      <td>Monsieur<\/td>\n      <td>250m<\/td>\n      <td>6b+<\/td>\n    <\/tr>\n    <tr>\n      <td rowspan=\"3\">Mijares<\/td>\n      <td>G.P.<\/td>\n      <td>120m<\/td>\n      <td>6a<\/td>\n    <\/tr>\n    <tr>\n      <td>Pericondrio Tragal<\/td>\n      <td>110m<\/td>\n      <td>6a+<\/td>\n    <\/tr>\n    <tr>\n      <td>Cristal Oscuro<\/td>\n      <td>110m<\/td>\n      <td>6a+<\/td>\n    <\/tr>\n  <\/tbody>\n<\/table><\/div>","protected":false},"excerpt":{"rendered":"<p>La aventura de escalar por los salvajes r\u00edos Maimona y Mijares.<\/p>\n","protected":false},"featured_media":70681,"template":"","meta":{"_joinchat":[],"jetpack_publicize_message":"","jetpack_publicize_feature_enabled":true,"jetpack_social_post_already_shared":true,"jetpack_social_options":{"image_generator_settings":{"template":"highway","default_image_id":0,"font":"","enabled":false},"version":2}},"product_brand":[],"product_cat":[45,38,34,46],"product_tag":[51,52],"class_list":{"0":"post-101028","1":"product","2":"type-product","3":"status-publish","4":"has-post-thumbnail","6":"product_cat-activities","7":"product_cat-climbing","8":"product_cat-experiences","9":"product_cat-sports","10":"product_tag-advance","11":"product_tag-intermediate","13":"first","14":"instock","15":"taxable","16":"shipping-taxable","17":"purchasable","18":"product-type-variable"},"yoast_head":"<!-- This site is optimized with the Yoast SEO plugin v27.3 - https:\/\/yoast.com\/product\/yoast-seo-wordpress\/ -->\n<title>Escalada guiada en las grandes paredes de Montanejos | Valencia Climb<\/title>\n<meta name=\"robots\" content=\"index, follow, max-snippet:-1, max-image-preview:large, max-video-preview:-1\" \/>\n<link rel=\"canonical\" href=\"https:\/\/www.valenciaclimb.com\/es\/activity\/multi-pitch-climbing-in-montanejos\/\" \/>\n<meta property=\"og:locale\" content=\"es_ES\" \/>\n<meta property=\"og:type\" content=\"article\" \/>\n<meta property=\"og:title\" content=\"Escalada guiada en las grandes paredes de Montanejos | Valencia Climb\" \/>\n<meta property=\"og:description\" content=\"La aventura de escalar por los salvajes r\u00edos Maimona y Mijares.\" \/>\n<meta property=\"og:url\" content=\"https:\/\/www.valenciaclimb.com\/es\/activity\/multi-pitch-climbing-in-montanejos\/\" \/>\n<meta property=\"og:site_name\" content=\"Valencia Climb\" \/>\n<meta property=\"article:publisher\" content=\"https:\/\/www.facebook.com\/ValenciaClimb\" \/>\n<meta property=\"article:modified_time\" content=\"2026-02-04T19:45:57+00:00\" \/>\n<meta property=\"og:image\" content=\"https:\/\/www.valenciaclimb.com\/wp-content\/uploads\/2025\/06\/20241201_124322-scaled.jpg\" \/>\n\t<meta property=\"og:image:width\" content=\"2560\" \/>\n\t<meta property=\"og:image:height\" content=\"1920\" \/>\n\t<meta property=\"og:image:type\" content=\"image\/jpeg\" \/>\n<meta name=\"twitter:card\" content=\"summary_large_image\" \/>\n<meta name=\"twitter:site\" content=\"@ValenciaClimb\" \/>\n<meta name=\"twitter:label1\" content=\"Tiempo de lectura\" \/>\n\t<meta name=\"twitter:data1\" content=\"1 minuto\" \/>\n<script type=\"application\/ld+json\" class=\"yoast-schema-graph\">{\"@context\":\"https:\\\/\\\/schema.org\",\"@graph\":[{\"@type\":\"WebPage\",\"@id\":\"https:\\\/\\\/www.valenciaclimb.com\\\/es\\\/activity\\\/multi-pitch-climbing-in-montanejos\\\/\",\"url\":\"https:\\\/\\\/www.valenciaclimb.com\\\/es\\\/activity\\\/multi-pitch-climbing-in-montanejos\\\/\",\"name\":\"Escalada guiada en las grandes paredes de Montanejos | Valencia Climb\",\"isPartOf\":{\"@id\":\"https:\\\/\\\/www.valenciaclimb.com\\\/es\\\/#website\"},\"primaryImageOfPage\":{\"@id\":\"https:\\\/\\\/www.valenciaclimb.com\\\/es\\\/activity\\\/multi-pitch-climbing-in-montanejos\\\/#primaryimage\"},\"image\":{\"@id\":\"https:\\\/\\\/www.valenciaclimb.com\\\/activity\\\/multi-pitch-climbing-in-montanejos\\\/#primaryimage\"},\"thumbnailUrl\":\"https:\\\/\\\/i0.wp.com\\\/www.valenciaclimb.com\\\/wp-content\\\/uploads\\\/2025\\\/06\\\/20241201_124322-scaled.jpg?fit=2560%2C1920&ssl=1\",\"datePublished\":\"2025-09-23T14:16:41+00:00\",\"dateModified\":\"2026-02-04T19:45:57+00:00\",\"breadcrumb\":{\"@id\":\"https:\\\/\\\/www.valenciaclimb.com\\\/es\\\/activity\\\/multi-pitch-climbing-in-montanejos\\\/#breadcrumb\"},\"inLanguage\":\"es\",\"potentialAction\":[{\"@type\":\"ReadAction\",\"target\":[[\"https:\\\/\\\/www.valenciaclimb.com\\\/es\\\/activity\\\/multi-pitch-climbing-in-montanejos\\\/\"]]}]},{\"@type\":\"ImageObject\",\"inLanguage\":\"es\",\"@id\":\"https:\\\/\\\/www.valenciaclimb.com\\\/es\\\/activity\\\/multi-pitch-climbing-in-montanejos\\\/#primaryimage\",\"url\":\"https:\\\/\\\/i0.wp.com\\\/www.valenciaclimb.com\\\/wp-content\\\/uploads\\\/2025\\\/06\\\/20241201_124322-scaled.jpg?fit=2560%2C1920&ssl=1\",\"contentUrl\":\"https:\\\/\\\/i0.wp.com\\\/www.valenciaclimb.com\\\/wp-content\\\/uploads\\\/2025\\\/06\\\/20241201_124322-scaled.jpg?fit=2560%2C1920&ssl=1\",\"width\":2560,\"height\":1920,\"caption\":\"[:en][:es]Mar escalando en el Barranco de la Maimona, en Montanejos (Castell\u00f3n), durante la primera edici\u00f3n del PTE[:]\"},{\"@type\":\"BreadcrumbList\",\"@id\":\"https:\\\/\\\/www.valenciaclimb.com\\\/es\\\/activity\\\/multi-pitch-climbing-in-montanejos\\\/#breadcrumb\",\"itemListElement\":[{\"@type\":\"ListItem\",\"position\":1,\"name\":\"Home\",\"item\":\"https:\\\/\\\/www.valenciaclimb.com\\\/es\\\/\"},{\"@type\":\"ListItem\",\"position\":2,\"name\":\"Shop\",\"item\":\"https:\\\/\\\/www.valenciaclimb.com\\\/es\\\/shop\\\/\"},{\"@type\":\"ListItem\",\"position\":3,\"name\":\"Guided multi-pitch climbing in Montanejos\"}]},{\"@type\":\"WebSite\",\"@id\":\"https:\\\/\\\/www.valenciaclimb.com\\\/es\\\/#website\",\"url\":\"https:\\\/\\\/www.valenciaclimb.com\\\/es\\\/\",\"name\":\"Valencia Climb\",\"description\":\"[:en]Rock climbing guides in Valencia, Spain[:es]Gu\u00edas de escalada en roca en Valencia, Espa\u00f1a[:]\",\"publisher\":{\"@id\":\"https:\\\/\\\/www.valenciaclimb.com\\\/es\\\/#organization\"},\"potentialAction\":[{\"@type\":\"SearchAction\",\"target\":{\"@type\":\"EntryPoint\",\"urlTemplate\":\"https:\\\/\\\/www.valenciaclimb.com\\\/es\\\/?s={search_term_string}\"},\"query-input\":{\"@type\":\"PropertyValueSpecification\",\"valueRequired\":true,\"valueName\":\"search_term_string\"}}],\"inLanguage\":\"es\"},{\"@type\":\"Organization\",\"@id\":\"https:\\\/\\\/www.valenciaclimb.com\\\/es\\\/#organization\",\"name\":\"Valencia Climb\",\"url\":\"https:\\\/\\\/www.valenciaclimb.com\\\/es\\\/\",\"logo\":{\"@type\":\"ImageObject\",\"inLanguage\":\"es\",\"@id\":\"https:\\\/\\\/www.valenciaclimb.com\\\/es\\\/#\\\/schema\\\/logo\\\/image\\\/\",\"url\":\"https:\\\/\\\/i0.wp.com\\\/www.valenciaclimb.com\\\/wp-content\\\/uploads\\\/2024\\\/09\\\/Captura-de-pantalla-2024-09-13-a-las-21.34.24.png?fit=674%2C696&ssl=1\",\"contentUrl\":\"https:\\\/\\\/i0.wp.com\\\/www.valenciaclimb.com\\\/wp-content\\\/uploads\\\/2024\\\/09\\\/Captura-de-pantalla-2024-09-13-a-las-21.34.24.png?fit=674%2C696&ssl=1\",\"width\":674,\"height\":696,\"caption\":\"Valencia Climb\"},\"image\":{\"@id\":\"https:\\\/\\\/www.valenciaclimb.com\\\/es\\\/#\\\/schema\\\/logo\\\/image\\\/\"},\"sameAs\":[\"https:\\\/\\\/www.facebook.com\\\/ValenciaClimb\",\"https:\\\/\\\/x.com\\\/ValenciaClimb\",\"https:\\\/\\\/www.instagram.com\\\/valenciaclimb\\\/\",\"https:\\\/\\\/www.youtube.com\\\/channel\\\/UCHSV6B-lmlpmv4RhMJ7Zv1w\"]}]}<\/script>\n<!-- \/ Yoast SEO plugin. -->","yoast_head_json":{"title":"Escalada guiada en las grandes paredes de Montanejos | Valencia Climb","robots":{"index":"index","follow":"follow","max-snippet":"max-snippet:-1","max-image-preview":"max-image-preview:large","max-video-preview":"max-video-preview:-1"},"canonical":"https:\/\/www.valenciaclimb.com\/es\/activity\/multi-pitch-climbing-in-montanejos\/","og_locale":"es_ES","og_type":"article","og_title":"Escalada guiada en las grandes paredes de Montanejos | Valencia Climb","og_description":"La aventura de escalar por los salvajes r\u00edos Maimona y Mijares.","og_url":"https:\/\/www.valenciaclimb.com\/es\/activity\/multi-pitch-climbing-in-montanejos\/","og_site_name":"Valencia Climb","article_publisher":"https:\/\/www.facebook.com\/ValenciaClimb","article_modified_time":"2026-02-04T19:45:57+00:00","og_image":[{"width":2560,"height":1920,"url":"https:\/\/www.valenciaclimb.com\/wp-content\/uploads\/2025\/06\/20241201_124322-scaled.jpg","type":"image\/jpeg"}],"twitter_card":"summary_large_image","twitter_site":"@ValenciaClimb","twitter_misc":{"Tiempo de lectura":"1 minuto"},"schema":{"@context":"https:\/\/schema.org","@graph":[{"@type":"WebPage","@id":"https:\/\/www.valenciaclimb.com\/es\/activity\/multi-pitch-climbing-in-montanejos\/","url":"https:\/\/www.valenciaclimb.com\/es\/activity\/multi-pitch-climbing-in-montanejos\/","name":"Escalada guiada en las grandes paredes de Montanejos | Valencia Climb","isPartOf":{"@id":"https:\/\/www.valenciaclimb.com\/es\/#website"},"primaryImageOfPage":{"@id":"https:\/\/www.valenciaclimb.com\/es\/activity\/multi-pitch-climbing-in-montanejos\/#primaryimage"},"image":{"@id":"https:\/\/www.valenciaclimb.com\/activity\/multi-pitch-climbing-in-montanejos\/#primaryimage"},"thumbnailUrl":"https:\/\/i0.wp.com\/www.valenciaclimb.com\/wp-content\/uploads\/2025\/06\/20241201_124322-scaled.jpg?fit=2560%2C1920&ssl=1","datePublished":"2025-09-23T14:16:41+00:00","dateModified":"2026-02-04T19:45:57+00:00","breadcrumb":{"@id":"https:\/\/www.valenciaclimb.com\/es\/activity\/multi-pitch-climbing-in-montanejos\/#breadcrumb"},"inLanguage":"es","potentialAction":[{"@type":"ReadAction","target":[["https:\/\/www.valenciaclimb.com\/es\/activity\/multi-pitch-climbing-in-montanejos\/"]]}]},{"@type":"ImageObject","inLanguage":"es","@id":"https:\/\/www.valenciaclimb.com\/es\/activity\/multi-pitch-climbing-in-montanejos\/#primaryimage","url":"https:\/\/i0.wp.com\/www.valenciaclimb.com\/wp-content\/uploads\/2025\/06\/20241201_124322-scaled.jpg?fit=2560%2C1920&ssl=1","contentUrl":"https:\/\/i0.wp.com\/www.valenciaclimb.com\/wp-content\/uploads\/2025\/06\/20241201_124322-scaled.jpg?fit=2560%2C1920&ssl=1","width":2560,"height":1920,"caption":"[:en][:es]Mar escalando en el Barranco de la Maimona, en Montanejos (Castell\u00f3n), durante la primera edici\u00f3n del PTE[:]"},{"@type":"BreadcrumbList","@id":"https:\/\/www.valenciaclimb.com\/es\/activity\/multi-pitch-climbing-in-montanejos\/#breadcrumb","itemListElement":[{"@type":"ListItem","position":1,"name":"Home","item":"https:\/\/www.valenciaclimb.com\/es\/"},{"@type":"ListItem","position":2,"name":"Shop","item":"https:\/\/www.valenciaclimb.com\/es\/shop\/"},{"@type":"ListItem","position":3,"name":"Guided multi-pitch climbing in Montanejos"}]},{"@type":"WebSite","@id":"https:\/\/www.valenciaclimb.com\/es\/#website","url":"https:\/\/www.valenciaclimb.com\/es\/","name":"Valencia Climb","description":"[:en]Rock climbing guides in Valencia, Spain[:es]Gu\u00edas de escalada en roca en Valencia, Espa\u00f1a[:]","publisher":{"@id":"https:\/\/www.valenciaclimb.com\/es\/#organization"},"potentialAction":[{"@type":"SearchAction","target":{"@type":"EntryPoint","urlTemplate":"https:\/\/www.valenciaclimb.com\/es\/?s={search_term_string}"},"query-input":{"@type":"PropertyValueSpecification","valueRequired":true,"valueName":"search_term_string"}}],"inLanguage":"es"},{"@type":"Organization","@id":"https:\/\/www.valenciaclimb.com\/es\/#organization","name":"Valencia Climb","url":"https:\/\/www.valenciaclimb.com\/es\/","logo":{"@type":"ImageObject","inLanguage":"es","@id":"https:\/\/www.valenciaclimb.com\/es\/#\/schema\/logo\/image\/","url":"https:\/\/i0.wp.com\/www.valenciaclimb.com\/wp-content\/uploads\/2024\/09\/Captura-de-pantalla-2024-09-13-a-las-21.34.24.png?fit=674%2C696&ssl=1","contentUrl":"https:\/\/i0.wp.com\/www.valenciaclimb.com\/wp-content\/uploads\/2024\/09\/Captura-de-pantalla-2024-09-13-a-las-21.34.24.png?fit=674%2C696&ssl=1","width":674,"height":696,"caption":"Valencia Climb"},"image":{"@id":"https:\/\/www.valenciaclimb.com\/es\/#\/schema\/logo\/image\/"},"sameAs":["https:\/\/www.facebook.com\/ValenciaClimb","https:\/\/x.com\/ValenciaClimb","https:\/\/www.instagram.com\/valenciaclimb\/","https:\/\/www.youtube.com\/channel\/UCHSV6B-lmlpmv4RhMJ7Zv1w"]}]}},"jetpack_publicize_connections":[],"jetpack_sharing_enabled":true,"_links":{"self":[{"href":"https:\/\/www.valenciaclimb.com\/es\/wp-json\/wp\/v2\/product\/101028","targetHints":{"allow":["GET"]}}],"collection":[{"href":"https:\/\/www.valenciaclimb.com\/es\/wp-json\/wp\/v2\/product"}],"about":[{"href":"https:\/\/www.valenciaclimb.com\/es\/wp-json\/wp\/v2\/types\/product"}],"wp:featuredmedia":[{"embeddable":true,"href":"https:\/\/www.valenciaclimb.com\/es\/wp-json\/wp\/v2\/media\/70681"}],"wp:attachment":[{"href":"https:\/\/www.valenciaclimb.com\/es\/wp-json\/wp\/v2\/media?parent=101028"}],"wp:term":[{"taxonomy":"product_brand","embeddable":true,"href":"https:\/\/www.valenciaclimb.com\/es\/wp-json\/wp\/v2\/product_brand?post=101028"},{"taxonomy":"product_cat","embeddable":true,"href":"https:\/\/www.valenciaclimb.com\/es\/wp-json\/wp\/v2\/product_cat?post=101028"},{"taxonomy":"product_tag","embeddable":true,"href":"https:\/\/www.valenciaclimb.com\/es\/wp-json\/wp\/v2\/product_tag?post=101028"}],"curies":[{"name":"wp","href":"https:\/\/api.w.org\/{rel}","templated":true}]}}