{"id":595,"date":"2018-09-07T08:02:50","date_gmt":"2018-09-07T08:02:50","guid":{"rendered":"http:\/\/www.valenciaclimb.com\/?page_id=595"},"modified":"2025-12-15T19:53:17","modified_gmt":"2025-12-15T17:53:17","slug":"terms-of-service","status":"publish","type":"page","link":"https:\/\/www.valenciaclimb.com\/es\/condiciones-del-servicio\/","title":{"rendered":"Condiciones del servicio"},"content":{"rendered":"<ol>\n<li>\n<h4><a href=\"#bookings\">Reservas<\/a><\/h4>\n<\/li>\n<li>\n<h4><a href=\"#payments\">Pagos<\/a><\/h4>\n<\/li>\n<li>\n<h4><a href=\"#paymentmethods\">M\u00e9todos de pago<\/a><\/h4>\n<\/li>\n<li>\n<h4><a href=\"#cancellations\">Cancelaciones<\/a><\/h4>\n<\/li>\n<li>\n<h4><a href=\"#rescheduling\">Reprogramaci\u00f3n<\/a><\/h4>\n<\/li>\n<li>\n<h4><a href=\"#trips\">Viajes<\/a><\/h4>\n<\/li>\n<li>\n<h4><a href=\"#notifications\">Notificaciones<\/a><\/h4>\n<\/li>\n<\/ol>\n<div id=\"bookings\" class=\"small-title\">\n<h2>1. Proceso de reserva<\/h2>\n<\/div>\n<p>En nuestra p\u00e1gina web ofrecemos diferentes tipos de actividades con diferentes procesos de reserva y pol\u00edticas de cancelaci\u00f3n.<\/p>\n<p>Para reservar una <strong>actividad grupal<\/strong>, debes seleccionar la actividad en la que desees inscribirte y a\u00f1adirla a tu carrito. Antes de proceder con el pago, verifica que los art\u00edculos de tu carrito coinciden con tus planes.<\/p>\n<p>Para reservar cualquier <strong>actividad privada<\/strong>, debes ponerte en contacto con nosotros para verificar la disponibilidad y enviarte una confirmaci\u00f3n de fechas y precios por correo electr\u00f3nico. Despu\u00e9s de recibir nuestra confirmaci\u00f3n y verificar toda la informaci\u00f3n, podr\u00e1s completar la reserva, realizando un pago de dep\u00f3sito (50% del precio final). El pago del saldo restante debe hacerse al menos con 7 d\u00edas de antelaci\u00f3n a la fecha de inicio programada de la actividad.<\/p>\n<div id=\"payments\" class=\"small-title\">\n<h2>2. Pagos<\/h2>\n<\/div>\n<p>Para reservar una <strong>actividad grupal<\/strong> deber\u00e1s hacer un \u00fanico pago de la cantidad total.<\/p>\n<p>Para contratar una <strong>actividad privada<\/strong>, generalmente deber\u00e1s hacer dos pagos:<\/p>\n<ul>\n<li>Dep\u00f3sito de reserva<\/li>\n<li>Saldo restante<\/li>\n<\/ul>\n<p>El pago del <b>dep\u00f3sito de reserva<\/b> representa el 50% del precio final de la actividad y debe pagarse para completar la reserva y garantizar la fecha de su pr\u00f3ximo viaje con nosotros. Sin el pago del dep\u00f3sito, la reserva no estar\u00e1 finalizada.<\/p>\n<p>El pago del <b>saldo restante<\/b> debe pagarse al menos con 7 d\u00edas de antelaci\u00f3n a la fecha de inicio programada de la actividad. No completar el pago de la actividad con la suficiente antelaci\u00f3n producir\u00e1 una cancelaci\u00f3n autom\u00e1tica de la actividad sin derecho al reembolso del dep\u00f3sito de la reserva.<\/p>\n<p><i>Si <b>reservas a \u00faltima hora<\/b> (con menos de 7 d\u00edas de antelaci\u00f3n a la fecha de inicio programada) deber\u00e1s realizar un <b>\u00fanico pago<\/b> del importe total de la actividad.<\/i><\/p>\n<div id=\"paymentmethods\" class=\"small-title\">\n<h2>3. M\u00e9todos de pago<\/h2>\n<\/div>\n<p>Aceptamos diferentes m\u00e9todos de pago:<\/p>\n<ul>\n<li>Transferencia bancaria (preferible)<\/li>\n<li>Tarjeta de cr\u00e9dito<\/li>\n<li>Bizum<\/li>\n<li>PayPal<\/li>\n<\/ul>\n<p>La <b>transferencia bancaria<\/b> es el m\u00e9todo de pago preferible. Introduzca su nombre completo o ID del pedido como concepto y <u>env\u00edenos un E-mail con el resguardo<\/u> para notificar el pago una vez completada la transferencia.<\/p>\n<p>Puede realizar e pago con <b>tarjeta de cr\u00e9dito o d\u00e9bito<\/b> usando los servicios integrados de Redsys. Se aceptan tarjetas tanto nacionales como internacionales de las principales marcas: Visa, Master, American Express, JCB, Diners y Unionpay.<\/p>\n<p>Si lo desea, puede usar <b>bizum<\/b> para completar el pago, realizando un env\u00edo de dinero al n\u00famero (+34) 660 15 49 96. Nombre del titular Pablo B.B. <\/p>\n<p>Rogamos realize el pago a trav\u00e9s de <b>PayPal<\/b> como \u00faltima alternativa ya que el uso de este servicio conlleva una <u>elevada comisi\u00f3n para el vendedor<\/u>. Introduzca el importe de la reserva antes de proceder al pago.<\/p>\n<div id=\"cancellations\" class=\"small-title\">\n<h2>4. Cancelaciones<\/h2>\n<\/div>\n<p><b>Del usuario:<\/b><br \/>\nPara obtener un reembolso total cancela con al menos 7 d\u00edas de antelaci\u00f3n a la fecha de inicio programada de la actividad o dentro de las 24 horas siguientes a la compra, siempre y cuando esta se realice cuando falten m\u00e1s de 48 horas para el inicio de la actividad. Las cancelaciones con menos de 7 d\u00edas de antelaci\u00f3n a la fecha de inicio programada de la actividad no tendr\u00e1n derecho al reembolso del dep\u00f3sito. Las cancelaciones con menos de 48 horas de antelaci\u00f3n a la fecha de inicio programada de la actividad no ser\u00e1n reembolsadas. No presentarse en el lugar y a la hora de inicio de la actividad establecida por la empresa, presentar cualquier tipo de indisposici\u00f3n, enfermedad o lesi\u00f3n durante la actividad o el incumplimiento de cualquiera de las condiciones establecidas en el <i>contrato de servicios<\/i> producir\u00e1 una cancelaci\u00f3n inmediata de la actividad sin derecho a ning\u00fan tipo de reembolso.<\/p>\n<p><b>De la empresa:<\/b><br \/>\nLa empresa se reserva el derecho de cancelar cualquier actividad por razones tales como enfermedad o fuerza mayor del gu\u00eda, previsi\u00f3n meteorol\u00f3gica adversa o por no llegar al grupo m\u00ednimo (falta de reservas o cancelaciones de \u00faltima hora), en cuyo caso se producir\u00e1 una reprogramaci\u00f3n de la actividad (ver apartado 5.Reprogramaci\u00f3n).<\/p>\n<p><b>De fuerza mayor:<\/b><br \/>\nUna vez comenzada la actividad, lamentamos no poder aceptar la responsabilidad ni pagar ninguna compensaci\u00f3n en caso de que la actividad se cancele por causas de fuerza mayor tales como en caso de guerra, disturbios civiles, actividad terrorista, cat\u00e1strofe natural, condiciones clim\u00e1ticas adversas, incendio y todos los eventos similares fuera de nuestro control.<\/p>\n<div id=\"rescheduling\" class=\"small-title\">\n<h2>5. Reprogramaci\u00f3n<\/h2>\n<\/div>\n<p><b>Del usuario:<\/b><br \/>\nSiempre que la empresa tenga disponibilidad, podr\u00e1s reprogramar voluntariamente y sin coste una actividad privada hasta 48 horas antes del inicio programado. Reprogramar una actividad con menos de 48 horas de antelaci\u00f3n al inicio programado tendr\u00e1 un suplemento del 25% del precio total. La pol\u00edtica de cancelaci\u00f3n de las actividades reprogramadas se basar\u00e1 en la hora de compra original y la fecha de inicio original de la actividad.<\/p>\n<p><b>De la empresa:<\/b><br \/>\nUna actividad que sufra una cancelaci\u00f3n por parte de la empresa (ver apartado 4.Cancelaciones) ser\u00e1 reprogramada sin coste alguno. Si tu actividad sufre una reprogramaci\u00f3n, ser\u00e1s contactados lo antes posible para acordar una nueva fecha pr\u00f3xima. En casos especiales y debidamente justificados en los que no sea posible reprogramar una actividad que haya sufrido una cancelaci\u00f3n por parte de la empresa a una fecha pr\u00f3xima y siempre que no se haya producido ning\u00fan tipo de gasto previo por parte de la empresa (reservas, desplazamientos, compra o alquiler de materiales&#8230;), se podr\u00e1 realizar un reembolso parcial o total.<\/p>\n<div id=\"trips\" class=\"small-title\">\n<h2>6. Viajes<\/h2>\n<\/div>\n<p>Los viajes que ofertamos en la p\u00e1gina web est\u00e1n organizados por nuestra agencia asociada Road To Elements y las condiciones de reserva pueden variar del resto de actividades que ofrecemos. <\/p>\n<p><b>Reservas:<\/b><br \/>\nPor lo general, se requiere de un pago de reserva del 25% del precio total. El resto se deber\u00e1 abonar 45 d\u00edas antes del inicio del viaje.<\/p>\n<p><b>Cancelaciones:<\/b><br \/>\nCancela con 45 d\u00edas de antelaci\u00f3n para obtener un reembolso total. Es posible que debido a la pol\u00edtica de cancelaci\u00f3n m\u00e1s estricta de algunos servicios asociados al viaje, no sea posible recuperar el 100% del pago realizado. En cualquier caso, los documentos necesarios estar\u00e1n disponible para consulta del usuario.<\/p>\n<div id=\"notifications\" class=\"small-title\">\n<h2>7. Notificaciones<\/h2>\n<\/div>\n<p>La notificaci\u00f3n de cualquier reserva, cancelaci\u00f3n o reprogramaci\u00f3n de una actividad se realizar\u00e1 por tel\u00e9fono o WhatsApp (961 163 120) o por correo electr\u00f3nico (info@valenciaclimb.com).","protected":false},"excerpt":{"rendered":"<p>Reservas Pagos M\u00e9todos de pago Cancelaciones Reprogramaci\u00f3n Viajes Notificaciones 1. Proceso de reserva En nuestra p\u00e1gina web ofrecemos diferentes tipos de actividades con diferentes procesos de reserva y pol\u00edticas de cancelaci\u00f3n. Para reservar una actividad grupal, debes seleccionar la actividad en la que desees inscribirte y a\u00f1adirla a tu carrito. Antes de proceder con el [&hellip;]<\/p>\n","protected":false},"author":1,"featured_media":0,"parent":0,"menu_order":0,"comment_status":"closed","ping_status":"closed","template":"","meta":{"_joinchat":[],"footnotes":""},"class_list":["post-595","page","type-page","status-publish","hentry"],"yoast_head":"<!-- This site is optimized with the Yoast SEO plugin v27.6 - https:\/\/yoast.com\/product\/yoast-seo-wordpress\/ -->\n<title>Condiciones del servicio<\/title>\n<meta name=\"robots\" content=\"index, follow, max-snippet:-1, max-image-preview:large, max-video-preview:-1\" \/>\n<link rel=\"canonical\" href=\"https:\/\/www.valenciaclimb.com\/es\/terms-of-service\/\" \/>\n<meta property=\"og:locale\" content=\"es_ES\" \/>\n<meta property=\"og:type\" content=\"article\" \/>\n<meta property=\"og:title\" content=\"Condiciones del servicio\" \/>\n<meta property=\"og:description\" content=\"Reservas Pagos M\u00e9todos de pago Cancelaciones Reprogramaci\u00f3n Viajes Notificaciones 1. Proceso de reserva En nuestra p\u00e1gina web ofrecemos diferentes tipos de actividades con diferentes procesos de reserva y pol\u00edticas de cancelaci\u00f3n. Para reservar una actividad grupal, debes seleccionar la actividad en la que desees inscribirte y a\u00f1adirla a tu carrito. Antes de proceder con el [&hellip;]\" \/>\n<meta property=\"og:url\" content=\"https:\/\/www.valenciaclimb.com\/es\/terms-of-service\/\" \/>\n<meta property=\"og:site_name\" content=\"Valencia Climb\" \/>\n<meta property=\"article:publisher\" content=\"https:\/\/www.facebook.com\/ValenciaClimb\" \/>\n<meta property=\"article:modified_time\" content=\"2025-12-15T17:53:17+00:00\" \/>\n<meta property=\"og:image\" content=\"https:\/\/i0.wp.com\/www.valenciaclimb.com\/wp-content\/uploads\/2024\/09\/Valencia-Climb.png?fit=1912%2C744&ssl=1\" \/>\n\t<meta property=\"og:image:width\" content=\"1912\" \/>\n\t<meta property=\"og:image:height\" content=\"744\" \/>\n\t<meta property=\"og:image:type\" content=\"image\/png\" \/>\n<meta name=\"twitter:card\" content=\"summary_large_image\" \/>\n<meta name=\"twitter:site\" content=\"@ValenciaClimb\" \/>\n<meta name=\"twitter:label1\" content=\"Tiempo de lectura\" \/>\n\t<meta name=\"twitter:data1\" content=\"5 minutos\" \/>\n<script type=\"application\/ld+json\" class=\"yoast-schema-graph\">{\"@context\":\"https:\\\/\\\/schema.org\",\"@graph\":[{\"@type\":\"WebPage\",\"@id\":\"https:\\\/\\\/www.valenciaclimb.com\\\/es\\\/terms-of-service\\\/\",\"url\":\"https:\\\/\\\/www.valenciaclimb.com\\\/es\\\/terms-of-service\\\/\",\"name\":\"Condiciones del servicio\",\"isPartOf\":{\"@id\":\"https:\\\/\\\/www.valenciaclimb.com\\\/es\\\/#website\"},\"datePublished\":\"2018-09-07T08:02:50+00:00\",\"dateModified\":\"2025-12-15T17:53:17+00:00\",\"breadcrumb\":{\"@id\":\"https:\\\/\\\/www.valenciaclimb.com\\\/es\\\/terms-of-service\\\/#breadcrumb\"},\"inLanguage\":\"es\",\"potentialAction\":[{\"@type\":\"ReadAction\",\"target\":[[\"https:\\\/\\\/www.valenciaclimb.com\\\/es\\\/terms-of-service\\\/\"]]}]},{\"@type\":\"BreadcrumbList\",\"@id\":\"https:\\\/\\\/www.valenciaclimb.com\\\/es\\\/terms-of-service\\\/#breadcrumb\",\"itemListElement\":[{\"@type\":\"ListItem\",\"position\":1,\"name\":\"Home\",\"item\":\"https:\\\/\\\/www.valenciaclimb.com\\\/es\\\/\"},{\"@type\":\"ListItem\",\"position\":2,\"name\":\"Terms of service\"}]},{\"@type\":\"WebSite\",\"@id\":\"https:\\\/\\\/www.valenciaclimb.com\\\/es\\\/#website\",\"url\":\"https:\\\/\\\/www.valenciaclimb.com\\\/es\\\/\",\"name\":\"Valencia Climb\",\"description\":\"[:en]Rock climbing guides in Valencia, Spain[:es]Gu\u00edas de escalada en roca en Valencia, Espa\u00f1a[:]\",\"publisher\":{\"@id\":\"https:\\\/\\\/www.valenciaclimb.com\\\/es\\\/#organization\"},\"potentialAction\":[{\"@type\":\"SearchAction\",\"target\":{\"@type\":\"EntryPoint\",\"urlTemplate\":\"https:\\\/\\\/www.valenciaclimb.com\\\/es\\\/?s={search_term_string}\"},\"query-input\":{\"@type\":\"PropertyValueSpecification\",\"valueRequired\":true,\"valueName\":\"search_term_string\"}}],\"inLanguage\":\"es\"},{\"@type\":\"Organization\",\"@id\":\"https:\\\/\\\/www.valenciaclimb.com\\\/es\\\/#organization\",\"name\":\"Valencia Climb\",\"url\":\"https:\\\/\\\/www.valenciaclimb.com\\\/es\\\/\",\"logo\":{\"@type\":\"ImageObject\",\"inLanguage\":\"es\",\"@id\":\"https:\\\/\\\/www.valenciaclimb.com\\\/es\\\/#\\\/schema\\\/logo\\\/image\\\/\",\"url\":\"https:\\\/\\\/i0.wp.com\\\/www.valenciaclimb.com\\\/wp-content\\\/uploads\\\/2024\\\/09\\\/Captura-de-pantalla-2024-09-13-a-las-21.34.24.png?fit=674%2C696&ssl=1\",\"contentUrl\":\"https:\\\/\\\/i0.wp.com\\\/www.valenciaclimb.com\\\/wp-content\\\/uploads\\\/2024\\\/09\\\/Captura-de-pantalla-2024-09-13-a-las-21.34.24.png?fit=674%2C696&ssl=1\",\"width\":674,\"height\":696,\"caption\":\"Valencia Climb\"},\"image\":{\"@id\":\"https:\\\/\\\/www.valenciaclimb.com\\\/es\\\/#\\\/schema\\\/logo\\\/image\\\/\"},\"sameAs\":[\"https:\\\/\\\/www.facebook.com\\\/ValenciaClimb\",\"https:\\\/\\\/x.com\\\/ValenciaClimb\",\"https:\\\/\\\/www.instagram.com\\\/valenciaclimb\\\/\",\"https:\\\/\\\/www.youtube.com\\\/channel\\\/UCHSV6B-lmlpmv4RhMJ7Zv1w\"]}]}<\/script>\n<!-- \/ Yoast SEO plugin. -->","yoast_head_json":{"title":"Condiciones del servicio","robots":{"index":"index","follow":"follow","max-snippet":"max-snippet:-1","max-image-preview":"max-image-preview:large","max-video-preview":"max-video-preview:-1"},"canonical":"https:\/\/www.valenciaclimb.com\/es\/terms-of-service\/","og_locale":"es_ES","og_type":"article","og_title":"Condiciones del servicio","og_description":"Reservas Pagos M\u00e9todos de pago Cancelaciones Reprogramaci\u00f3n Viajes Notificaciones 1. Proceso de reserva En nuestra p\u00e1gina web ofrecemos diferentes tipos de actividades con diferentes procesos de reserva y pol\u00edticas de cancelaci\u00f3n. Para reservar una actividad grupal, debes seleccionar la actividad en la que desees inscribirte y a\u00f1adirla a tu carrito. Antes de proceder con el [&hellip;]","og_url":"https:\/\/www.valenciaclimb.com\/es\/terms-of-service\/","og_site_name":"Valencia Climb","article_publisher":"https:\/\/www.facebook.com\/ValenciaClimb","article_modified_time":"2025-12-15T17:53:17+00:00","og_image":[{"width":1912,"height":744,"url":"https:\/\/i0.wp.com\/www.valenciaclimb.com\/wp-content\/uploads\/2024\/09\/Valencia-Climb.png?fit=1912%2C744&ssl=1","type":"image\/png"}],"twitter_card":"summary_large_image","twitter_site":"@ValenciaClimb","twitter_misc":{"Tiempo de lectura":"5 minutos"},"schema":{"@context":"https:\/\/schema.org","@graph":[{"@type":"WebPage","@id":"https:\/\/www.valenciaclimb.com\/es\/terms-of-service\/","url":"https:\/\/www.valenciaclimb.com\/es\/terms-of-service\/","name":"Condiciones del servicio","isPartOf":{"@id":"https:\/\/www.valenciaclimb.com\/es\/#website"},"datePublished":"2018-09-07T08:02:50+00:00","dateModified":"2025-12-15T17:53:17+00:00","breadcrumb":{"@id":"https:\/\/www.valenciaclimb.com\/es\/terms-of-service\/#breadcrumb"},"inLanguage":"es","potentialAction":[{"@type":"ReadAction","target":[["https:\/\/www.valenciaclimb.com\/es\/terms-of-service\/"]]}]},{"@type":"BreadcrumbList","@id":"https:\/\/www.valenciaclimb.com\/es\/terms-of-service\/#breadcrumb","itemListElement":[{"@type":"ListItem","position":1,"name":"Home","item":"https:\/\/www.valenciaclimb.com\/es\/"},{"@type":"ListItem","position":2,"name":"Terms of service"}]},{"@type":"WebSite","@id":"https:\/\/www.valenciaclimb.com\/es\/#website","url":"https:\/\/www.valenciaclimb.com\/es\/","name":"Valencia Climb","description":"[:en]Rock climbing guides in Valencia, Spain[:es]Gu\u00edas de escalada en roca en Valencia, Espa\u00f1a[:]","publisher":{"@id":"https:\/\/www.valenciaclimb.com\/es\/#organization"},"potentialAction":[{"@type":"SearchAction","target":{"@type":"EntryPoint","urlTemplate":"https:\/\/www.valenciaclimb.com\/es\/?s={search_term_string}"},"query-input":{"@type":"PropertyValueSpecification","valueRequired":true,"valueName":"search_term_string"}}],"inLanguage":"es"},{"@type":"Organization","@id":"https:\/\/www.valenciaclimb.com\/es\/#organization","name":"Valencia Climb","url":"https:\/\/www.valenciaclimb.com\/es\/","logo":{"@type":"ImageObject","inLanguage":"es","@id":"https:\/\/www.valenciaclimb.com\/es\/#\/schema\/logo\/image\/","url":"https:\/\/i0.wp.com\/www.valenciaclimb.com\/wp-content\/uploads\/2024\/09\/Captura-de-pantalla-2024-09-13-a-las-21.34.24.png?fit=674%2C696&ssl=1","contentUrl":"https:\/\/i0.wp.com\/www.valenciaclimb.com\/wp-content\/uploads\/2024\/09\/Captura-de-pantalla-2024-09-13-a-las-21.34.24.png?fit=674%2C696&ssl=1","width":674,"height":696,"caption":"Valencia Climb"},"image":{"@id":"https:\/\/www.valenciaclimb.com\/es\/#\/schema\/logo\/image\/"},"sameAs":["https:\/\/www.facebook.com\/ValenciaClimb","https:\/\/x.com\/ValenciaClimb","https:\/\/www.instagram.com\/valenciaclimb\/","https:\/\/www.youtube.com\/channel\/UCHSV6B-lmlpmv4RhMJ7Zv1w"]}]}},"jetpack_sharing_enabled":true,"jetpack_shortlink":"https:\/\/wp.me\/P4fMb6-9B","_links":{"self":[{"href":"https:\/\/www.valenciaclimb.com\/es\/wp-json\/wp\/v2\/pages\/595","targetHints":{"allow":["GET"]}}],"collection":[{"href":"https:\/\/www.valenciaclimb.com\/es\/wp-json\/wp\/v2\/pages"}],"about":[{"href":"https:\/\/www.valenciaclimb.com\/es\/wp-json\/wp\/v2\/types\/page"}],"author":[{"embeddable":true,"href":"https:\/\/www.valenciaclimb.com\/es\/wp-json\/wp\/v2\/users\/1"}],"replies":[{"embeddable":true,"href":"https:\/\/www.valenciaclimb.com\/es\/wp-json\/wp\/v2\/comments?post=595"}],"version-history":[{"count":93,"href":"https:\/\/www.valenciaclimb.com\/es\/wp-json\/wp\/v2\/pages\/595\/revisions"}],"predecessor-version":[{"id":116815,"href":"https:\/\/www.valenciaclimb.com\/es\/wp-json\/wp\/v2\/pages\/595\/revisions\/116815"}],"wp:attachment":[{"href":"https:\/\/www.valenciaclimb.com\/es\/wp-json\/wp\/v2\/media?parent=595"}],"curies":[{"name":"wp","href":"https:\/\/api.w.org\/{rel}","templated":true}]}}