{"id":521,"date":"2018-07-03T21:39:22","date_gmt":"2018-07-03T21:39:22","guid":{"rendered":"http:\/\/valenciaclimb.com\/?page_id=521"},"modified":"2023-02-04T04:36:21","modified_gmt":"2023-02-04T02:36:21","slug":"cova-petxina","status":"publish","type":"page","link":"https:\/\/www.valenciaclimb.com\/es\/zonas-escalada\/bellus\/cova-petxina\/","title":{"rendered":"Cova Petxina"},"content":{"rendered":"La Cova Petxina es una peque\u00f1a joya. Situado a solo 1 minuto del estacionamiento y cerca del r\u00edo Albaida, no es sorprendente que haya muchos escaladores y excursionistas. La sombra entra a la 1pm en invierno y a las 4pm en verano. Tenemos varias v\u00edas de alta calidad de unos 20 metros de altura entre placas y desplomes explosivos de 4 a 8b dificultad. Las v\u00edas de la cueva han sido permanentemente desequipadas por la protecci\u00f3n del patrimonio cultural.<\/p>\n<div class=\"tiled-gallery type-rectangular tiled-gallery-unresized\" data-original-width=\"1600\" data-carousel-extra='{&quot;blog_id&quot;:1,&quot;permalink&quot;:&quot;https:\\\/\\\/www.valenciaclimb.com\\\/es\\\/zonas-escalada\\\/bellus\\\/cova-petxina\\\/&quot;,&quot;likes_blog_id&quot;:62865464}' itemscope itemtype=\"http:\/\/schema.org\/ImageGallery\" > <div class=\"gallery-row\" style=\"width: 1600px; height: 599px;\" data-original-width=\"1600\" data-original-height=\"599\" > <div class=\"gallery-group images-1\" style=\"width: 406px; height: 599px;\" data-original-width=\"406\" data-original-height=\"599\" > <div class=\"tiled-gallery-item tiled-gallery-item-large\" itemprop=\"associatedMedia\" itemscope itemtype=\"http:\/\/schema.org\/ImageObject\"> <a href=\"https:\/\/www.valenciaclimb.com\/es\/area-covapetxina-1\/\" border=\"0\" itemprop=\"url\"> <meta itemprop=\"width\" content=\"402\"> <meta itemprop=\"height\" content=\"595\"> <img decoding=\"async\" class=\"\" data-attachment-id=\"476\" data-orig-file=\"https:\/\/www.valenciaclimb.com\/wp-content\/uploads\/2018\/07\/area-covapetxina-1.jpg\" data-orig-size=\"487,720\" data-comments-opened=\"\" data-image-meta=\"{&quot;aperture&quot;:&quot;0&quot;,&quot;credit&quot;:&quot;&quot;,&quot;camera&quot;:&quot;&quot;,&quot;caption&quot;:&quot;&quot;,&quot;created_timestamp&quot;:&quot;0&quot;,&quot;copyright&quot;:&quot;&quot;,&quot;focal_length&quot;:&quot;0&quot;,&quot;iso&quot;:&quot;0&quot;,&quot;shutter_speed&quot;:&quot;0&quot;,&quot;title&quot;:&quot;&quot;,&quot;orientation&quot;:&quot;0&quot;}\" data-image-title=\"Pablo escalando la v\u00eda Pur\u00e9 de pascueros (7b) en Cova Petxina (Bellus).\" data-image-description=\"&lt;p&gt;Pablo escalando la v\u00eda Pur\u00e9 de pascueros (7b) en Cova Petxina (Bellus).&lt;\/p&gt; \" data-medium-file=\"https:\/\/i0.wp.com\/www.valenciaclimb.com\/wp-content\/uploads\/2018\/07\/area-covapetxina-1.jpg?fit=203%2C300&#038;ssl=1\" data-large-file=\"https:\/\/i0.wp.com\/www.valenciaclimb.com\/wp-content\/uploads\/2018\/07\/area-covapetxina-1.jpg?fit=487%2C720&#038;ssl=1\" src=\"https:\/\/i0.wp.com\/www.valenciaclimb.com\/wp-content\/uploads\/2018\/07\/area-covapetxina-1.jpg?w=402&#038;h=595&#038;ssl=1\" srcset=\"https:\/\/i0.wp.com\/www.valenciaclimb.com\/wp-content\/uploads\/2018\/07\/area-covapetxina-1.jpg?w=487&amp;ssl=1 487w, https:\/\/i0.wp.com\/www.valenciaclimb.com\/wp-content\/uploads\/2018\/07\/area-covapetxina-1.jpg?resize=203%2C300&amp;ssl=1 203w\" width=\"402\" height=\"595\" loading=\"lazy\" data-original-width=\"402\" data-original-height=\"595\" itemprop=\"http:\/\/schema.org\/image\" title=\"Pablo escalando la v\u00eda Pur\u00e9 de pascueros (7b) en Cova Petxina (Bellus).\" alt=\"Pablo escalando la v\u00eda Pur\u00e9 de pascueros (7b) en Cova Petxina (Bellus).\" style=\"width: 402px; height: 595px;\" \/> <\/a> <div class=\"tiled-gallery-caption\" itemprop=\"caption description\"> Pablo escalando la v\u00eda Pur\u00e9 de pascueros (7b) en Cova Petxina (Bellus). <\/div> <\/div> <\/div> <!-- close group --> <div class=\"gallery-group images-1\" style=\"width: 399px; height: 599px;\" data-original-width=\"399\" data-original-height=\"599\" > <div class=\"tiled-gallery-item tiled-gallery-item-large\" itemprop=\"associatedMedia\" itemscope itemtype=\"http:\/\/schema.org\/ImageObject\"> <a href=\"https:\/\/www.valenciaclimb.com\/es\/area-covapetxina-4\/\" border=\"0\" itemprop=\"url\"> <meta itemprop=\"width\" content=\"395\"> <meta itemprop=\"height\" content=\"595\"> <img decoding=\"async\" class=\"\" data-attachment-id=\"479\" data-orig-file=\"https:\/\/www.valenciaclimb.com\/wp-content\/uploads\/2018\/07\/area-covapetxina-4.jpg\" data-orig-size=\"478,720\" data-comments-opened=\"\" data-image-meta=\"{&quot;aperture&quot;:&quot;0&quot;,&quot;credit&quot;:&quot;&quot;,&quot;camera&quot;:&quot;&quot;,&quot;caption&quot;:&quot;&quot;,&quot;created_timestamp&quot;:&quot;0&quot;,&quot;copyright&quot;:&quot;&quot;,&quot;focal_length&quot;:&quot;0&quot;,&quot;iso&quot;:&quot;0&quot;,&quot;shutter_speed&quot;:&quot;0&quot;,&quot;title&quot;:&quot;&quot;,&quot;orientation&quot;:&quot;1&quot;}\" data-image-title=\"Pablo escalando la v\u00eda Anaconda (7b+) en Cova petxina (Bellus).\" data-image-description=\"&lt;p&gt;Pablo escalando la v\u00eda Anaconda (7b+) en Cova petxina (Bellus).&lt;\/p&gt; \" data-medium-file=\"https:\/\/i0.wp.com\/www.valenciaclimb.com\/wp-content\/uploads\/2018\/07\/area-covapetxina-4.jpg?fit=199%2C300&#038;ssl=1\" data-large-file=\"https:\/\/i0.wp.com\/www.valenciaclimb.com\/wp-content\/uploads\/2018\/07\/area-covapetxina-4.jpg?fit=478%2C720&#038;ssl=1\" src=\"https:\/\/i0.wp.com\/www.valenciaclimb.com\/wp-content\/uploads\/2018\/07\/area-covapetxina-4.jpg?w=395&#038;h=595&#038;ssl=1\" srcset=\"https:\/\/i0.wp.com\/www.valenciaclimb.com\/wp-content\/uploads\/2018\/07\/area-covapetxina-4.jpg?w=478&amp;ssl=1 478w, https:\/\/i0.wp.com\/www.valenciaclimb.com\/wp-content\/uploads\/2018\/07\/area-covapetxina-4.jpg?resize=199%2C300&amp;ssl=1 199w\" width=\"395\" height=\"595\" loading=\"lazy\" data-original-width=\"395\" data-original-height=\"595\" itemprop=\"http:\/\/schema.org\/image\" title=\"Pablo escalando la v\u00eda Anaconda (7b+) en Cova petxina (Bellus).\" alt=\"Pablo escalando la v\u00eda Anaconda (7b+) en Cova petxina (Bellus).\" style=\"width: 395px; height: 595px;\" \/> <\/a> <div class=\"tiled-gallery-caption\" itemprop=\"caption description\"> Pablo escalando la v\u00eda Anaconda (7b+) en Cova petxina (Bellus). <\/div> <\/div> <\/div> <!-- close group --> <div class=\"gallery-group images-1\" style=\"width: 399px; height: 599px;\" data-original-width=\"399\" data-original-height=\"599\" > <div class=\"tiled-gallery-item tiled-gallery-item-large\" itemprop=\"associatedMedia\" itemscope itemtype=\"http:\/\/schema.org\/ImageObject\"> <a href=\"https:\/\/www.valenciaclimb.com\/es\/area-covapetxina-3\/\" border=\"0\" itemprop=\"url\"> <meta itemprop=\"width\" content=\"395\"> <meta itemprop=\"height\" content=\"595\"> <img decoding=\"async\" class=\"\" data-attachment-id=\"478\" data-orig-file=\"https:\/\/www.valenciaclimb.com\/wp-content\/uploads\/2018\/07\/area-covapetxina-3.jpg\" data-orig-size=\"478,720\" data-comments-opened=\"\" data-image-meta=\"{&quot;aperture&quot;:&quot;0&quot;,&quot;credit&quot;:&quot;&quot;,&quot;camera&quot;:&quot;&quot;,&quot;caption&quot;:&quot;&quot;,&quot;created_timestamp&quot;:&quot;0&quot;,&quot;copyright&quot;:&quot;&quot;,&quot;focal_length&quot;:&quot;0&quot;,&quot;iso&quot;:&quot;0&quot;,&quot;shutter_speed&quot;:&quot;0&quot;,&quot;title&quot;:&quot;&quot;,&quot;orientation&quot;:&quot;0&quot;}\" data-image-title=\"Nacho escalando la v\u00eda Pur\u00e9 de pascueros (7b) en Cova Petxina (Bellus).\" data-image-description=\"&lt;p&gt;Nacho escalando la v\u00eda Pur\u00e9 de pascueros (7b) en Cova Petxina (Bellus).&lt;\/p&gt; \" data-medium-file=\"https:\/\/i0.wp.com\/www.valenciaclimb.com\/wp-content\/uploads\/2018\/07\/area-covapetxina-3.jpg?fit=199%2C300&#038;ssl=1\" data-large-file=\"https:\/\/i0.wp.com\/www.valenciaclimb.com\/wp-content\/uploads\/2018\/07\/area-covapetxina-3.jpg?fit=478%2C720&#038;ssl=1\" src=\"https:\/\/i0.wp.com\/www.valenciaclimb.com\/wp-content\/uploads\/2018\/07\/area-covapetxina-3.jpg?w=395&#038;h=595&#038;ssl=1\" srcset=\"https:\/\/i0.wp.com\/www.valenciaclimb.com\/wp-content\/uploads\/2018\/07\/area-covapetxina-3.jpg?w=478&amp;ssl=1 478w, https:\/\/i0.wp.com\/www.valenciaclimb.com\/wp-content\/uploads\/2018\/07\/area-covapetxina-3.jpg?resize=199%2C300&amp;ssl=1 199w\" width=\"395\" height=\"595\" loading=\"lazy\" data-original-width=\"395\" data-original-height=\"595\" itemprop=\"http:\/\/schema.org\/image\" title=\"Nacho escalando la v\u00eda Pur\u00e9 de pascueros (7b) en Cova Petxina (Bellus).\" alt=\"Nacho escalando la v\u00eda Pur\u00e9 de pascueros (7b) en Cova Petxina (Bellus).\" style=\"width: 395px; height: 595px;\" \/> <\/a> <div class=\"tiled-gallery-caption\" itemprop=\"caption description\"> Nacho escalando la v\u00eda Pur\u00e9 de pascueros (7b) en Cova Petxina (Bellus). <\/div> <\/div> <\/div> <!-- close group --> <div class=\"gallery-group images-1\" style=\"width: 396px; height: 599px;\" data-original-width=\"396\" data-original-height=\"599\" > <div class=\"tiled-gallery-item tiled-gallery-item-large\" itemprop=\"associatedMedia\" itemscope itemtype=\"http:\/\/schema.org\/ImageObject\"> <a href=\"https:\/\/www.valenciaclimb.com\/es\/area-covapetxina-2\/\" border=\"0\" itemprop=\"url\"> <meta itemprop=\"width\" content=\"392\"> <meta itemprop=\"height\" content=\"595\"> <img decoding=\"async\" class=\"\" data-attachment-id=\"477\" data-orig-file=\"https:\/\/www.valenciaclimb.com\/wp-content\/uploads\/2018\/07\/area-covapetxina-2.jpg\" data-orig-size=\"474,720\" data-comments-opened=\"\" data-image-meta=\"{&quot;aperture&quot;:&quot;0&quot;,&quot;credit&quot;:&quot;&quot;,&quot;camera&quot;:&quot;&quot;,&quot;caption&quot;:&quot;&quot;,&quot;created_timestamp&quot;:&quot;0&quot;,&quot;copyright&quot;:&quot;&quot;,&quot;focal_length&quot;:&quot;0&quot;,&quot;iso&quot;:&quot;0&quot;,&quot;shutter_speed&quot;:&quot;0&quot;,&quot;title&quot;:&quot;&quot;,&quot;orientation&quot;:&quot;0&quot;}\" data-image-title=\"Nacho escalando la v\u00eda Pur\u00e9 de pascueros (7b) en Cova Petxina (Bellus).\" data-image-description=\"&lt;p&gt;Nacho escalando la v\u00eda Pur\u00e9 de pascueros (7b) en Cova Petxina (Bellus).&lt;\/p&gt; \" data-medium-file=\"https:\/\/i0.wp.com\/www.valenciaclimb.com\/wp-content\/uploads\/2018\/07\/area-covapetxina-2.jpg?fit=198%2C300&#038;ssl=1\" data-large-file=\"https:\/\/i0.wp.com\/www.valenciaclimb.com\/wp-content\/uploads\/2018\/07\/area-covapetxina-2.jpg?fit=474%2C720&#038;ssl=1\" src=\"https:\/\/i0.wp.com\/www.valenciaclimb.com\/wp-content\/uploads\/2018\/07\/area-covapetxina-2.jpg?w=392&#038;h=595&#038;ssl=1\" srcset=\"https:\/\/i0.wp.com\/www.valenciaclimb.com\/wp-content\/uploads\/2018\/07\/area-covapetxina-2.jpg?w=474&amp;ssl=1 474w, https:\/\/i0.wp.com\/www.valenciaclimb.com\/wp-content\/uploads\/2018\/07\/area-covapetxina-2.jpg?resize=198%2C300&amp;ssl=1 198w\" width=\"392\" height=\"595\" loading=\"lazy\" data-original-width=\"392\" data-original-height=\"595\" itemprop=\"http:\/\/schema.org\/image\" title=\"Nacho escalando la v\u00eda Pur\u00e9 de pascueros (7b) en Cova Petxina (Bellus).\" alt=\"Nacho escalando la v\u00eda Pur\u00e9 de pascueros (7b) en Cova Petxina (Bellus).\" style=\"width: 392px; height: 595px;\" \/> <\/a> <div class=\"tiled-gallery-caption\" itemprop=\"caption description\"> Nacho escalando la v\u00eda Pur\u00e9 de pascueros (7b) en Cova Petxina (Bellus). <\/div> <\/div> <\/div> <!-- close group --> <\/div> <!-- close row --> <\/div>\n<h2>Rese\u00f1as de escalada Cova Petxina<\/h2>\n<p><b>Sector Cova Petxina<\/b><br><img data-recalc-dims=\"1\" decoding=\"async\" class=\"alignnone size-full\" src=\"https:\/\/i0.wp.com\/www.valenciaclimb.com\/wp-content\/themes\/valenciaclimb\/topos\/BELLUS_Cova_Petxina.jpg?w=1600\" alt=\"BELLUS_Cova_Petxina\"><\/p><p style=\"font-size:14px;\"><b>1.-<\/b> <i>El r\u00edo (4)<\/i>, <b>2.-<\/b> <i>El molino (4+)<\/i>, <b>3.-<\/b> <i>Per a pares (4+)<\/i>, <b>4.-<\/b> <i>Per a nones (5+)<\/i>, <b>5.-<\/b> <i>El perro (5+)<\/i>, <b>6.-<\/b> <i>Casporrillo (5)<\/i>, <b>7.-<\/b> <i>El mamonet (5)<\/i>, <b>8.-<\/b> <i>El bombonet de Pinet (5)<\/i>, <b>9.-<\/b> <i>\u00c9s Carlota (5)<\/i>, <b>10.-<\/b> <i>Pur\u00e9 de pascueros (7b)<\/i>, <b>11.-<\/b> <i>L'oblidada (7a)<\/i>, <b>12.-<\/b> <i>Coloquiadio (6c+)<\/i>, <b>13.-<\/b> <i>Warlock (7b+)<\/i>, <b>14.-<\/b> <i>Anitesia (6c)<\/i>, <b>15.-<\/b> <i>Pa bene\u00eft (8c)<\/i>, <b>16.-<\/b> <i>Maldita Navidad (7c+)<\/i>, <b>17.-<\/b> <i>Mutante (8a)<\/i>, <b>18.-<\/b> <i>Liante (8b)<\/i>, <b>19.-<\/b> <i>Slayer (8a)<\/i>, <b>20.-<\/b> <i>Anaslayer (7c+)<\/i>, <b>21.-<\/b> <i>Anaconda (7b+)<\/i>, <b>22.-<\/b> <i>Gladiator (7b)<\/i>, <b>23.-<\/b> <i>Evolution (6c)<\/i>, <b>24.-<\/b> <i>Colores (6c)<\/i>, <b>25.-<\/b> <i>Rompresas (7a+)<\/i>, <b>26.-<\/b> <i>Extrema y dura (6c+)<\/i>, <b>27.-<\/b> <i>El muro de las lamentaciones (7b)<\/i>, <b>28.-<\/b> <i>El Trasgu (7a+)<\/i>, <b>29.-<\/b> <i>La pelota de Manterol (7a)<\/i>, <b>30.-<\/b> <i>Taxam\u00e1n (6c)<\/i>, <b>31.-<\/b> <i>Con canas y a lo loco (6b)<\/i>, <b>32.-<\/b> <i>Los astropeats (6a+)<\/i>, <b>33.-<\/b> <i>Fesol de la peladilla (6c)<\/i>, <b>34.-<\/b> <i>Bajoqueta (6b)<\/i>, <b>35.-<\/b> <i>El buitre pescador (6a+)<\/i>, <b>36.-<\/b> <i>El albar\u00e1n volador (6a+)<\/i>, <b>37.-<\/b> <i>Odisea espacial (6b)<\/i>, <b>38.-<\/b> <i>Mangurri\u00e1n (7a)<\/i>, <b>39.-<\/b> <i>Chocolate de patera (7b)<\/i>, <b>40.-<\/b> <i>Cede el paso (7a+)<\/i>, <b>41.-<\/b> <i>Centenario guay (6b+)<\/i>, <b>42.-<\/b> <i>Ruta 45 (7a+)<\/i>, <b>43.-<\/b> <i>Rock y ron (7a+)<\/i>, <b>44.-<\/b> <i>El clan de los cuerdos (7a+)<\/i>.<\/p><p style=\"font-size:14px;\"><b><i class=\"fa fa-thumbs-up\"><\/i> V\u00edas recomendadas:<\/b> <b>9.-<\/b> <i>\u00c9s Carlota (5)<\/i>, <b>10.-<\/b> <i>Pur\u00e9 de pascueros (7b)<\/i>, <b>12.-<\/b> <i>Coloquiadio (6c+)<\/i>, <b>13.-<\/b> <i>Warlock (7b+)<\/i>, <b>14.-<\/b> <i>Anitesia (6c)<\/i>, <b>16.-<\/b> <i>Maldita Navidad (7c+)<\/i>, <b>17.-<\/b> <i>Mutante (8a)<\/i>, <b>36.-<\/b> <i>El albar\u00e1n volador (6a+)<\/i>, <b>37.-<\/b> <i>Odisea espacial (6b)<\/i>, <b>38.-<\/b> <i>Mangurri\u00e1n (7a)<\/i>.<\/p>","protected":false},"excerpt":{"rendered":"<p>La Cova Petxina es una peque\u00f1a joya. Situado a solo 1 minuto del estacionamiento y cerca del r\u00edo Albaida, no es sorprendente que haya muchos escaladores y excursionistas. La sombra entra a la 1pm en invierno y a las 4pm en verano. Tenemos varias v\u00edas de alta calidad de unos 20 metros de altura entre [&hellip;]<\/p>\n","protected":false},"author":1,"featured_media":479,"parent":154,"menu_order":0,"comment_status":"closed","ping_status":"closed","template":"","meta":{"_joinchat":[],"footnotes":""},"class_list":["post-521","page","type-page","status-publish","has-post-thumbnail","hentry"],"yoast_head":"<!-- This site is optimized with the Yoast SEO plugin v27.4 - https:\/\/yoast.com\/product\/yoast-seo-wordpress\/ -->\n<title>Escalada en Cova Petxina, Bell\u00fas (Espa\u00f1a) - V\u00edas y croquis | Valencia Climb<\/title>\n<meta name=\"robots\" content=\"index, follow, max-snippet:-1, max-image-preview:large, max-video-preview:-1\" \/>\n<link rel=\"canonical\" href=\"https:\/\/www.valenciaclimb.com\/es\/climbing-areas\/bellus\/cova-petxina\/\" \/>\n<meta property=\"og:locale\" content=\"es_ES\" \/>\n<meta property=\"og:type\" content=\"article\" \/>\n<meta property=\"og:title\" content=\"Escalada en Cova Petxina, Bell\u00fas (Espa\u00f1a) - V\u00edas y croquis | Valencia Climb\" \/>\n<meta property=\"og:description\" content=\"La Cova Petxina es una peque\u00f1a joya. Situado a solo 1 minuto del estacionamiento y cerca del r\u00edo Albaida, no es sorprendente que haya muchos escaladores y excursionistas. La sombra entra a la 1pm en invierno y a las 4pm en verano. Tenemos varias v\u00edas de alta calidad de unos 20 metros de altura entre [&hellip;]\" \/>\n<meta property=\"og:url\" content=\"https:\/\/www.valenciaclimb.com\/es\/climbing-areas\/bellus\/cova-petxina\/\" \/>\n<meta property=\"og:site_name\" content=\"Valencia Climb\" \/>\n<meta property=\"article:publisher\" content=\"https:\/\/www.facebook.com\/ValenciaClimb\" \/>\n<meta property=\"article:modified_time\" content=\"2023-02-04T02:36:21+00:00\" \/>\n<meta property=\"og:image\" content=\"https:\/\/www.valenciaclimb.com\/wp-content\/uploads\/2018\/07\/area-covapetxina-4.jpg\" \/>\n\t<meta property=\"og:image:width\" content=\"478\" \/>\n\t<meta property=\"og:image:height\" content=\"720\" \/>\n\t<meta property=\"og:image:type\" content=\"image\/jpeg\" \/>\n<meta name=\"twitter:card\" content=\"summary_large_image\" \/>\n<meta name=\"twitter:site\" content=\"@ValenciaClimb\" \/>\n<meta name=\"twitter:label1\" content=\"Tiempo de lectura\" \/>\n\t<meta name=\"twitter:data1\" content=\"1 minuto\" \/>\n<script type=\"application\/ld+json\" class=\"yoast-schema-graph\">{\"@context\":\"https:\\\/\\\/schema.org\",\"@graph\":[{\"@type\":\"WebPage\",\"@id\":\"https:\\\/\\\/www.valenciaclimb.com\\\/es\\\/climbing-areas\\\/bellus\\\/cova-petxina\\\/\",\"url\":\"https:\\\/\\\/www.valenciaclimb.com\\\/es\\\/climbing-areas\\\/bellus\\\/cova-petxina\\\/\",\"name\":\"Escalada en Cova Petxina, Bell\u00fas (Espa\u00f1a) - V\u00edas y croquis | Valencia Climb\",\"isPartOf\":{\"@id\":\"https:\\\/\\\/www.valenciaclimb.com\\\/es\\\/#website\"},\"primaryImageOfPage\":{\"@id\":\"https:\\\/\\\/www.valenciaclimb.com\\\/es\\\/climbing-areas\\\/bellus\\\/cova-petxina\\\/#primaryimage\"},\"image\":{\"@id\":\"https:\\\/\\\/www.valenciaclimb.com\\\/climbing-areas\\\/bellus\\\/cova-petxina\\\/#primaryimage\"},\"thumbnailUrl\":\"https:\\\/\\\/i0.wp.com\\\/www.valenciaclimb.com\\\/wp-content\\\/uploads\\\/2018\\\/07\\\/area-covapetxina-4.jpg?fit=478%2C720&ssl=1\",\"datePublished\":\"2018-07-03T21:39:22+00:00\",\"dateModified\":\"2023-02-04T02:36:21+00:00\",\"breadcrumb\":{\"@id\":\"https:\\\/\\\/www.valenciaclimb.com\\\/es\\\/climbing-areas\\\/bellus\\\/cova-petxina\\\/#breadcrumb\"},\"inLanguage\":\"es\",\"potentialAction\":[{\"@type\":\"ReadAction\",\"target\":[[\"https:\\\/\\\/www.valenciaclimb.com\\\/es\\\/climbing-areas\\\/bellus\\\/cova-petxina\\\/\"]]}]},{\"@type\":\"ImageObject\",\"inLanguage\":\"es\",\"@id\":\"https:\\\/\\\/www.valenciaclimb.com\\\/es\\\/climbing-areas\\\/bellus\\\/cova-petxina\\\/#primaryimage\",\"url\":\"https:\\\/\\\/i0.wp.com\\\/www.valenciaclimb.com\\\/wp-content\\\/uploads\\\/2018\\\/07\\\/area-covapetxina-4.jpg?fit=478%2C720&ssl=1\",\"contentUrl\":\"https:\\\/\\\/i0.wp.com\\\/www.valenciaclimb.com\\\/wp-content\\\/uploads\\\/2018\\\/07\\\/area-covapetxina-4.jpg?fit=478%2C720&ssl=1\",\"width\":478,\"height\":720,\"caption\":\"[:en]Pablo climbing Anaconda (7b+) in Cova Petxina (Bellus).[:es]Pablo escalando la v\u00eda Anaconda (7b+) en Cova petxina (Bellus).[:]\"},{\"@type\":\"BreadcrumbList\",\"@id\":\"https:\\\/\\\/www.valenciaclimb.com\\\/es\\\/climbing-areas\\\/bellus\\\/cova-petxina\\\/#breadcrumb\",\"itemListElement\":[{\"@type\":\"ListItem\",\"position\":1,\"name\":\"Home\",\"item\":\"https:\\\/\\\/www.valenciaclimb.com\\\/es\\\/\"},{\"@type\":\"ListItem\",\"position\":2,\"name\":\"Climbing areas\",\"item\":\"https:\\\/\\\/www.valenciaclimb.com\\\/es\\\/climbing-areas\\\/\"},{\"@type\":\"ListItem\",\"position\":3,\"name\":\"Bellus\",\"item\":\"https:\\\/\\\/www.valenciaclimb.com\\\/es\\\/climbing-areas\\\/bellus\\\/\"},{\"@type\":\"ListItem\",\"position\":4,\"name\":\"Cova Petxina\"}]},{\"@type\":\"WebSite\",\"@id\":\"https:\\\/\\\/www.valenciaclimb.com\\\/es\\\/#website\",\"url\":\"https:\\\/\\\/www.valenciaclimb.com\\\/es\\\/\",\"name\":\"Valencia Climb\",\"description\":\"[:en]Rock climbing guides in Valencia, Spain[:es]Gu\u00edas de escalada en roca en Valencia, Espa\u00f1a[:]\",\"publisher\":{\"@id\":\"https:\\\/\\\/www.valenciaclimb.com\\\/es\\\/#organization\"},\"potentialAction\":[{\"@type\":\"SearchAction\",\"target\":{\"@type\":\"EntryPoint\",\"urlTemplate\":\"https:\\\/\\\/www.valenciaclimb.com\\\/es\\\/?s={search_term_string}\"},\"query-input\":{\"@type\":\"PropertyValueSpecification\",\"valueRequired\":true,\"valueName\":\"search_term_string\"}}],\"inLanguage\":\"es\"},{\"@type\":\"Organization\",\"@id\":\"https:\\\/\\\/www.valenciaclimb.com\\\/es\\\/#organization\",\"name\":\"Valencia Climb\",\"url\":\"https:\\\/\\\/www.valenciaclimb.com\\\/es\\\/\",\"logo\":{\"@type\":\"ImageObject\",\"inLanguage\":\"es\",\"@id\":\"https:\\\/\\\/www.valenciaclimb.com\\\/es\\\/#\\\/schema\\\/logo\\\/image\\\/\",\"url\":\"https:\\\/\\\/i0.wp.com\\\/www.valenciaclimb.com\\\/wp-content\\\/uploads\\\/2024\\\/09\\\/Captura-de-pantalla-2024-09-13-a-las-21.34.24.png?fit=674%2C696&ssl=1\",\"contentUrl\":\"https:\\\/\\\/i0.wp.com\\\/www.valenciaclimb.com\\\/wp-content\\\/uploads\\\/2024\\\/09\\\/Captura-de-pantalla-2024-09-13-a-las-21.34.24.png?fit=674%2C696&ssl=1\",\"width\":674,\"height\":696,\"caption\":\"Valencia Climb\"},\"image\":{\"@id\":\"https:\\\/\\\/www.valenciaclimb.com\\\/es\\\/#\\\/schema\\\/logo\\\/image\\\/\"},\"sameAs\":[\"https:\\\/\\\/www.facebook.com\\\/ValenciaClimb\",\"https:\\\/\\\/x.com\\\/ValenciaClimb\",\"https:\\\/\\\/www.instagram.com\\\/valenciaclimb\\\/\",\"https:\\\/\\\/www.youtube.com\\\/channel\\\/UCHSV6B-lmlpmv4RhMJ7Zv1w\"]}]}<\/script>\n<!-- \/ Yoast SEO plugin. -->","yoast_head_json":{"title":"Escalada en Cova Petxina, Bell\u00fas (Espa\u00f1a) - V\u00edas y croquis | Valencia Climb","robots":{"index":"index","follow":"follow","max-snippet":"max-snippet:-1","max-image-preview":"max-image-preview:large","max-video-preview":"max-video-preview:-1"},"canonical":"https:\/\/www.valenciaclimb.com\/es\/climbing-areas\/bellus\/cova-petxina\/","og_locale":"es_ES","og_type":"article","og_title":"Escalada en Cova Petxina, Bell\u00fas (Espa\u00f1a) - V\u00edas y croquis | Valencia Climb","og_description":"La Cova Petxina es una peque\u00f1a joya. Situado a solo 1 minuto del estacionamiento y cerca del r\u00edo Albaida, no es sorprendente que haya muchos escaladores y excursionistas. La sombra entra a la 1pm en invierno y a las 4pm en verano. Tenemos varias v\u00edas de alta calidad de unos 20 metros de altura entre [&hellip;]","og_url":"https:\/\/www.valenciaclimb.com\/es\/climbing-areas\/bellus\/cova-petxina\/","og_site_name":"Valencia Climb","article_publisher":"https:\/\/www.facebook.com\/ValenciaClimb","article_modified_time":"2023-02-04T02:36:21+00:00","og_image":[{"width":478,"height":720,"url":"https:\/\/www.valenciaclimb.com\/wp-content\/uploads\/2018\/07\/area-covapetxina-4.jpg","type":"image\/jpeg"}],"twitter_card":"summary_large_image","twitter_site":"@ValenciaClimb","twitter_misc":{"Tiempo de lectura":"1 minuto"},"schema":{"@context":"https:\/\/schema.org","@graph":[{"@type":"WebPage","@id":"https:\/\/www.valenciaclimb.com\/es\/climbing-areas\/bellus\/cova-petxina\/","url":"https:\/\/www.valenciaclimb.com\/es\/climbing-areas\/bellus\/cova-petxina\/","name":"Escalada en Cova Petxina, Bell\u00fas (Espa\u00f1a) - V\u00edas y croquis | Valencia Climb","isPartOf":{"@id":"https:\/\/www.valenciaclimb.com\/es\/#website"},"primaryImageOfPage":{"@id":"https:\/\/www.valenciaclimb.com\/es\/climbing-areas\/bellus\/cova-petxina\/#primaryimage"},"image":{"@id":"https:\/\/www.valenciaclimb.com\/climbing-areas\/bellus\/cova-petxina\/#primaryimage"},"thumbnailUrl":"https:\/\/i0.wp.com\/www.valenciaclimb.com\/wp-content\/uploads\/2018\/07\/area-covapetxina-4.jpg?fit=478%2C720&ssl=1","datePublished":"2018-07-03T21:39:22+00:00","dateModified":"2023-02-04T02:36:21+00:00","breadcrumb":{"@id":"https:\/\/www.valenciaclimb.com\/es\/climbing-areas\/bellus\/cova-petxina\/#breadcrumb"},"inLanguage":"es","potentialAction":[{"@type":"ReadAction","target":[["https:\/\/www.valenciaclimb.com\/es\/climbing-areas\/bellus\/cova-petxina\/"]]}]},{"@type":"ImageObject","inLanguage":"es","@id":"https:\/\/www.valenciaclimb.com\/es\/climbing-areas\/bellus\/cova-petxina\/#primaryimage","url":"https:\/\/i0.wp.com\/www.valenciaclimb.com\/wp-content\/uploads\/2018\/07\/area-covapetxina-4.jpg?fit=478%2C720&ssl=1","contentUrl":"https:\/\/i0.wp.com\/www.valenciaclimb.com\/wp-content\/uploads\/2018\/07\/area-covapetxina-4.jpg?fit=478%2C720&ssl=1","width":478,"height":720,"caption":"[:en]Pablo climbing Anaconda (7b+) in Cova Petxina (Bellus).[:es]Pablo escalando la v\u00eda Anaconda (7b+) en Cova petxina (Bellus).[:]"},{"@type":"BreadcrumbList","@id":"https:\/\/www.valenciaclimb.com\/es\/climbing-areas\/bellus\/cova-petxina\/#breadcrumb","itemListElement":[{"@type":"ListItem","position":1,"name":"Home","item":"https:\/\/www.valenciaclimb.com\/es\/"},{"@type":"ListItem","position":2,"name":"Climbing areas","item":"https:\/\/www.valenciaclimb.com\/es\/climbing-areas\/"},{"@type":"ListItem","position":3,"name":"Bellus","item":"https:\/\/www.valenciaclimb.com\/es\/climbing-areas\/bellus\/"},{"@type":"ListItem","position":4,"name":"Cova Petxina"}]},{"@type":"WebSite","@id":"https:\/\/www.valenciaclimb.com\/es\/#website","url":"https:\/\/www.valenciaclimb.com\/es\/","name":"Valencia Climb","description":"[:en]Rock climbing guides in Valencia, Spain[:es]Gu\u00edas de escalada en roca en Valencia, Espa\u00f1a[:]","publisher":{"@id":"https:\/\/www.valenciaclimb.com\/es\/#organization"},"potentialAction":[{"@type":"SearchAction","target":{"@type":"EntryPoint","urlTemplate":"https:\/\/www.valenciaclimb.com\/es\/?s={search_term_string}"},"query-input":{"@type":"PropertyValueSpecification","valueRequired":true,"valueName":"search_term_string"}}],"inLanguage":"es"},{"@type":"Organization","@id":"https:\/\/www.valenciaclimb.com\/es\/#organization","name":"Valencia Climb","url":"https:\/\/www.valenciaclimb.com\/es\/","logo":{"@type":"ImageObject","inLanguage":"es","@id":"https:\/\/www.valenciaclimb.com\/es\/#\/schema\/logo\/image\/","url":"https:\/\/i0.wp.com\/www.valenciaclimb.com\/wp-content\/uploads\/2024\/09\/Captura-de-pantalla-2024-09-13-a-las-21.34.24.png?fit=674%2C696&ssl=1","contentUrl":"https:\/\/i0.wp.com\/www.valenciaclimb.com\/wp-content\/uploads\/2024\/09\/Captura-de-pantalla-2024-09-13-a-las-21.34.24.png?fit=674%2C696&ssl=1","width":674,"height":696,"caption":"Valencia Climb"},"image":{"@id":"https:\/\/www.valenciaclimb.com\/es\/#\/schema\/logo\/image\/"},"sameAs":["https:\/\/www.facebook.com\/ValenciaClimb","https:\/\/x.com\/ValenciaClimb","https:\/\/www.instagram.com\/valenciaclimb\/","https:\/\/www.youtube.com\/channel\/UCHSV6B-lmlpmv4RhMJ7Zv1w"]}]}},"jetpack_sharing_enabled":true,"jetpack_shortlink":"https:\/\/wp.me\/P4fMb6-8p","_links":{"self":[{"href":"https:\/\/www.valenciaclimb.com\/es\/wp-json\/wp\/v2\/pages\/521","targetHints":{"allow":["GET"]}}],"collection":[{"href":"https:\/\/www.valenciaclimb.com\/es\/wp-json\/wp\/v2\/pages"}],"about":[{"href":"https:\/\/www.valenciaclimb.com\/es\/wp-json\/wp\/v2\/types\/page"}],"author":[{"embeddable":true,"href":"https:\/\/www.valenciaclimb.com\/es\/wp-json\/wp\/v2\/users\/1"}],"replies":[{"embeddable":true,"href":"https:\/\/www.valenciaclimb.com\/es\/wp-json\/wp\/v2\/comments?post=521"}],"version-history":[{"count":4,"href":"https:\/\/www.valenciaclimb.com\/es\/wp-json\/wp\/v2\/pages\/521\/revisions"}],"predecessor-version":[{"id":882,"href":"https:\/\/www.valenciaclimb.com\/es\/wp-json\/wp\/v2\/pages\/521\/revisions\/882"}],"up":[{"embeddable":true,"href":"https:\/\/www.valenciaclimb.com\/es\/wp-json\/wp\/v2\/pages\/154"}],"wp:featuredmedia":[{"embeddable":true,"href":"https:\/\/www.valenciaclimb.com\/es\/wp-json\/wp\/v2\/media\/479"}],"wp:attachment":[{"href":"https:\/\/www.valenciaclimb.com\/es\/wp-json\/wp\/v2\/media?parent=521"}],"curies":[{"name":"wp","href":"https:\/\/api.w.org\/{rel}","templated":true}]}}