{"id":2006,"date":"2019-05-14T16:59:31","date_gmt":"2019-05-14T16:59:31","guid":{"rendered":"https:\/\/www.valenciaclimb.com\/?page_id=2006"},"modified":"2020-05-10T09:29:50","modified_gmt":"2020-05-10T09:29:50","slug":"garbi","status":"publish","type":"page","link":"https:\/\/www.valenciaclimb.com\/es\/zonas-escalada\/garbi\/","title":{"rendered":"Garbi"},"content":{"rendered":"El Garb\u00ed es una monta\u00f1a situada en la parte oriental de la Serra Calderona, a poca distancia del mar, y a unos 30 kil\u00f3metros de la ciudad de Valencia. Sus faldas y laderas est\u00e1n cubiertas de formaciones de arenisca rojiza y podemos encontrar bloques de muy buena calidad. Hay que prestar especial atenci\u00f3n a las ca\u00eddas ya que en algunos puntos pueden ser bastante expuestas. En lo alto de la monta\u00f1a se encuentra el Mirador del Garb\u00ed, un lugar que ofrece unas espectaculares vistas del litoral valenciano.<\/p>\n<div class=\"tiled-gallery type-rectangular tiled-gallery-unresized\" data-original-width=\"1600\" data-carousel-extra='{&quot;blog_id&quot;:1,&quot;permalink&quot;:&quot;https:\\\/\\\/www.valenciaclimb.com\\\/es\\\/zonas-escalada\\\/garbi\\\/&quot;,&quot;likes_blog_id&quot;:62865464}' itemscope itemtype=\"http:\/\/schema.org\/ImageGallery\" > <div class=\"gallery-row\" style=\"width: 1600px; height: 1372px;\" data-original-width=\"1600\" data-original-height=\"1372\" > <div class=\"gallery-group images-1\" style=\"width: 916px; height: 1372px;\" data-original-width=\"916\" data-original-height=\"1372\" > <div class=\"tiled-gallery-item tiled-gallery-item-large\" itemprop=\"associatedMedia\" itemscope itemtype=\"http:\/\/schema.org\/ImageObject\"> <a href=\"https:\/\/www.valenciaclimb.com\/es\/area-garbi-5\/\" border=\"0\" itemprop=\"url\"> <meta itemprop=\"width\" content=\"912\"> <meta itemprop=\"height\" content=\"1368\"> <img decoding=\"async\" class=\"\" data-attachment-id=\"2011\" data-orig-file=\"https:\/\/www.valenciaclimb.com\/wp-content\/uploads\/2019\/05\/area-garbi-5.jpg\" data-orig-size=\"800,1200\" data-comments-opened=\"\" data-image-meta=\"{&quot;aperture&quot;:&quot;5.6&quot;,&quot;credit&quot;:&quot;&quot;,&quot;camera&quot;:&quot;Canon EOS 7D&quot;,&quot;caption&quot;:&quot;&quot;,&quot;created_timestamp&quot;:&quot;1403881113&quot;,&quot;copyright&quot;:&quot;&quot;,&quot;focal_length&quot;:&quot;17&quot;,&quot;iso&quot;:&quot;100&quot;,&quot;shutter_speed&quot;:&quot;0.002&quot;,&quot;title&quot;:&quot;&quot;,&quot;orientation&quot;:&quot;0&quot;}\" data-image-title=\"area-garbi 5\" data-image-description=\"\" data-medium-file=\"https:\/\/i0.wp.com\/www.valenciaclimb.com\/wp-content\/uploads\/2019\/05\/area-garbi-5.jpg?fit=200%2C300&#038;ssl=1\" data-large-file=\"https:\/\/i0.wp.com\/www.valenciaclimb.com\/wp-content\/uploads\/2019\/05\/area-garbi-5.jpg?fit=683%2C1024&#038;ssl=1\" src=\"https:\/\/i0.wp.com\/www.valenciaclimb.com\/wp-content\/uploads\/2019\/05\/area-garbi-5.jpg?w=912&#038;h=1368&#038;ssl=1\" srcset=\"https:\/\/i0.wp.com\/www.valenciaclimb.com\/wp-content\/uploads\/2019\/05\/area-garbi-5.jpg?w=800&amp;ssl=1 800w, https:\/\/i0.wp.com\/www.valenciaclimb.com\/wp-content\/uploads\/2019\/05\/area-garbi-5.jpg?resize=200%2C300&amp;ssl=1 200w, https:\/\/i0.wp.com\/www.valenciaclimb.com\/wp-content\/uploads\/2019\/05\/area-garbi-5.jpg?resize=768%2C1152&amp;ssl=1 768w, https:\/\/i0.wp.com\/www.valenciaclimb.com\/wp-content\/uploads\/2019\/05\/area-garbi-5.jpg?resize=683%2C1024&amp;ssl=1 683w, https:\/\/i0.wp.com\/www.valenciaclimb.com\/wp-content\/uploads\/2019\/05\/area-garbi-5.jpg?resize=525%2C788&amp;ssl=1 525w, https:\/\/i0.wp.com\/www.valenciaclimb.com\/wp-content\/uploads\/2019\/05\/area-garbi-5.jpg?resize=600%2C900&amp;ssl=1 600w\" width=\"912\" height=\"1368\" loading=\"lazy\" data-original-width=\"912\" data-original-height=\"1368\" itemprop=\"http:\/\/schema.org\/image\" title=\"area-garbi 5\" alt=\"area-garbi 5\" style=\"width: 912px; height: 1368px;\" \/> <\/a> <\/div> <\/div> <!-- close group --> <div class=\"gallery-group images-3\" style=\"width: 684px; height: 1372px;\" data-original-width=\"684\" data-original-height=\"1372\" > <div class=\"tiled-gallery-item tiled-gallery-item-large\" itemprop=\"associatedMedia\" itemscope itemtype=\"http:\/\/schema.org\/ImageObject\"> <a href=\"https:\/\/www.valenciaclimb.com\/es\/area-garbi-4\/\" border=\"0\" itemprop=\"url\"> <meta itemprop=\"width\" content=\"680\"> <meta itemprop=\"height\" content=\"454\"> <img decoding=\"async\" class=\"\" data-attachment-id=\"2010\" data-orig-file=\"https:\/\/www.valenciaclimb.com\/wp-content\/uploads\/2019\/05\/area-garbi-4.jpg\" data-orig-size=\"1200,800\" data-comments-opened=\"\" data-image-meta=\"{&quot;aperture&quot;:&quot;4&quot;,&quot;credit&quot;:&quot;&quot;,&quot;camera&quot;:&quot;Canon EOS 7D&quot;,&quot;caption&quot;:&quot;&quot;,&quot;created_timestamp&quot;:&quot;1403812116&quot;,&quot;copyright&quot;:&quot;&quot;,&quot;focal_length&quot;:&quot;17&quot;,&quot;iso&quot;:&quot;100&quot;,&quot;shutter_speed&quot;:&quot;0.003125&quot;,&quot;title&quot;:&quot;&quot;,&quot;orientation&quot;:&quot;0&quot;}\" data-image-title=\"area-garbi 4\" data-image-description=\"\" data-medium-file=\"https:\/\/i0.wp.com\/www.valenciaclimb.com\/wp-content\/uploads\/2019\/05\/area-garbi-4.jpg?fit=300%2C200&#038;ssl=1\" data-large-file=\"https:\/\/i0.wp.com\/www.valenciaclimb.com\/wp-content\/uploads\/2019\/05\/area-garbi-4.jpg?fit=1024%2C683&#038;ssl=1\" src=\"https:\/\/i0.wp.com\/www.valenciaclimb.com\/wp-content\/uploads\/2019\/05\/area-garbi-4.jpg?w=680&#038;h=454&#038;ssl=1\" srcset=\"https:\/\/i0.wp.com\/www.valenciaclimb.com\/wp-content\/uploads\/2019\/05\/area-garbi-4.jpg?w=1200&amp;ssl=1 1200w, https:\/\/i0.wp.com\/www.valenciaclimb.com\/wp-content\/uploads\/2019\/05\/area-garbi-4.jpg?resize=300%2C200&amp;ssl=1 300w, https:\/\/i0.wp.com\/www.valenciaclimb.com\/wp-content\/uploads\/2019\/05\/area-garbi-4.jpg?resize=768%2C512&amp;ssl=1 768w, https:\/\/i0.wp.com\/www.valenciaclimb.com\/wp-content\/uploads\/2019\/05\/area-garbi-4.jpg?resize=1024%2C683&amp;ssl=1 1024w, https:\/\/i0.wp.com\/www.valenciaclimb.com\/wp-content\/uploads\/2019\/05\/area-garbi-4.jpg?resize=1182%2C788&amp;ssl=1 1182w, https:\/\/i0.wp.com\/www.valenciaclimb.com\/wp-content\/uploads\/2019\/05\/area-garbi-4.jpg?resize=600%2C400&amp;ssl=1 600w\" width=\"680\" height=\"454\" loading=\"lazy\" data-original-width=\"680\" data-original-height=\"454\" itemprop=\"http:\/\/schema.org\/image\" title=\"area-garbi 4\" alt=\"area-garbi 4\" style=\"width: 680px; height: 454px;\" \/> <\/a> <\/div> <div class=\"tiled-gallery-item tiled-gallery-item-large\" itemprop=\"associatedMedia\" itemscope itemtype=\"http:\/\/schema.org\/ImageObject\"> <a href=\"https:\/\/www.valenciaclimb.com\/es\/area-garbi-3\/\" border=\"0\" itemprop=\"url\"> <meta itemprop=\"width\" content=\"680\"> <meta itemprop=\"height\" content=\"453\"> <img decoding=\"async\" class=\"\" data-attachment-id=\"2009\" data-orig-file=\"https:\/\/www.valenciaclimb.com\/wp-content\/uploads\/2019\/05\/area-garbi-3.jpg\" data-orig-size=\"1200,800\" data-comments-opened=\"\" data-image-meta=\"{&quot;aperture&quot;:&quot;8&quot;,&quot;credit&quot;:&quot;Pablo Benedito&quot;,&quot;camera&quot;:&quot;Canon EOS 550D&quot;,&quot;caption&quot;:&quot;&quot;,&quot;created_timestamp&quot;:&quot;1398525328&quot;,&quot;copyright&quot;:&quot;Photo by Pablo Benedito&quot;,&quot;focal_length&quot;:&quot;18&quot;,&quot;iso&quot;:&quot;100&quot;,&quot;shutter_speed&quot;:&quot;0.005&quot;,&quot;title&quot;:&quot;&quot;,&quot;orientation&quot;:&quot;0&quot;}\" data-image-title=\"area-garbi 3\" data-image-description=\"\" data-medium-file=\"https:\/\/i0.wp.com\/www.valenciaclimb.com\/wp-content\/uploads\/2019\/05\/area-garbi-3.jpg?fit=300%2C200&#038;ssl=1\" data-large-file=\"https:\/\/i0.wp.com\/www.valenciaclimb.com\/wp-content\/uploads\/2019\/05\/area-garbi-3.jpg?fit=1024%2C683&#038;ssl=1\" src=\"https:\/\/i0.wp.com\/www.valenciaclimb.com\/wp-content\/uploads\/2019\/05\/area-garbi-3.jpg?w=680&#038;h=453&#038;ssl=1\" srcset=\"https:\/\/i0.wp.com\/www.valenciaclimb.com\/wp-content\/uploads\/2019\/05\/area-garbi-3.jpg?w=1200&amp;ssl=1 1200w, https:\/\/i0.wp.com\/www.valenciaclimb.com\/wp-content\/uploads\/2019\/05\/area-garbi-3.jpg?resize=300%2C200&amp;ssl=1 300w, https:\/\/i0.wp.com\/www.valenciaclimb.com\/wp-content\/uploads\/2019\/05\/area-garbi-3.jpg?resize=768%2C512&amp;ssl=1 768w, https:\/\/i0.wp.com\/www.valenciaclimb.com\/wp-content\/uploads\/2019\/05\/area-garbi-3.jpg?resize=1024%2C683&amp;ssl=1 1024w, https:\/\/i0.wp.com\/www.valenciaclimb.com\/wp-content\/uploads\/2019\/05\/area-garbi-3.jpg?resize=1182%2C788&amp;ssl=1 1182w, https:\/\/i0.wp.com\/www.valenciaclimb.com\/wp-content\/uploads\/2019\/05\/area-garbi-3.jpg?resize=600%2C400&amp;ssl=1 600w\" width=\"680\" height=\"453\" loading=\"lazy\" data-original-width=\"680\" data-original-height=\"453\" itemprop=\"http:\/\/schema.org\/image\" title=\"area-garbi 3\" alt=\"area-garbi 3\" style=\"width: 680px; height: 453px;\" \/> <\/a> <\/div> <div class=\"tiled-gallery-item tiled-gallery-item-large\" itemprop=\"associatedMedia\" itemscope itemtype=\"http:\/\/schema.org\/ImageObject\"> <a href=\"https:\/\/www.valenciaclimb.com\/es\/area-garbi-2\/\" border=\"0\" itemprop=\"url\"> <meta itemprop=\"width\" content=\"680\"> <meta itemprop=\"height\" content=\"453\"> <img decoding=\"async\" class=\"\" data-attachment-id=\"2008\" data-orig-file=\"https:\/\/www.valenciaclimb.com\/wp-content\/uploads\/2019\/05\/area-garbi-2.jpg\" data-orig-size=\"1200,800\" data-comments-opened=\"\" data-image-meta=\"{&quot;aperture&quot;:&quot;8&quot;,&quot;credit&quot;:&quot;Pablo Benedito&quot;,&quot;camera&quot;:&quot;Canon EOS 550D&quot;,&quot;caption&quot;:&quot;&quot;,&quot;created_timestamp&quot;:&quot;1398525043&quot;,&quot;copyright&quot;:&quot;Photo by Pablo Benedito&quot;,&quot;focal_length&quot;:&quot;18&quot;,&quot;iso&quot;:&quot;100&quot;,&quot;shutter_speed&quot;:&quot;0.005&quot;,&quot;title&quot;:&quot;&quot;,&quot;orientation&quot;:&quot;0&quot;}\" data-image-title=\"area-garbi 2\" data-image-description=\"\" data-medium-file=\"https:\/\/i0.wp.com\/www.valenciaclimb.com\/wp-content\/uploads\/2019\/05\/area-garbi-2.jpg?fit=300%2C200&#038;ssl=1\" data-large-file=\"https:\/\/i0.wp.com\/www.valenciaclimb.com\/wp-content\/uploads\/2019\/05\/area-garbi-2.jpg?fit=1024%2C683&#038;ssl=1\" src=\"https:\/\/i0.wp.com\/www.valenciaclimb.com\/wp-content\/uploads\/2019\/05\/area-garbi-2.jpg?w=680&#038;h=453&#038;ssl=1\" srcset=\"https:\/\/i0.wp.com\/www.valenciaclimb.com\/wp-content\/uploads\/2019\/05\/area-garbi-2.jpg?w=1200&amp;ssl=1 1200w, https:\/\/i0.wp.com\/www.valenciaclimb.com\/wp-content\/uploads\/2019\/05\/area-garbi-2.jpg?resize=300%2C200&amp;ssl=1 300w, https:\/\/i0.wp.com\/www.valenciaclimb.com\/wp-content\/uploads\/2019\/05\/area-garbi-2.jpg?resize=768%2C512&amp;ssl=1 768w, https:\/\/i0.wp.com\/www.valenciaclimb.com\/wp-content\/uploads\/2019\/05\/area-garbi-2.jpg?resize=1024%2C683&amp;ssl=1 1024w, https:\/\/i0.wp.com\/www.valenciaclimb.com\/wp-content\/uploads\/2019\/05\/area-garbi-2.jpg?resize=1182%2C788&amp;ssl=1 1182w, https:\/\/i0.wp.com\/www.valenciaclimb.com\/wp-content\/uploads\/2019\/05\/area-garbi-2.jpg?resize=600%2C400&amp;ssl=1 600w\" width=\"680\" height=\"453\" loading=\"lazy\" data-original-width=\"680\" data-original-height=\"453\" itemprop=\"http:\/\/schema.org\/image\" title=\"area-garbi 2\" alt=\"area-garbi 2\" style=\"width: 680px; height: 453px;\" \/> <\/a> <\/div> <\/div> <!-- close group --> <\/div> <!-- close row --> <div class=\"gallery-row\" style=\"width: 1600px; height: 1068px;\" data-original-width=\"1600\" data-original-height=\"1068\" > <div class=\"gallery-group images-1\" style=\"width: 1600px; height: 1068px;\" data-original-width=\"1600\" data-original-height=\"1068\" > <div class=\"tiled-gallery-item tiled-gallery-item-large\" itemprop=\"associatedMedia\" itemscope itemtype=\"http:\/\/schema.org\/ImageObject\"> <a href=\"https:\/\/www.valenciaclimb.com\/es\/area-garbi-1\/\" border=\"0\" itemprop=\"url\"> <meta itemprop=\"width\" content=\"1596\"> <meta itemprop=\"height\" content=\"1064\"> <img decoding=\"async\" class=\"\" data-attachment-id=\"2007\" data-orig-file=\"https:\/\/www.valenciaclimb.com\/wp-content\/uploads\/2019\/05\/area-garbi-1.jpg\" data-orig-size=\"1200,800\" data-comments-opened=\"\" data-image-meta=\"{&quot;aperture&quot;:&quot;8&quot;,&quot;credit&quot;:&quot;Pablo Benedito&quot;,&quot;camera&quot;:&quot;Canon EOS 550D&quot;,&quot;caption&quot;:&quot;&quot;,&quot;created_timestamp&quot;:&quot;1398524145&quot;,&quot;copyright&quot;:&quot;Photo by Pablo Benedito&quot;,&quot;focal_length&quot;:&quot;18&quot;,&quot;iso&quot;:&quot;100&quot;,&quot;shutter_speed&quot;:&quot;0.00625&quot;,&quot;title&quot;:&quot;&quot;,&quot;orientation&quot;:&quot;0&quot;}\" data-image-title=\"area-garbi 1\" data-image-description=\"\" data-medium-file=\"https:\/\/i0.wp.com\/www.valenciaclimb.com\/wp-content\/uploads\/2019\/05\/area-garbi-1.jpg?fit=300%2C200&#038;ssl=1\" data-large-file=\"https:\/\/i0.wp.com\/www.valenciaclimb.com\/wp-content\/uploads\/2019\/05\/area-garbi-1.jpg?fit=1024%2C683&#038;ssl=1\" src=\"https:\/\/i0.wp.com\/www.valenciaclimb.com\/wp-content\/uploads\/2019\/05\/area-garbi-1.jpg?w=1596&#038;h=1064&#038;ssl=1\" srcset=\"https:\/\/i0.wp.com\/www.valenciaclimb.com\/wp-content\/uploads\/2019\/05\/area-garbi-1.jpg?w=1200&amp;ssl=1 1200w, https:\/\/i0.wp.com\/www.valenciaclimb.com\/wp-content\/uploads\/2019\/05\/area-garbi-1.jpg?resize=300%2C200&amp;ssl=1 300w, https:\/\/i0.wp.com\/www.valenciaclimb.com\/wp-content\/uploads\/2019\/05\/area-garbi-1.jpg?resize=768%2C512&amp;ssl=1 768w, https:\/\/i0.wp.com\/www.valenciaclimb.com\/wp-content\/uploads\/2019\/05\/area-garbi-1.jpg?resize=1024%2C683&amp;ssl=1 1024w, https:\/\/i0.wp.com\/www.valenciaclimb.com\/wp-content\/uploads\/2019\/05\/area-garbi-1.jpg?resize=1182%2C788&amp;ssl=1 1182w, https:\/\/i0.wp.com\/www.valenciaclimb.com\/wp-content\/uploads\/2019\/05\/area-garbi-1.jpg?resize=600%2C400&amp;ssl=1 600w\" width=\"1596\" height=\"1064\" loading=\"lazy\" data-original-width=\"1596\" data-original-height=\"1064\" itemprop=\"http:\/\/schema.org\/image\" title=\"area-garbi 1\" alt=\"area-garbi 1\" style=\"width: 1596px; height: 1064px;\" \/> <\/a> <\/div> <\/div> <!-- close group --> <\/div> <!-- close row --> <\/div>","protected":false},"excerpt":{"rendered":"<p>El Garb\u00ed es una monta\u00f1a situada en la parte oriental de la Serra Calderona, a poca distancia del mar, y a unos 30 kil\u00f3metros de la ciudad de Valencia. Sus faldas y laderas est\u00e1n cubiertas de formaciones de arenisca rojiza y podemos encontrar bloques de muy buena calidad. Hay que prestar especial atenci\u00f3n a las [&hellip;]<\/p>\n","protected":false},"author":1,"featured_media":2007,"parent":20,"menu_order":0,"comment_status":"closed","ping_status":"closed","template":"","meta":{"_joinchat":[],"footnotes":""},"class_list":["post-2006","page","type-page","status-publish","has-post-thumbnail","hentry"],"yoast_head":"<!-- This site is optimized with the Yoast SEO plugin v27.4 - https:\/\/yoast.com\/product\/yoast-seo-wordpress\/ -->\n<title>Rock climbing in Garbi (Spain) - Boulder | Valencia Climb<\/title>\n<meta name=\"robots\" content=\"index, follow, max-snippet:-1, max-image-preview:large, max-video-preview:-1\" \/>\n<link rel=\"canonical\" href=\"https:\/\/www.valenciaclimb.com\/es\/climbing-areas\/garbi\/\" \/>\n<meta property=\"og:locale\" content=\"es_ES\" \/>\n<meta property=\"og:type\" content=\"article\" \/>\n<meta property=\"og:title\" content=\"Rock climbing in Garbi (Spain) - Boulder | Valencia Climb\" \/>\n<meta property=\"og:description\" content=\"El Garb\u00ed es una monta\u00f1a situada en la parte oriental de la Serra Calderona, a poca distancia del mar, y a unos 30 kil\u00f3metros de la ciudad de Valencia. Sus faldas y laderas est\u00e1n cubiertas de formaciones de arenisca rojiza y podemos encontrar bloques de muy buena calidad. Hay que prestar especial atenci\u00f3n a las [&hellip;]\" \/>\n<meta property=\"og:url\" content=\"https:\/\/www.valenciaclimb.com\/es\/climbing-areas\/garbi\/\" \/>\n<meta property=\"og:site_name\" content=\"Valencia Climb\" \/>\n<meta property=\"article:publisher\" content=\"https:\/\/www.facebook.com\/ValenciaClimb\" \/>\n<meta property=\"article:modified_time\" content=\"2020-05-10T09:29:50+00:00\" \/>\n<meta property=\"og:image\" content=\"https:\/\/i1.wp.com\/www.valenciaclimb.com\/wp-content\/uploads\/2019\/05\/area-garbi-1.jpg?fit=1200%2C800&ssl=1\" \/>\n\t<meta property=\"og:image:width\" content=\"1200\" \/>\n\t<meta property=\"og:image:height\" content=\"800\" \/>\n\t<meta property=\"og:image:type\" content=\"image\/jpeg\" \/>\n<meta name=\"twitter:card\" content=\"summary_large_image\" \/>\n<meta name=\"twitter:site\" content=\"@ValenciaClimb\" \/>\n<meta name=\"twitter:label1\" content=\"Tiempo de lectura\" \/>\n\t<meta name=\"twitter:data1\" content=\"1 minuto\" \/>\n<script type=\"application\/ld+json\" class=\"yoast-schema-graph\">{\"@context\":\"https:\\\/\\\/schema.org\",\"@graph\":[{\"@type\":\"WebPage\",\"@id\":\"https:\\\/\\\/www.valenciaclimb.com\\\/es\\\/climbing-areas\\\/garbi\\\/\",\"url\":\"https:\\\/\\\/www.valenciaclimb.com\\\/es\\\/climbing-areas\\\/garbi\\\/\",\"name\":\"Rock climbing in Garbi (Spain) - Boulder | Valencia Climb\",\"isPartOf\":{\"@id\":\"https:\\\/\\\/www.valenciaclimb.com\\\/es\\\/#website\"},\"primaryImageOfPage\":{\"@id\":\"https:\\\/\\\/www.valenciaclimb.com\\\/es\\\/climbing-areas\\\/garbi\\\/#primaryimage\"},\"image\":{\"@id\":\"https:\\\/\\\/www.valenciaclimb.com\\\/climbing-areas\\\/garbi\\\/#primaryimage\"},\"thumbnailUrl\":\"https:\\\/\\\/i0.wp.com\\\/www.valenciaclimb.com\\\/wp-content\\\/uploads\\\/2019\\\/05\\\/area-garbi-1.jpg?fit=1200%2C800&ssl=1\",\"datePublished\":\"2019-05-14T16:59:31+00:00\",\"dateModified\":\"2020-05-10T09:29:50+00:00\",\"breadcrumb\":{\"@id\":\"https:\\\/\\\/www.valenciaclimb.com\\\/es\\\/climbing-areas\\\/garbi\\\/#breadcrumb\"},\"inLanguage\":\"es\",\"potentialAction\":[{\"@type\":\"ReadAction\",\"target\":[[\"https:\\\/\\\/www.valenciaclimb.com\\\/es\\\/climbing-areas\\\/garbi\\\/\"]]}]},{\"@type\":\"ImageObject\",\"inLanguage\":\"es\",\"@id\":\"https:\\\/\\\/www.valenciaclimb.com\\\/es\\\/climbing-areas\\\/garbi\\\/#primaryimage\",\"url\":\"https:\\\/\\\/i0.wp.com\\\/www.valenciaclimb.com\\\/wp-content\\\/uploads\\\/2019\\\/05\\\/area-garbi-1.jpg?fit=1200%2C800&ssl=1\",\"contentUrl\":\"https:\\\/\\\/i0.wp.com\\\/www.valenciaclimb.com\\\/wp-content\\\/uploads\\\/2019\\\/05\\\/area-garbi-1.jpg?fit=1200%2C800&ssl=1\",\"width\":1200,\"height\":800},{\"@type\":\"BreadcrumbList\",\"@id\":\"https:\\\/\\\/www.valenciaclimb.com\\\/es\\\/climbing-areas\\\/garbi\\\/#breadcrumb\",\"itemListElement\":[{\"@type\":\"ListItem\",\"position\":1,\"name\":\"Home\",\"item\":\"https:\\\/\\\/www.valenciaclimb.com\\\/es\\\/\"},{\"@type\":\"ListItem\",\"position\":2,\"name\":\"Climbing areas\",\"item\":\"https:\\\/\\\/www.valenciaclimb.com\\\/es\\\/climbing-areas\\\/\"},{\"@type\":\"ListItem\",\"position\":3,\"name\":\"Garbi\"}]},{\"@type\":\"WebSite\",\"@id\":\"https:\\\/\\\/www.valenciaclimb.com\\\/es\\\/#website\",\"url\":\"https:\\\/\\\/www.valenciaclimb.com\\\/es\\\/\",\"name\":\"Valencia Climb\",\"description\":\"[:en]Rock climbing guides in Valencia, Spain[:es]Gu\u00edas de escalada en roca en Valencia, Espa\u00f1a[:]\",\"publisher\":{\"@id\":\"https:\\\/\\\/www.valenciaclimb.com\\\/es\\\/#organization\"},\"potentialAction\":[{\"@type\":\"SearchAction\",\"target\":{\"@type\":\"EntryPoint\",\"urlTemplate\":\"https:\\\/\\\/www.valenciaclimb.com\\\/es\\\/?s={search_term_string}\"},\"query-input\":{\"@type\":\"PropertyValueSpecification\",\"valueRequired\":true,\"valueName\":\"search_term_string\"}}],\"inLanguage\":\"es\"},{\"@type\":\"Organization\",\"@id\":\"https:\\\/\\\/www.valenciaclimb.com\\\/es\\\/#organization\",\"name\":\"Valencia Climb\",\"url\":\"https:\\\/\\\/www.valenciaclimb.com\\\/es\\\/\",\"logo\":{\"@type\":\"ImageObject\",\"inLanguage\":\"es\",\"@id\":\"https:\\\/\\\/www.valenciaclimb.com\\\/es\\\/#\\\/schema\\\/logo\\\/image\\\/\",\"url\":\"https:\\\/\\\/i0.wp.com\\\/www.valenciaclimb.com\\\/wp-content\\\/uploads\\\/2024\\\/09\\\/Captura-de-pantalla-2024-09-13-a-las-21.34.24.png?fit=674%2C696&ssl=1\",\"contentUrl\":\"https:\\\/\\\/i0.wp.com\\\/www.valenciaclimb.com\\\/wp-content\\\/uploads\\\/2024\\\/09\\\/Captura-de-pantalla-2024-09-13-a-las-21.34.24.png?fit=674%2C696&ssl=1\",\"width\":674,\"height\":696,\"caption\":\"Valencia Climb\"},\"image\":{\"@id\":\"https:\\\/\\\/www.valenciaclimb.com\\\/es\\\/#\\\/schema\\\/logo\\\/image\\\/\"},\"sameAs\":[\"https:\\\/\\\/www.facebook.com\\\/ValenciaClimb\",\"https:\\\/\\\/x.com\\\/ValenciaClimb\",\"https:\\\/\\\/www.instagram.com\\\/valenciaclimb\\\/\",\"https:\\\/\\\/www.youtube.com\\\/channel\\\/UCHSV6B-lmlpmv4RhMJ7Zv1w\"]}]}<\/script>\n<!-- \/ Yoast SEO plugin. -->","yoast_head_json":{"title":"Rock climbing in Garbi (Spain) - Boulder | Valencia Climb","robots":{"index":"index","follow":"follow","max-snippet":"max-snippet:-1","max-image-preview":"max-image-preview:large","max-video-preview":"max-video-preview:-1"},"canonical":"https:\/\/www.valenciaclimb.com\/es\/climbing-areas\/garbi\/","og_locale":"es_ES","og_type":"article","og_title":"Rock climbing in Garbi (Spain) - Boulder | Valencia Climb","og_description":"El Garb\u00ed es una monta\u00f1a situada en la parte oriental de la Serra Calderona, a poca distancia del mar, y a unos 30 kil\u00f3metros de la ciudad de Valencia. Sus faldas y laderas est\u00e1n cubiertas de formaciones de arenisca rojiza y podemos encontrar bloques de muy buena calidad. Hay que prestar especial atenci\u00f3n a las [&hellip;]","og_url":"https:\/\/www.valenciaclimb.com\/es\/climbing-areas\/garbi\/","og_site_name":"Valencia Climb","article_publisher":"https:\/\/www.facebook.com\/ValenciaClimb","article_modified_time":"2020-05-10T09:29:50+00:00","og_image":[{"width":1200,"height":800,"url":"https:\/\/i1.wp.com\/www.valenciaclimb.com\/wp-content\/uploads\/2019\/05\/area-garbi-1.jpg?fit=1200%2C800&ssl=1","type":"image\/jpeg"}],"twitter_card":"summary_large_image","twitter_site":"@ValenciaClimb","twitter_misc":{"Tiempo de lectura":"1 minuto"},"schema":{"@context":"https:\/\/schema.org","@graph":[{"@type":"WebPage","@id":"https:\/\/www.valenciaclimb.com\/es\/climbing-areas\/garbi\/","url":"https:\/\/www.valenciaclimb.com\/es\/climbing-areas\/garbi\/","name":"Rock climbing in Garbi (Spain) - Boulder | Valencia Climb","isPartOf":{"@id":"https:\/\/www.valenciaclimb.com\/es\/#website"},"primaryImageOfPage":{"@id":"https:\/\/www.valenciaclimb.com\/es\/climbing-areas\/garbi\/#primaryimage"},"image":{"@id":"https:\/\/www.valenciaclimb.com\/climbing-areas\/garbi\/#primaryimage"},"thumbnailUrl":"https:\/\/i0.wp.com\/www.valenciaclimb.com\/wp-content\/uploads\/2019\/05\/area-garbi-1.jpg?fit=1200%2C800&ssl=1","datePublished":"2019-05-14T16:59:31+00:00","dateModified":"2020-05-10T09:29:50+00:00","breadcrumb":{"@id":"https:\/\/www.valenciaclimb.com\/es\/climbing-areas\/garbi\/#breadcrumb"},"inLanguage":"es","potentialAction":[{"@type":"ReadAction","target":[["https:\/\/www.valenciaclimb.com\/es\/climbing-areas\/garbi\/"]]}]},{"@type":"ImageObject","inLanguage":"es","@id":"https:\/\/www.valenciaclimb.com\/es\/climbing-areas\/garbi\/#primaryimage","url":"https:\/\/i0.wp.com\/www.valenciaclimb.com\/wp-content\/uploads\/2019\/05\/area-garbi-1.jpg?fit=1200%2C800&ssl=1","contentUrl":"https:\/\/i0.wp.com\/www.valenciaclimb.com\/wp-content\/uploads\/2019\/05\/area-garbi-1.jpg?fit=1200%2C800&ssl=1","width":1200,"height":800},{"@type":"BreadcrumbList","@id":"https:\/\/www.valenciaclimb.com\/es\/climbing-areas\/garbi\/#breadcrumb","itemListElement":[{"@type":"ListItem","position":1,"name":"Home","item":"https:\/\/www.valenciaclimb.com\/es\/"},{"@type":"ListItem","position":2,"name":"Climbing areas","item":"https:\/\/www.valenciaclimb.com\/es\/climbing-areas\/"},{"@type":"ListItem","position":3,"name":"Garbi"}]},{"@type":"WebSite","@id":"https:\/\/www.valenciaclimb.com\/es\/#website","url":"https:\/\/www.valenciaclimb.com\/es\/","name":"Valencia Climb","description":"[:en]Rock climbing guides in Valencia, Spain[:es]Gu\u00edas de escalada en roca en Valencia, Espa\u00f1a[:]","publisher":{"@id":"https:\/\/www.valenciaclimb.com\/es\/#organization"},"potentialAction":[{"@type":"SearchAction","target":{"@type":"EntryPoint","urlTemplate":"https:\/\/www.valenciaclimb.com\/es\/?s={search_term_string}"},"query-input":{"@type":"PropertyValueSpecification","valueRequired":true,"valueName":"search_term_string"}}],"inLanguage":"es"},{"@type":"Organization","@id":"https:\/\/www.valenciaclimb.com\/es\/#organization","name":"Valencia Climb","url":"https:\/\/www.valenciaclimb.com\/es\/","logo":{"@type":"ImageObject","inLanguage":"es","@id":"https:\/\/www.valenciaclimb.com\/es\/#\/schema\/logo\/image\/","url":"https:\/\/i0.wp.com\/www.valenciaclimb.com\/wp-content\/uploads\/2024\/09\/Captura-de-pantalla-2024-09-13-a-las-21.34.24.png?fit=674%2C696&ssl=1","contentUrl":"https:\/\/i0.wp.com\/www.valenciaclimb.com\/wp-content\/uploads\/2024\/09\/Captura-de-pantalla-2024-09-13-a-las-21.34.24.png?fit=674%2C696&ssl=1","width":674,"height":696,"caption":"Valencia Climb"},"image":{"@id":"https:\/\/www.valenciaclimb.com\/es\/#\/schema\/logo\/image\/"},"sameAs":["https:\/\/www.facebook.com\/ValenciaClimb","https:\/\/x.com\/ValenciaClimb","https:\/\/www.instagram.com\/valenciaclimb\/","https:\/\/www.youtube.com\/channel\/UCHSV6B-lmlpmv4RhMJ7Zv1w"]}]}},"jetpack_sharing_enabled":true,"jetpack_shortlink":"https:\/\/wp.me\/P4fMb6-wm","_links":{"self":[{"href":"https:\/\/www.valenciaclimb.com\/es\/wp-json\/wp\/v2\/pages\/2006","targetHints":{"allow":["GET"]}}],"collection":[{"href":"https:\/\/www.valenciaclimb.com\/es\/wp-json\/wp\/v2\/pages"}],"about":[{"href":"https:\/\/www.valenciaclimb.com\/es\/wp-json\/wp\/v2\/types\/page"}],"author":[{"embeddable":true,"href":"https:\/\/www.valenciaclimb.com\/es\/wp-json\/wp\/v2\/users\/1"}],"replies":[{"embeddable":true,"href":"https:\/\/www.valenciaclimb.com\/es\/wp-json\/wp\/v2\/comments?post=2006"}],"version-history":[{"count":11,"href":"https:\/\/www.valenciaclimb.com\/es\/wp-json\/wp\/v2\/pages\/2006\/revisions"}],"predecessor-version":[{"id":8192,"href":"https:\/\/www.valenciaclimb.com\/es\/wp-json\/wp\/v2\/pages\/2006\/revisions\/8192"}],"up":[{"embeddable":true,"href":"https:\/\/www.valenciaclimb.com\/es\/wp-json\/wp\/v2\/pages\/20"}],"wp:featuredmedia":[{"embeddable":true,"href":"https:\/\/www.valenciaclimb.com\/es\/wp-json\/wp\/v2\/media\/2007"}],"wp:attachment":[{"href":"https:\/\/www.valenciaclimb.com\/es\/wp-json\/wp\/v2\/media?parent=2006"}],"curies":[{"name":"wp","href":"https:\/\/api.w.org\/{rel}","templated":true}]}}