{"id":127,"date":"2018-06-26T16:39:47","date_gmt":"2018-06-26T16:39:47","guid":{"rendered":"http:\/\/valenciaclimb.com\/?page_id=127"},"modified":"2023-02-04T04:38:08","modified_gmt":"2023-02-04T02:38:08","slug":"gandia","status":"publish","type":"page","link":"https:\/\/www.valenciaclimb.com\/es\/zonas-escalada\/gandia\/","title":{"rendered":"Gandia"},"content":{"rendered":"Eric escalando una v\u00eda desplomada en el Bovedos (Gandia).\" data-image-description=\"&lt;p&gt;Eric escalando una v\u00eda desplomada en el Bovedos (Gandia).&lt;\/p&gt;\n\" data-image-caption=\"&lt;p&gt;Eric escalando una v\u00eda desplomada en el Bovedos (Gandia).&lt;\/p&gt;\n\" data-large-file=\"https:\/\/i0.wp.com\/www.valenciaclimb.com\/wp-content\/uploads\/2018\/07\/area-bovedon-5.jpg?fit=683%2C1024&amp;ssl=1\" \/><\/a><\/div>\n          <h2 class=\"woocommerce-loop-product__title\">Bovedon<\/h2>\n          <p><\/p>\n          <span class=\"price\"><\/span>\n        <\/a>\n      <\/li>\n           \n            <li class=\"product product_cat-trips \">\n        <a href=\"https:\/\/www.valenciaclimb.com\/es\/zonas-escalada\/gandia\/marxuquera\/\">\n          <div class=\"thumbnail-image\"><a href=\"https:\/\/www.valenciaclimb.com\/es\/zonas-escalada\/gandia\/marxuquera\/\" title=\"Marxuquera\"><img data-recalc-dims=\"1\" loading=\"lazy\" decoding=\"async\" width=\"1400\" height=\"2100\" src=\"https:\/\/i0.wp.com\/www.valenciaclimb.com\/wp-content\/uploads\/2018\/07\/area-marxuquera-7.jpg?resize=1400%2C2100&#038;ssl=1\" class=\"attachment-post-thumbnail size-post-thumbnail wp-post-image\" alt=\"Nacho escalando Patatas a lo pobre (7b) en el sector Hidr\u00e0ulics (Marxuquera, Gandia)\" srcset=\"https:\/\/i0.wp.com\/www.valenciaclimb.com\/wp-content\/uploads\/2018\/07\/area-marxuquera-7.jpg?w=1400&amp;ssl=1 1400w, https:\/\/i0.wp.com\/www.valenciaclimb.com\/wp-content\/uploads\/2018\/07\/area-marxuquera-7.jpg?resize=200%2C300&amp;ssl=1 200w, https:\/\/i0.wp.com\/www.valenciaclimb.com\/wp-content\/uploads\/2018\/07\/area-marxuquera-7.jpg?resize=768%2C1152&amp;ssl=1 768w, https:\/\/i0.wp.com\/www.valenciaclimb.com\/wp-content\/uploads\/2018\/07\/area-marxuquera-7.jpg?resize=683%2C1024&amp;ssl=1 683w, https:\/\/i0.wp.com\/www.valenciaclimb.com\/wp-content\/uploads\/2018\/07\/area-marxuquera-7.jpg?resize=525%2C788&amp;ssl=1 525w, https:\/\/i0.wp.com\/www.valenciaclimb.com\/wp-content\/uploads\/2018\/07\/area-marxuquera-7.jpg?resize=600%2C900&amp;ssl=1 600w\" sizes=\"auto, (max-width: 1400px) 100vw, 1400px\" data-attachment-id=\"452\" data-permalink=\"https:\/\/www.valenciaclimb.com\/es\/ignacio-botella-climbing-patatas-a-lo-pobre-7b-in-hidraulics-marxuquera-gandia\/\" data-orig-file=\"https:\/\/i0.wp.com\/www.valenciaclimb.com\/wp-content\/uploads\/2018\/07\/area-marxuquera-7.jpg?fit=1400%2C2100&amp;ssl=1\" data-orig-size=\"1400,2100\" data-comments-opened=\"0\" data-image-meta=\"{&quot;aperture&quot;:&quot;6.3&quot;,&quot;credit&quot;:&quot;Pablo Benedito&quot;,&quot;camera&quot;:&quot;Canon EOS 6D&quot;,&quot;caption&quot;:&quot;Ignacio Botella climbing Patatas a lo pobre 7b, in Hidraulics (Marxuquera - Gandia).&quot;,&quot;created_timestamp&quot;:&quot;1447537186&quot;,&quot;copyright&quot;:&quot;Photo by Pablo Benedito&quot;,&quot;focal_length&quot;:&quot;17&quot;,&quot;iso&quot;:&quot;100&quot;,&quot;shutter_speed&quot;:&quot;0.008&quot;,&quot;title&quot;:&quot;Ignacio Botella climbing Patatas a lo pobre 7b, in Hidraulics (Marxuquera - Gandia).&quot;,&quot;orientation&quot;:&quot;0&quot;}\" data-image-title=\"Nacho escalando Patatas a lo pobre (7b) en el sector Hidr\u00e0ulics (Marxuquera, Gandia)\" data-image-description=\"&lt;p&gt;Nacho escalando Patatas a lo pobre (7b) en el sector Hidr\u00e0ulics (Marxuquera, Gandia)&lt;\/p&gt;\n\" data-image-caption=\"&lt;p&gt;Nacho escalando Patatas a lo pobre (7b) en el sector Hidr\u00e0ulics (Marxuquera, Gandia)&lt;\/p&gt;\n\" data-large-file=\"https:\/\/i0.wp.com\/www.valenciaclimb.com\/wp-content\/uploads\/2018\/07\/area-marxuquera-7.jpg?fit=683%2C1024&amp;ssl=1\" \/><\/a><\/div>\n          <h2 class=\"woocommerce-loop-product__title\">Marxuquera<\/h2>\n          <p><\/p>\n          <span class=\"price\"><\/span>\n        <\/a>\n      <\/li>\n            <\/ul>\n  <\/div>\n\t\n<p>The most impressive thing of Bovedon is a huge cave where most of the routes are very overhanged and demanding. The routes that cross the cave have very physical moves and forearm endurance is a key factor. Some routes are even considered the most difficult in the province of Valencia. There are some easier routes on the sides of the cave, but in general the difficulty level is quite high. Here the climbing is possible almost all year, except for the hottest months of summer, where the mix of high temperatures and humidity make bad grip conditions. Recently, two new sectors have been bolted, called Bovedin and Bovedos, which can be accessed by following the Bovedon approach path. The first is a wall with about fifty vertical routes between the sixth and seventh grades and the second is a overhanged cave where there are very physical routes between the seventh and eighth grades. These sectors have privileged views of the valley and the orange groves, which will make us enjoy climbing even more.<\/p>\n<p>In Tavernes de la Valldigna, very close to Gand\u00eda there is a via ferrata (Les Marujes). The Polytechnic University of Valencia (UPV), located close to the beach of Gandia, has a small indoor climbing wall for the practice of boulder. Apart from climbing you can do all kinds of outdoor activities. The highest mountain is the Monduver and you can make an excursion to the summit from where you can enjoy wonderful views. You can also hike in the nature or ride the bicycle. The sea offers all kinds of water activities such as sailing, kayaking or diving. On the beach there is even a surf school!Gand\u00eda es una ciudad costera situada a unos 70 kil\u00f3metros de Valencia.Se trata de la segunda ciudad m\u00e1s poblada de la provincia y cuenta con todo tipo de servicios. Es conocida principalmente por sus playas, aunque en sus monta\u00f1as podemos encontrar unas buenas paredes que nos ofrecen unas de las mejores zonas de escalada deportiva cercanas a Valencia. Esto es as\u00ed debido a su buen clima y ubicaci\u00f3n, contando con dos \u00e1reas diferentes:<\/p>\n  <div class=\"woocommerce\">\n  <ul class=\"products columns-3\">\n         \n            <li class=\"product product_cat-trips first \">\n        <a href=\"https:\/\/www.valenciaclimb.com\/es\/zonas-escalada\/gandia\/bovedon\/\">\n          <div class=\"thumbnail-image\"><a href=\"https:\/\/www.valenciaclimb.com\/es\/zonas-escalada\/gandia\/bovedon\/\" title=\"Bovedon\"><img data-recalc-dims=\"1\" loading=\"lazy\" decoding=\"async\" width=\"1400\" height=\"2100\" src=\"https:\/\/i0.wp.com\/www.valenciaclimb.com\/wp-content\/uploads\/2018\/07\/area-bovedon-5.jpg?resize=1400%2C2100&#038;ssl=1\" class=\"attachment-post-thumbnail size-post-thumbnail wp-post-image\" alt=\"Eric escalando una v\u00eda desplomada en el Bovedos (Gandia).\" srcset=\"https:\/\/i0.wp.com\/www.valenciaclimb.com\/wp-content\/uploads\/2018\/07\/area-bovedon-5.jpg?w=1400&amp;ssl=1 1400w, https:\/\/i0.wp.com\/www.valenciaclimb.com\/wp-content\/uploads\/2018\/07\/area-bovedon-5.jpg?resize=200%2C300&amp;ssl=1 200w, https:\/\/i0.wp.com\/www.valenciaclimb.com\/wp-content\/uploads\/2018\/07\/area-bovedon-5.jpg?resize=768%2C1152&amp;ssl=1 768w, https:\/\/i0.wp.com\/www.valenciaclimb.com\/wp-content\/uploads\/2018\/07\/area-bovedon-5.jpg?resize=683%2C1024&amp;ssl=1 683w, https:\/\/i0.wp.com\/www.valenciaclimb.com\/wp-content\/uploads\/2018\/07\/area-bovedon-5.jpg?resize=525%2C788&amp;ssl=1 525w, https:\/\/i0.wp.com\/www.valenciaclimb.com\/wp-content\/uploads\/2018\/07\/area-bovedon-5.jpg?resize=600%2C900&amp;ssl=1 600w\" sizes=\"auto, (max-width: 1400px) 100vw, 1400px\" data-attachment-id=\"444\" data-permalink=\"https:\/\/www.valenciaclimb.com\/es\/area-bovedon-5\/\" data-orig-file=\"https:\/\/i0.wp.com\/www.valenciaclimb.com\/wp-content\/uploads\/2018\/07\/area-bovedon-5.jpg?fit=1400%2C2100&amp;ssl=1\" data-orig-size=\"1400,2100\" data-comments-opened=\"0\" data-image-meta=\"{&quot;aperture&quot;:&quot;4&quot;,&quot;credit&quot;:&quot;&quot;,&quot;camera&quot;:&quot;Canon EOS 7D&quot;,&quot;caption&quot;:&quot;&quot;,&quot;created_timestamp&quot;:&quot;1414937428&quot;,&quot;copyright&quot;:&quot;&quot;,&quot;focal_length&quot;:&quot;23&quot;,&quot;iso&quot;:&quot;100&quot;,&quot;shutter_speed&quot;:&quot;0.004&quot;,&quot;title&quot;:&quot;&quot;,&quot;orientation&quot;:&quot;0&quot;}\" data-image-title=\"Eric escalando una v\u00eda desplomada en el Bovedos (Gandia).\" data-image-description=\"&lt;p&gt;Eric escalando una v\u00eda desplomada en el Bovedos (Gandia).&lt;\/p&gt;\n\" data-image-caption=\"&lt;p&gt;Eric escalando una v\u00eda desplomada en el Bovedos (Gandia).&lt;\/p&gt;\n\" data-large-file=\"https:\/\/i0.wp.com\/www.valenciaclimb.com\/wp-content\/uploads\/2018\/07\/area-bovedon-5.jpg?fit=683%2C1024&amp;ssl=1\" \/><\/a><\/div>\n          <h2 class=\"woocommerce-loop-product__title\">Bovedon<\/h2>\n          <p><\/p>\n          <span class=\"price\"><\/span>\n        <\/a>\n      <\/li>\n           \n            <li class=\"product product_cat-trips \">\n        <a href=\"https:\/\/www.valenciaclimb.com\/es\/zonas-escalada\/gandia\/marxuquera\/\">\n          <div class=\"thumbnail-image\"><a href=\"https:\/\/www.valenciaclimb.com\/es\/zonas-escalada\/gandia\/marxuquera\/\" title=\"Marxuquera\"><img data-recalc-dims=\"1\" loading=\"lazy\" decoding=\"async\" width=\"1400\" height=\"2100\" src=\"https:\/\/i0.wp.com\/www.valenciaclimb.com\/wp-content\/uploads\/2018\/07\/area-marxuquera-7.jpg?resize=1400%2C2100&#038;ssl=1\" class=\"attachment-post-thumbnail size-post-thumbnail wp-post-image\" alt=\"Nacho escalando Patatas a lo pobre (7b) en el sector Hidr\u00e0ulics (Marxuquera, Gandia)\" srcset=\"https:\/\/i0.wp.com\/www.valenciaclimb.com\/wp-content\/uploads\/2018\/07\/area-marxuquera-7.jpg?w=1400&amp;ssl=1 1400w, https:\/\/i0.wp.com\/www.valenciaclimb.com\/wp-content\/uploads\/2018\/07\/area-marxuquera-7.jpg?resize=200%2C300&amp;ssl=1 200w, https:\/\/i0.wp.com\/www.valenciaclimb.com\/wp-content\/uploads\/2018\/07\/area-marxuquera-7.jpg?resize=768%2C1152&amp;ssl=1 768w, https:\/\/i0.wp.com\/www.valenciaclimb.com\/wp-content\/uploads\/2018\/07\/area-marxuquera-7.jpg?resize=683%2C1024&amp;ssl=1 683w, https:\/\/i0.wp.com\/www.valenciaclimb.com\/wp-content\/uploads\/2018\/07\/area-marxuquera-7.jpg?resize=525%2C788&amp;ssl=1 525w, https:\/\/i0.wp.com\/www.valenciaclimb.com\/wp-content\/uploads\/2018\/07\/area-marxuquera-7.jpg?resize=600%2C900&amp;ssl=1 600w\" sizes=\"auto, (max-width: 1400px) 100vw, 1400px\" data-attachment-id=\"452\" data-permalink=\"https:\/\/www.valenciaclimb.com\/es\/ignacio-botella-climbing-patatas-a-lo-pobre-7b-in-hidraulics-marxuquera-gandia\/\" data-orig-file=\"https:\/\/i0.wp.com\/www.valenciaclimb.com\/wp-content\/uploads\/2018\/07\/area-marxuquera-7.jpg?fit=1400%2C2100&amp;ssl=1\" data-orig-size=\"1400,2100\" data-comments-opened=\"0\" data-image-meta=\"{&quot;aperture&quot;:&quot;6.3&quot;,&quot;credit&quot;:&quot;Pablo Benedito&quot;,&quot;camera&quot;:&quot;Canon EOS 6D&quot;,&quot;caption&quot;:&quot;Ignacio Botella climbing Patatas a lo pobre 7b, in Hidraulics (Marxuquera - Gandia).&quot;,&quot;created_timestamp&quot;:&quot;1447537186&quot;,&quot;copyright&quot;:&quot;Photo by Pablo Benedito&quot;,&quot;focal_length&quot;:&quot;17&quot;,&quot;iso&quot;:&quot;100&quot;,&quot;shutter_speed&quot;:&quot;0.008&quot;,&quot;title&quot;:&quot;Ignacio Botella climbing Patatas a lo pobre 7b, in Hidraulics (Marxuquera - Gandia).&quot;,&quot;orientation&quot;:&quot;0&quot;}\" data-image-title=\"Nacho escalando Patatas a lo pobre (7b) en el sector Hidr\u00e0ulics (Marxuquera, Gandia)\" data-image-description=\"&lt;p&gt;Nacho escalando Patatas a lo pobre (7b) en el sector Hidr\u00e0ulics (Marxuquera, Gandia)&lt;\/p&gt;\n\" data-image-caption=\"&lt;p&gt;Nacho escalando Patatas a lo pobre (7b) en el sector Hidr\u00e0ulics (Marxuquera, Gandia)&lt;\/p&gt;\n\" data-large-file=\"https:\/\/i0.wp.com\/www.valenciaclimb.com\/wp-content\/uploads\/2018\/07\/area-marxuquera-7.jpg?fit=683%2C1024&amp;ssl=1\" \/><\/a><\/div>\n          <h2 class=\"woocommerce-loop-product__title\">Marxuquera<\/h2>\n          <p><\/p>\n          <span class=\"price\"><\/span>\n        <\/a>\n      <\/li>\n            <\/ul>\n  <\/div>","protected":false},"excerpt":{"rendered":"<p>Gand\u00eda es una ciudad costera situada a unos 70 kil\u00f3metros de Valencia.Se trata de la segunda ciudad m\u00e1s poblada de la provincia y cuenta con todo tipo de servicios. Es conocida principalmente por sus playas, aunque en sus monta\u00f1as podemos encontrar unas buenas paredes que nos ofrecen unas de las mejores zonas de escalada deportiva [&hellip;]<\/p>\n","protected":false},"author":1,"featured_media":130,"parent":20,"menu_order":0,"comment_status":"closed","ping_status":"closed","template":"","meta":{"_joinchat":[],"footnotes":""},"class_list":["post-127","page","type-page","status-publish","has-post-thumbnail","hentry"],"yoast_head":"<!-- This site is optimized with the Yoast SEO plugin v27.4 - https:\/\/yoast.com\/product\/yoast-seo-wordpress\/ -->\n<title>Escalada en Gandia (Espa\u00f1a) - V\u00edas y croquis | Valencia Climb<\/title>\n<meta name=\"robots\" content=\"index, follow, max-snippet:-1, max-image-preview:large, max-video-preview:-1\" \/>\n<link rel=\"canonical\" href=\"https:\/\/www.valenciaclimb.com\/es\/climbing-areas\/gandia\/\" \/>\n<meta property=\"og:locale\" content=\"es_ES\" \/>\n<meta property=\"og:type\" content=\"article\" \/>\n<meta property=\"og:title\" content=\"Escalada en Gandia (Espa\u00f1a) - V\u00edas y croquis | Valencia Climb\" \/>\n<meta property=\"og:description\" content=\"Gand\u00eda es una ciudad costera situada a unos 70 kil\u00f3metros de Valencia.Se trata de la segunda ciudad m\u00e1s poblada de la provincia y cuenta con todo tipo de servicios. Es conocida principalmente por sus playas, aunque en sus monta\u00f1as podemos encontrar unas buenas paredes que nos ofrecen unas de las mejores zonas de escalada deportiva [&hellip;]\" \/>\n<meta property=\"og:url\" content=\"https:\/\/www.valenciaclimb.com\/es\/climbing-areas\/gandia\/\" \/>\n<meta property=\"og:site_name\" content=\"Valencia Climb\" \/>\n<meta property=\"article:publisher\" content=\"https:\/\/www.facebook.com\/ValenciaClimb\" \/>\n<meta property=\"article:modified_time\" content=\"2023-02-04T02:38:08+00:00\" \/>\n<meta property=\"og:image\" content=\"https:\/\/www.valenciaclimb.com\/wp-content\/uploads\/2018\/06\/area-marxuquera-1.jpg\" \/>\n\t<meta property=\"og:image:width\" content=\"2048\" \/>\n\t<meta property=\"og:image:height\" content=\"1365\" \/>\n\t<meta property=\"og:image:type\" content=\"image\/jpeg\" \/>\n<meta name=\"twitter:card\" content=\"summary_large_image\" \/>\n<meta name=\"twitter:site\" content=\"@ValenciaClimb\" \/>\n<meta name=\"twitter:label1\" content=\"Tiempo de lectura\" \/>\n\t<meta name=\"twitter:data1\" content=\"1 minuto\" \/>\n<script type=\"application\/ld+json\" class=\"yoast-schema-graph\">{\"@context\":\"https:\\\/\\\/schema.org\",\"@graph\":[{\"@type\":\"WebPage\",\"@id\":\"https:\\\/\\\/www.valenciaclimb.com\\\/es\\\/climbing-areas\\\/gandia\\\/\",\"url\":\"https:\\\/\\\/www.valenciaclimb.com\\\/es\\\/climbing-areas\\\/gandia\\\/\",\"name\":\"Escalada en Gandia (Espa\u00f1a) - V\u00edas y croquis | Valencia Climb\",\"isPartOf\":{\"@id\":\"https:\\\/\\\/www.valenciaclimb.com\\\/es\\\/#website\"},\"primaryImageOfPage\":{\"@id\":\"https:\\\/\\\/www.valenciaclimb.com\\\/es\\\/climbing-areas\\\/gandia\\\/#primaryimage\"},\"image\":{\"@id\":\"https:\\\/\\\/www.valenciaclimb.com\\\/climbing-areas\\\/gandia\\\/#primaryimage\"},\"thumbnailUrl\":\"https:\\\/\\\/i0.wp.com\\\/www.valenciaclimb.com\\\/wp-content\\\/uploads\\\/2018\\\/06\\\/area-marxuquera-1.jpg?fit=2048%2C1365&ssl=1\",\"datePublished\":\"2018-06-26T16:39:47+00:00\",\"dateModified\":\"2023-02-04T02:38:08+00:00\",\"breadcrumb\":{\"@id\":\"https:\\\/\\\/www.valenciaclimb.com\\\/es\\\/climbing-areas\\\/gandia\\\/#breadcrumb\"},\"inLanguage\":\"es\",\"potentialAction\":[{\"@type\":\"ReadAction\",\"target\":[[\"https:\\\/\\\/www.valenciaclimb.com\\\/es\\\/climbing-areas\\\/gandia\\\/\"]]}]},{\"@type\":\"ImageObject\",\"inLanguage\":\"es\",\"@id\":\"https:\\\/\\\/www.valenciaclimb.com\\\/es\\\/climbing-areas\\\/gandia\\\/#primaryimage\",\"url\":\"https:\\\/\\\/i0.wp.com\\\/www.valenciaclimb.com\\\/wp-content\\\/uploads\\\/2018\\\/06\\\/area-marxuquera-1.jpg?fit=2048%2C1365&ssl=1\",\"contentUrl\":\"https:\\\/\\\/i0.wp.com\\\/www.valenciaclimb.com\\\/wp-content\\\/uploads\\\/2018\\\/06\\\/area-marxuquera-1.jpg?fit=2048%2C1365&ssl=1\",\"width\":2048,\"height\":1365},{\"@type\":\"BreadcrumbList\",\"@id\":\"https:\\\/\\\/www.valenciaclimb.com\\\/es\\\/climbing-areas\\\/gandia\\\/#breadcrumb\",\"itemListElement\":[{\"@type\":\"ListItem\",\"position\":1,\"name\":\"Home\",\"item\":\"https:\\\/\\\/www.valenciaclimb.com\\\/es\\\/\"},{\"@type\":\"ListItem\",\"position\":2,\"name\":\"Climbing areas\",\"item\":\"https:\\\/\\\/www.valenciaclimb.com\\\/es\\\/climbing-areas\\\/\"},{\"@type\":\"ListItem\",\"position\":3,\"name\":\"Gandia\"}]},{\"@type\":\"WebSite\",\"@id\":\"https:\\\/\\\/www.valenciaclimb.com\\\/es\\\/#website\",\"url\":\"https:\\\/\\\/www.valenciaclimb.com\\\/es\\\/\",\"name\":\"Valencia Climb\",\"description\":\"[:en]Rock climbing guides in Valencia, Spain[:es]Gu\u00edas de escalada en roca en Valencia, Espa\u00f1a[:]\",\"publisher\":{\"@id\":\"https:\\\/\\\/www.valenciaclimb.com\\\/es\\\/#organization\"},\"potentialAction\":[{\"@type\":\"SearchAction\",\"target\":{\"@type\":\"EntryPoint\",\"urlTemplate\":\"https:\\\/\\\/www.valenciaclimb.com\\\/es\\\/?s={search_term_string}\"},\"query-input\":{\"@type\":\"PropertyValueSpecification\",\"valueRequired\":true,\"valueName\":\"search_term_string\"}}],\"inLanguage\":\"es\"},{\"@type\":\"Organization\",\"@id\":\"https:\\\/\\\/www.valenciaclimb.com\\\/es\\\/#organization\",\"name\":\"Valencia Climb\",\"url\":\"https:\\\/\\\/www.valenciaclimb.com\\\/es\\\/\",\"logo\":{\"@type\":\"ImageObject\",\"inLanguage\":\"es\",\"@id\":\"https:\\\/\\\/www.valenciaclimb.com\\\/es\\\/#\\\/schema\\\/logo\\\/image\\\/\",\"url\":\"https:\\\/\\\/i0.wp.com\\\/www.valenciaclimb.com\\\/wp-content\\\/uploads\\\/2024\\\/09\\\/Captura-de-pantalla-2024-09-13-a-las-21.34.24.png?fit=674%2C696&ssl=1\",\"contentUrl\":\"https:\\\/\\\/i0.wp.com\\\/www.valenciaclimb.com\\\/wp-content\\\/uploads\\\/2024\\\/09\\\/Captura-de-pantalla-2024-09-13-a-las-21.34.24.png?fit=674%2C696&ssl=1\",\"width\":674,\"height\":696,\"caption\":\"Valencia Climb\"},\"image\":{\"@id\":\"https:\\\/\\\/www.valenciaclimb.com\\\/es\\\/#\\\/schema\\\/logo\\\/image\\\/\"},\"sameAs\":[\"https:\\\/\\\/www.facebook.com\\\/ValenciaClimb\",\"https:\\\/\\\/x.com\\\/ValenciaClimb\",\"https:\\\/\\\/www.instagram.com\\\/valenciaclimb\\\/\",\"https:\\\/\\\/www.youtube.com\\\/channel\\\/UCHSV6B-lmlpmv4RhMJ7Zv1w\"]}]}<\/script>\n<!-- \/ Yoast SEO plugin. -->","yoast_head_json":{"title":"Escalada en Gandia (Espa\u00f1a) - V\u00edas y croquis | Valencia Climb","robots":{"index":"index","follow":"follow","max-snippet":"max-snippet:-1","max-image-preview":"max-image-preview:large","max-video-preview":"max-video-preview:-1"},"canonical":"https:\/\/www.valenciaclimb.com\/es\/climbing-areas\/gandia\/","og_locale":"es_ES","og_type":"article","og_title":"Escalada en Gandia (Espa\u00f1a) - V\u00edas y croquis | Valencia Climb","og_description":"Gand\u00eda es una ciudad costera situada a unos 70 kil\u00f3metros de Valencia.Se trata de la segunda ciudad m\u00e1s poblada de la provincia y cuenta con todo tipo de servicios. Es conocida principalmente por sus playas, aunque en sus monta\u00f1as podemos encontrar unas buenas paredes que nos ofrecen unas de las mejores zonas de escalada deportiva [&hellip;]","og_url":"https:\/\/www.valenciaclimb.com\/es\/climbing-areas\/gandia\/","og_site_name":"Valencia Climb","article_publisher":"https:\/\/www.facebook.com\/ValenciaClimb","article_modified_time":"2023-02-04T02:38:08+00:00","og_image":[{"width":2048,"height":1365,"url":"https:\/\/www.valenciaclimb.com\/wp-content\/uploads\/2018\/06\/area-marxuquera-1.jpg","type":"image\/jpeg"}],"twitter_card":"summary_large_image","twitter_site":"@ValenciaClimb","twitter_misc":{"Tiempo de lectura":"1 minuto"},"schema":{"@context":"https:\/\/schema.org","@graph":[{"@type":"WebPage","@id":"https:\/\/www.valenciaclimb.com\/es\/climbing-areas\/gandia\/","url":"https:\/\/www.valenciaclimb.com\/es\/climbing-areas\/gandia\/","name":"Escalada en Gandia (Espa\u00f1a) - V\u00edas y croquis | Valencia Climb","isPartOf":{"@id":"https:\/\/www.valenciaclimb.com\/es\/#website"},"primaryImageOfPage":{"@id":"https:\/\/www.valenciaclimb.com\/es\/climbing-areas\/gandia\/#primaryimage"},"image":{"@id":"https:\/\/www.valenciaclimb.com\/climbing-areas\/gandia\/#primaryimage"},"thumbnailUrl":"https:\/\/i0.wp.com\/www.valenciaclimb.com\/wp-content\/uploads\/2018\/06\/area-marxuquera-1.jpg?fit=2048%2C1365&ssl=1","datePublished":"2018-06-26T16:39:47+00:00","dateModified":"2023-02-04T02:38:08+00:00","breadcrumb":{"@id":"https:\/\/www.valenciaclimb.com\/es\/climbing-areas\/gandia\/#breadcrumb"},"inLanguage":"es","potentialAction":[{"@type":"ReadAction","target":[["https:\/\/www.valenciaclimb.com\/es\/climbing-areas\/gandia\/"]]}]},{"@type":"ImageObject","inLanguage":"es","@id":"https:\/\/www.valenciaclimb.com\/es\/climbing-areas\/gandia\/#primaryimage","url":"https:\/\/i0.wp.com\/www.valenciaclimb.com\/wp-content\/uploads\/2018\/06\/area-marxuquera-1.jpg?fit=2048%2C1365&ssl=1","contentUrl":"https:\/\/i0.wp.com\/www.valenciaclimb.com\/wp-content\/uploads\/2018\/06\/area-marxuquera-1.jpg?fit=2048%2C1365&ssl=1","width":2048,"height":1365},{"@type":"BreadcrumbList","@id":"https:\/\/www.valenciaclimb.com\/es\/climbing-areas\/gandia\/#breadcrumb","itemListElement":[{"@type":"ListItem","position":1,"name":"Home","item":"https:\/\/www.valenciaclimb.com\/es\/"},{"@type":"ListItem","position":2,"name":"Climbing areas","item":"https:\/\/www.valenciaclimb.com\/es\/climbing-areas\/"},{"@type":"ListItem","position":3,"name":"Gandia"}]},{"@type":"WebSite","@id":"https:\/\/www.valenciaclimb.com\/es\/#website","url":"https:\/\/www.valenciaclimb.com\/es\/","name":"Valencia Climb","description":"[:en]Rock climbing guides in Valencia, Spain[:es]Gu\u00edas de escalada en roca en Valencia, Espa\u00f1a[:]","publisher":{"@id":"https:\/\/www.valenciaclimb.com\/es\/#organization"},"potentialAction":[{"@type":"SearchAction","target":{"@type":"EntryPoint","urlTemplate":"https:\/\/www.valenciaclimb.com\/es\/?s={search_term_string}"},"query-input":{"@type":"PropertyValueSpecification","valueRequired":true,"valueName":"search_term_string"}}],"inLanguage":"es"},{"@type":"Organization","@id":"https:\/\/www.valenciaclimb.com\/es\/#organization","name":"Valencia Climb","url":"https:\/\/www.valenciaclimb.com\/es\/","logo":{"@type":"ImageObject","inLanguage":"es","@id":"https:\/\/www.valenciaclimb.com\/es\/#\/schema\/logo\/image\/","url":"https:\/\/i0.wp.com\/www.valenciaclimb.com\/wp-content\/uploads\/2024\/09\/Captura-de-pantalla-2024-09-13-a-las-21.34.24.png?fit=674%2C696&ssl=1","contentUrl":"https:\/\/i0.wp.com\/www.valenciaclimb.com\/wp-content\/uploads\/2024\/09\/Captura-de-pantalla-2024-09-13-a-las-21.34.24.png?fit=674%2C696&ssl=1","width":674,"height":696,"caption":"Valencia Climb"},"image":{"@id":"https:\/\/www.valenciaclimb.com\/es\/#\/schema\/logo\/image\/"},"sameAs":["https:\/\/www.facebook.com\/ValenciaClimb","https:\/\/x.com\/ValenciaClimb","https:\/\/www.instagram.com\/valenciaclimb\/","https:\/\/www.youtube.com\/channel\/UCHSV6B-lmlpmv4RhMJ7Zv1w"]}]}},"jetpack_sharing_enabled":true,"jetpack_shortlink":"https:\/\/wp.me\/P4fMb6-23","_links":{"self":[{"href":"https:\/\/www.valenciaclimb.com\/es\/wp-json\/wp\/v2\/pages\/127","targetHints":{"allow":["GET"]}}],"collection":[{"href":"https:\/\/www.valenciaclimb.com\/es\/wp-json\/wp\/v2\/pages"}],"about":[{"href":"https:\/\/www.valenciaclimb.com\/es\/wp-json\/wp\/v2\/types\/page"}],"author":[{"embeddable":true,"href":"https:\/\/www.valenciaclimb.com\/es\/wp-json\/wp\/v2\/users\/1"}],"replies":[{"embeddable":true,"href":"https:\/\/www.valenciaclimb.com\/es\/wp-json\/wp\/v2\/comments?post=127"}],"version-history":[{"count":11,"href":"https:\/\/www.valenciaclimb.com\/es\/wp-json\/wp\/v2\/pages\/127\/revisions"}],"predecessor-version":[{"id":18828,"href":"https:\/\/www.valenciaclimb.com\/es\/wp-json\/wp\/v2\/pages\/127\/revisions\/18828"}],"up":[{"embeddable":true,"href":"https:\/\/www.valenciaclimb.com\/es\/wp-json\/wp\/v2\/pages\/20"}],"wp:featuredmedia":[{"embeddable":true,"href":"https:\/\/www.valenciaclimb.com\/es\/wp-json\/wp\/v2\/media\/130"}],"wp:attachment":[{"href":"https:\/\/www.valenciaclimb.com\/es\/wp-json\/wp\/v2\/media?parent=127"}],"curies":[{"name":"wp","href":"https:\/\/api.w.org\/{rel}","templated":true}]}}